{"id":3,"date":"2021-10-01T12:12:25","date_gmt":"2021-10-01T15:12:25","guid":{"rendered":"https:\/\/ofertasimportadas.cl\/?page_id=3"},"modified":"2025-01-14T12:09:57","modified_gmt":"2025-01-14T15:09:57","slug":"politica-de-privacidad","status":"publish","type":"page","link":"https:\/\/ofertasimportadas.cl\/index.php\/politica-de-privacidad\/","title":{"rendered":"Pol\u00edticas de Privacidad"},"content":{"rendered":"\n<h2 class=\"wp-block-heading\">Privacidad <\/h2>\n\n\n\n<p>Se les garantiza a todos y cada uno de nuestros clientes que la informaci\u00f3n entregada al momento de la compra a trav\u00e9s de nuestro sitio web, no ser\u00e1 utilizada para ning\u00fan otro efecto que, para dicha gesti\u00f3n, manejando sus antecedentes de manera confidencial acorde a lo establecido por la legislaci\u00f3n vigente.<\/p>\n\n\n\n<p>Todo individuo tiene derecho a solicitar su informaci\u00f3n, pidiendo la modificaci\u00f3n de ellos, como tambi\u00e9n la eliminaci\u00f3n de sus datos cuando estime conveniente, todo esto por medio de la utilizaci\u00f3n de nuestro formulario de registro web.<\/p>\n\n\n\n<p>En el caso de que necesitemos comunicarnos con nuestros clientes, lo haremos por medio de correo electr\u00f3nico, newsletter, ofertas especiales y anuncios de nuevos productos. Esto se har\u00e1 bajo las siguientes pol\u00edticas:<\/p>\n\n\n\n<ul class=\"wp-block-list\">\n<li>S\u00f3lo se enviar\u00e1n e-mails y newsletter a nuestros clientes, a menos que el cliente especifique que no.<\/li>\n\n\n\n<li>No se brindar\u00e1 informaci\u00f3n confidencial de nuestros clientes a terceros.<\/li>\n\n\n\n<li>El cliente podr\u00e1 actualizar sus datos cuando lo desee, por medio de nuestro formulario web.<\/li>\n\n\n\n<li>A esta informaci\u00f3n s\u00f3lo ingresara personal de servicio al cliente de Ofertasimportadas.cl, solo si es requerido y\/o necesario.<\/li>\n<\/ul>\n\n\n\n<p>Es trascendental que nuestros clientes sean los principales actores en proteger la confidencialidad de sus datos, por lo que es importante no divulgarlos, para as\u00ed evitar fraudes o alg\u00fan uso malicioso por parte de terceros.<\/p>\n\n\n\n<hr class=\"wp-block-separator has-text-color has-light-green-cyan-color has-css-opacity has-light-green-cyan-background-color has-background\"\/>\n\n\n\n<p><\/p>\n","protected":false},"excerpt":{"rendered":"<p>Privacidad Se les garantiza a todos y cada uno de nuestros clientes que la informaci\u00f3n entregada al momento de la compra a trav\u00e9s de nuestro sitio<span class=\"excerpt-hellip\"> [\u2026]<\/span><\/p>\n","protected":false},"author":1,"featured_media":0,"parent":0,"menu_order":0,"comment_status":"closed","ping_status":"open","template":"","meta":{"_joinchat":[],"footnotes":""},"class_list":["post-3","page","type-page","status-publish","hentry"],"_links":{"self":[{"href":"https:\/\/ofertasimportadas.cl\/index.php\/wp-json\/wp\/v2\/pages\/3","targetHints":{"allow":["GET"]}}],"collection":[{"href":"https:\/\/ofertasimportadas.cl\/index.php\/wp-json\/wp\/v2\/pages"}],"about":[{"href":"https:\/\/ofertasimportadas.cl\/index.php\/wp-json\/wp\/v2\/types\/page"}],"author":[{"embeddable":true,"href":"https:\/\/ofertasimportadas.cl\/index.php\/wp-json\/wp\/v2\/users\/1"}],"replies":[{"embeddable":true,"href":"https:\/\/ofertasimportadas.cl\/index.php\/wp-json\/wp\/v2\/comments?post=3"}],"version-history":[{"count":3,"href":"https:\/\/ofertasimportadas.cl\/index.php\/wp-json\/wp\/v2\/pages\/3\/revisions"}],"predecessor-version":[{"id":7965,"href":"https:\/\/ofertasimportadas.cl\/index.php\/wp-json\/wp\/v2\/pages\/3\/revisions\/7965"}],"wp:attachment":[{"href":"https:\/\/ofertasimportadas.cl\/index.php\/wp-json\/wp\/v2\/media?parent=3"}],"curies":[{"name":"wp","href":"https:\/\/api.w.org\/{rel}","templated":true}]}}