{"id":3107,"date":"2021-10-26T15:28:54","date_gmt":"2021-10-26T18:28:54","guid":{"rendered":"https:\/\/ofertasimportadas.cl\/?page_id=3107"},"modified":"2025-01-14T12:07:16","modified_gmt":"2025-01-14T15:07:16","slug":"cambios-y-devoluciones","status":"publish","type":"page","link":"https:\/\/ofertasimportadas.cl\/index.php\/cambios-y-devoluciones\/","title":{"rendered":"Cambios y Devoluciones"},"content":{"rendered":"\n<h2 class=\"wp-block-heading\"><\/h2>\n\n\n\n<p>Las compras realizadas en el Sitio gozan del beneficio de satisfacci\u00f3n garantizada. Si por alg\u00fan motivo necesitas cambiar o devolver el producto comprado, puedes hacerlo por uno de igual o mayor valor.<\/p>\n\n\n\n<p>\u00bf C\u00f3mo realizar los cambios ?<\/p>\n\n\n\n<p>Si tu compra no era lo que esperabas y quieres gestionar el cambio del producto, lo puedes hacer dentro de 10 d\u00edas desde que recibes la compra. Para esto, debes contactarnos y luego enviar el paquete a la direcci\u00f3n que te entreguemos. Los costos de env\u00edo y\/o costos asociados, en este caso, corren por cuenta del comprador. No olvides enviarnos el c\u00f3digo de seguimiento.\u00a0<\/p>\n\n\n\n<p>Una vez recibido el producto por nosotros existe un plazo m\u00e1ximo de 2 d\u00edas h\u00e1biles para responder a la solicitud de cambio, pues debes considerar que el cambio se realizar\u00e1 una vez que hayamos recepcionado el producto devuelta y corroborado el estado del mismo.&nbsp;<\/p>\n\n\n\n<p>Puedes solicitar toda la informaci\u00f3n para realizar lo antes mencionado al correo contacto.ofertasimportadas@gmail.com  o whatsapp +56983406129.<\/p>\n\n\n\n<p>Devoluciones y cancelaciones<\/p>\n\n\n\n<p>Si quieres hacer una devoluci\u00f3n, lo puedes hacer dentro de 5 d\u00edas desde que recibes la compra y para esto debes enviar el producto a la direcci\u00f3n que entregaremos al momento que te contactes con nosotros ( correo contacto.ofertasimportadas@gmail.com). El costo de env\u00edo, en este caso, corre por cuenta del comprador.<\/p>\n\n\n\n<p>Debes considerar que la devoluci\u00f3n se har\u00e1 una vez que hayamos recepcionado el producto devuelta y  corroborado el estado del mismo en un plazo m\u00e1ximo de 2 d\u00edas h\u00e1biles desde la recepci\u00f3n del producto. En estos casos, se har\u00e1 la devoluci\u00f3n del valor pagado por el producto, sin considerar los costos de env\u00edo pagados. &nbsp;<\/p>\n\n\n\n<p>Si deseas cancelar tu pedido, lo puedes hacer. En caso que desees cancelar tu pedido antes de que haya sido despachado, te devolveremos el 100% de lo pagado por el\/los productos adem\u00e1s del costo de env\u00edo. Sin embargo, si deseas cancelar tu pedido una vez que haya sido despachado el pedido, debes considerar las condiciones de devoluci\u00f3n descritas anteriormente.<\/p>\n\n\n\n<p>Importante<\/p>\n\n\n\n<p>Para efectos de cambio o devoluci\u00f3n, los productos deben estar en su caja o empaque original, en el mismo estado en que fue enviado, conservando la integridad de su envase y sellos originales e intactos. La verificaci\u00f3n de las condiciones&nbsp; se\u00f1aladas se encontrar\u00e1 sujeta a un control de calidad&nbsp; realizado por personal de Ofertas Importadas, que de no ser aceptado no se admitir\u00e1 el cambio o devoluci\u00f3n del producto.<\/p>\n\n\n\n<p>Una vez que el producto sea recepcionado, nos contactaremos contigo. Esto puede tomar hasta 2 d\u00edas h\u00e1biles.<\/p>\n\n\n\n<p>Los cambios deben ser por productos de igual o mayor valor. Si es de mayor valor, el cliente debe pagar la diferencia. No se hacen reembolsos por productos de menor valor.&nbsp;<\/p>\n\n\n\n<blockquote class=\"wp-block-quote is-layout-flow wp-block-quote-is-layout-flow\">\n<p><\/p>\n<\/blockquote>\n\n\n\n<hr class=\"wp-block-separator has-text-color has-light-green-cyan-color has-css-opacity has-light-green-cyan-background-color has-background\"\/>\n\n\n\n<p><\/p>\n","protected":false},"excerpt":{"rendered":"<p>Las compras realizadas en el Sitio gozan del beneficio de satisfacci\u00f3n garantizada. Si por alg\u00fan motivo necesitas cambiar o devolver el producto comprado, puedes hacerlo por<span class=\"excerpt-hellip\"> [\u2026]<\/span><\/p>\n","protected":false},"author":1,"featured_media":0,"parent":0,"menu_order":0,"comment_status":"closed","ping_status":"open","template":"","meta":{"_joinchat":[],"footnotes":""},"class_list":["post-3107","page","type-page","status-publish","hentry"],"_links":{"self":[{"href":"https:\/\/ofertasimportadas.cl\/index.php\/wp-json\/wp\/v2\/pages\/3107","targetHints":{"allow":["GET"]}}],"collection":[{"href":"https:\/\/ofertasimportadas.cl\/index.php\/wp-json\/wp\/v2\/pages"}],"about":[{"href":"https:\/\/ofertasimportadas.cl\/index.php\/wp-json\/wp\/v2\/types\/page"}],"author":[{"embeddable":true,"href":"https:\/\/ofertasimportadas.cl\/index.php\/wp-json\/wp\/v2\/users\/1"}],"replies":[{"embeddable":true,"href":"https:\/\/ofertasimportadas.cl\/index.php\/wp-json\/wp\/v2\/comments?post=3107"}],"version-history":[{"count":4,"href":"https:\/\/ofertasimportadas.cl\/index.php\/wp-json\/wp\/v2\/pages\/3107\/revisions"}],"predecessor-version":[{"id":7963,"href":"https:\/\/ofertasimportadas.cl\/index.php\/wp-json\/wp\/v2\/pages\/3107\/revisions\/7963"}],"wp:attachment":[{"href":"https:\/\/ofertasimportadas.cl\/index.php\/wp-json\/wp\/v2\/media?parent=3107"}],"curies":[{"name":"wp","href":"https:\/\/api.w.org\/{rel}","templated":true}]}}