{"id":2872,"date":"2021-10-18T16:03:05","date_gmt":"2021-10-18T19:03:05","guid":{"rendered":"https:\/\/ofertasimportadas.cl\/index.php\/producto\/centrum-women-120-tabetas\/"},"modified":"2026-05-10T00:36:48","modified_gmt":"2026-05-10T03:36:48","slug":"centrum-women-120-tabetas","status":"publish","type":"product","link":"https:\/\/ofertasimportadas.cl\/index.php\/producto\/centrum-women-120-tabetas\/","title":{"rendered":"CENTRUM Women 120 Tabletas"},"content":{"rendered":"<p><b>Centrum Multivitaminico for Women es el suplemento multivitam\u00ednico y multimineral m\u00e1s completo especialmente formulado para ayudar a las mujeres a\u00a0 mantener la energ\u00eda, la inmunidad y el metabolismo. Estos suplementos contienen los niveles m\u00e1s altos de vitamina D3 de Centrum, una vitamina importante para la salud \u00f3sea que ayuda a mantener su cuerpo de pies a cabeza. Cada tableta proporciona antioxidantes para el apoyo inmunol\u00f3gico, biotina, vitaminas A, C y E para ayudar a mantener una apariencia saludable, y vitaminas B para ayudar en el metabolismo de grasas, carbohidratos y prote\u00ednas. Alimente sus c\u00e9lulas, alimente su vida con Centrum, la marca # 1 recomendada por m\u00e9dicos y farmac\u00e9uticos.<\/b><\/p>\n<ul>\n<li style=\"font-weight: 400;\" aria-level=\"1\"><span style=\"font-weight: 400;\">Centrum Multivitamins for Women, Suplemento multivitam\u00ednico \/ multimineral con hierro, vitaminas D3, B y antioxidantes<\/span><\/li>\n<li style=\"font-weight: 400;\" aria-level=\"1\"><span style=\"font-weight: 400;\">Tabletas multivitam\u00ednicas para mujeres con hierro y antioxidantes para apoyar la energ\u00eda, la inmunidad y el metabolismo.<\/span><\/li>\n<li style=\"font-weight: 400;\" aria-level=\"1\"><span style=\"font-weight: 400;\">Contiene los niveles m\u00e1s altos de vitamina D3 de Centrum para apoyar la salud \u00f3sea<\/span><\/li>\n<li style=\"font-weight: 400;\" aria-level=\"1\"><span style=\"font-weight: 400;\">Formulado con micronutrientes y suplementos energ\u00e9ticos como hierro, biotina, antioxidantes y vitaminas A, B, C, D3 y E<\/span><\/li>\n<li style=\"font-weight: 400;\" aria-level=\"1\"><span style=\"font-weight: 400;\">Ayuda para la inmunidad elaborada con ingredientes sin gluten y sin OMG<\/span><\/li>\n<li style=\"font-weight: 400;\" aria-level=\"1\"><span style=\"font-weight: 400;\">Tome una tableta con comida todos los d\u00edas.<\/span><\/li>\n<\/ul>\n<p><b>Dosis\u00a0 \u00a0 <\/b><span style=\"font-weight: 400;\">1 tableta<\/span><\/p>\n<h3><b>Instrucciones<\/b><\/h3>\n<p><span style=\"font-weight: 400;\">Adultos: tomar una (1) tableta al d\u00eda con comida. No formulado para su uso en ni\u00f1os. No exceda el uso sugerido.<\/span><\/p>\n","protected":false},"excerpt":{"rendered":"<p><b>Centrum Multivitaminico for Women es el suplemento multivitam\u00ednico y multimineral. <\/b><\/p>\n","protected":false},"featured_media":5987,"comment_status":"open","ping_status":"closed","template":"","meta":{"_joinchat":[]},"product_brand":[],"product_cat":[73,26,101,70],"product_tag":[],"class_list":{"0":"post-2872","1":"product","2":"type-product","3":"status-publish","4":"has-post-thumbnail","6":"product_cat-multivitaminicos","7":"product_cat-para-ellas","8":"product_cat-todos-los-productos","9":"product_cat-vitaminas","11":"first","12":"instock","13":"shipping-taxable","14":"purchasable","15":"product-type-simple"},"_links":{"self":[{"href":"https:\/\/ofertasimportadas.cl\/index.php\/wp-json\/wp\/v2\/product\/2872","targetHints":{"allow":["GET"]}}],"collection":[{"href":"https:\/\/ofertasimportadas.cl\/index.php\/wp-json\/wp\/v2\/product"}],"about":[{"href":"https:\/\/ofertasimportadas.cl\/index.php\/wp-json\/wp\/v2\/types\/product"}],"replies":[{"embeddable":true,"href":"https:\/\/ofertasimportadas.cl\/index.php\/wp-json\/wp\/v2\/comments?post=2872"}],"wp:featuredmedia":[{"embeddable":true,"href":"https:\/\/ofertasimportadas.cl\/index.php\/wp-json\/wp\/v2\/media\/5987"}],"wp:attachment":[{"href":"https:\/\/ofertasimportadas.cl\/index.php\/wp-json\/wp\/v2\/media?parent=2872"}],"wp:term":[{"taxonomy":"product_brand","embeddable":true,"href":"https:\/\/ofertasimportadas.cl\/index.php\/wp-json\/wp\/v2\/product_brand?post=2872"},{"taxonomy":"product_cat","embeddable":true,"href":"https:\/\/ofertasimportadas.cl\/index.php\/wp-json\/wp\/v2\/product_cat?post=2872"},{"taxonomy":"product_tag","embeddable":true,"href":"https:\/\/ofertasimportadas.cl\/index.php\/wp-json\/wp\/v2\/product_tag?post=2872"}],"curies":[{"name":"wp","href":"https:\/\/api.w.org\/{rel}","templated":true}]}}