{"id":2875,"date":"2021-10-18T16:03:06","date_gmt":"2021-10-18T19:03:06","guid":{"rendered":"https:\/\/ofertasimportadas.cl\/index.php\/producto\/centrum-silver-women-50-anos-100-tabletas\/"},"modified":"2026-03-23T19:37:17","modified_gmt":"2026-03-23T22:37:17","slug":"centrum-silver-women-50-anos-100-tabletas","status":"publish","type":"product","link":"https:\/\/ofertasimportadas.cl\/index.php\/producto\/centrum-silver-women-50-anos-100-tabletas\/","title":{"rendered":"CENTRUM Silver Women +50 a\u00f1os 100 Tabletas"},"content":{"rendered":"<p><b>Centrum Silver Women&#8217;s Multivitamin for Women +50 le ofrece un suplemento multivitam\u00ednico y multimineral personalizado que contiene micronutrientes para ayudar a respaldar el bienestar de todo el cuerpo (1). Este multivitam\u00ednico contiene nutrientes esenciales, que incluyen vitamina D y calcio para fortalecer los huesos y vitaminas B para ayudar a promover la salud del coraz\u00f3n (1, 2). Este multivitam\u00ednico para mujeres mayores de 50 a\u00f1os tambi\u00e9n contiene zinc y vitaminas B para ayudar a mantener la funci\u00f3n normal del cerebro y vitaminas A, C y E para la salud ocular (1, 2). Los micronutrientes clave en estos multivitam\u00ednicos para mujeres mayores de 50 a\u00f1os con suplementos de zinc ayudan a llenar los vac\u00edos nutricionales para promover el bienestar y la vitalidad en general (1). Estas vitaminas para mujeres con hierro est\u00e1n verificadas como No OGM (3) y sin gluten. Estas tabletas tienen una capa suave que facilita la ingesti\u00f3n. Simplemente tome una vitamina para la salud \u00f3sea al d\u00eda para proporcionarle a su cuerpo vitaminas y minerales esenciales. Ayude a apoyar el bienestar de todo el cuerpo (1) con Centrum, la marca n\u00famero 1 recomendada por m\u00e9dicos y farmac\u00e9uticos.<\/b><\/p>\n<p><b>(1) Estas declaraciones no han sido evaluadas por la Administraci\u00f3n de Drogas y Alimentos. Este producto no est\u00e1 destinado a diagnosticar, tratar, curar o prevenir ninguna enfermedad. (2) No reemplaza los medicamentos para reducir el colesterol (3) Sin OGM se aplica \u00fanicamente a las tabletas Centrum y Centrum Silver; Obtenga m\u00e1s informaci\u00f3n en el sitio web oficial de Centrum.<\/b><\/p>\n<ul>\n<li style=\"font-weight: 400;\" aria-level=\"1\"><span style=\"font-weight: 400;\">Multivitaminas para mujeres Centrum Silver +50 con vitamina D3, vitaminas B, calcio, vitaminas antioxidantes C, E y betacaroteno y zinc<\/span><\/li>\n<li style=\"font-weight: 400;\" aria-level=\"1\"><span style=\"font-weight: 400;\">Suplemento multivitam\u00ednico \/ multimineral especialmente formulado que respalda el coraz\u00f3n, el cerebro, los ojos y la salud general de las mujeres mayores de 50 a\u00f1os (1, 2)<\/span><\/li>\n<li style=\"font-weight: 400;\" aria-level=\"1\"><span style=\"font-weight: 400;\">Multivitam\u00ednico para mujeres mayores de 50 a\u00f1os que contiene micronutrientes como Vitaminas B, Vitamina D3 y Zinc que ayudan a mantener el bienestar (1)<\/span><\/li>\n<li style=\"font-weight: 400;\" aria-level=\"1\"><span style=\"font-weight: 400;\">Multivitaminas para mujeres con hierro que ayudan a mantener la salud inmunol\u00f3gica, la salud \u00f3sea y la funci\u00f3n muscular con vitamina D (1)<\/span><\/li>\n<li style=\"font-weight: 400;\" aria-level=\"1\"><span style=\"font-weight: 400;\">Multivitaminas que no contienen OGM ni gluten (1, 3)<\/span><\/li>\n<li style=\"font-weight: 400;\" aria-level=\"1\"><span style=\"font-weight: 400;\">Multivitam\u00ednicos para mujeres mayores que vienen en tabletas f\u00e1ciles de tragar<\/span><\/li>\n<li style=\"font-weight: 400;\" aria-level=\"1\"><span style=\"font-weight: 400;\">Tome uno de estos multivitam\u00ednicos para mujeres mayores de 50 todos los d\u00edas para proporcionar nutrientes para mantener un cuerpo sano (1)<\/span><\/li>\n<\/ul>\n<h3><b>Dosis<\/b><\/h3>\n<p><span style=\"font-weight: 400;\">1 tableta<\/span><\/p>\n<h3><b>Instrucciones<\/b><\/h3>\n<ul>\n<li style=\"font-weight: 400;\" aria-level=\"1\"><span style=\"font-weight: 400;\">Adultos: tomar una (1) tableta al d\u00eda con comida. No formulado para su uso en ni\u00f1os. No exceda el uso sugerido.<\/span><\/li>\n<\/ul>\n","protected":false},"excerpt":{"rendered":"<p><b>Centrum Silver Women&#8217;s Multivitamin for Women +50 le ofrece un suplemento multivitam\u00ednico y multimineral. <\/b><\/p>\n","protected":false},"featured_media":4919,"comment_status":"open","ping_status":"closed","template":"","meta":{"_joinchat":[]},"product_brand":[],"product_cat":[73,26,101,70],"product_tag":[],"class_list":{"0":"post-2875","1":"product","2":"type-product","3":"status-publish","4":"has-post-thumbnail","6":"product_cat-multivitaminicos","7":"product_cat-para-ellas","8":"product_cat-todos-los-productos","9":"product_cat-vitaminas","11":"first","12":"instock","13":"shipping-taxable","14":"purchasable","15":"product-type-simple"},"_links":{"self":[{"href":"https:\/\/ofertasimportadas.cl\/index.php\/wp-json\/wp\/v2\/product\/2875","targetHints":{"allow":["GET"]}}],"collection":[{"href":"https:\/\/ofertasimportadas.cl\/index.php\/wp-json\/wp\/v2\/product"}],"about":[{"href":"https:\/\/ofertasimportadas.cl\/index.php\/wp-json\/wp\/v2\/types\/product"}],"replies":[{"embeddable":true,"href":"https:\/\/ofertasimportadas.cl\/index.php\/wp-json\/wp\/v2\/comments?post=2875"}],"wp:featuredmedia":[{"embeddable":true,"href":"https:\/\/ofertasimportadas.cl\/index.php\/wp-json\/wp\/v2\/media\/4919"}],"wp:attachment":[{"href":"https:\/\/ofertasimportadas.cl\/index.php\/wp-json\/wp\/v2\/media?parent=2875"}],"wp:term":[{"taxonomy":"product_brand","embeddable":true,"href":"https:\/\/ofertasimportadas.cl\/index.php\/wp-json\/wp\/v2\/product_brand?post=2875"},{"taxonomy":"product_cat","embeddable":true,"href":"https:\/\/ofertasimportadas.cl\/index.php\/wp-json\/wp\/v2\/product_cat?post=2875"},{"taxonomy":"product_tag","embeddable":true,"href":"https:\/\/ofertasimportadas.cl\/index.php\/wp-json\/wp\/v2\/product_tag?post=2875"}],"curies":[{"name":"wp","href":"https:\/\/api.w.org\/{rel}","templated":true}]}}