{"id":2884,"date":"2021-10-18T16:03:07","date_gmt":"2021-10-18T19:03:07","guid":{"rendered":"https:\/\/ofertasimportadas.cl\/index.php\/producto\/centrum-silver-unisex-50-anos-125-tabletas\/"},"modified":"2026-05-10T00:37:21","modified_gmt":"2026-05-10T03:37:21","slug":"centrum-silver-unisex-50-anos-125-tabletas","status":"publish","type":"product","link":"https:\/\/ofertasimportadas.cl\/index.php\/producto\/centrum-silver-unisex-50-anos-125-tabletas\/","title":{"rendered":"CENTRUM Silver Unisex +50 a\u00f1os 125 Tabletas"},"content":{"rendered":"<p><b>Multivitaminico Centrum Silver +50 le ofrece un suplemento multivitam\u00ednico\u00a0 y multimineral para personas mayores de 50 a\u00f1os personalizado para ayudar a respaldar el bienestar de todo el cuerpo (1). Este multivitam\u00ednico contiene nutrientes esenciales, que incluyen vitamina D y calcio para ayudar a mantener huesos fuertes, vitaminas B para ayudar a promover la salud del coraz\u00f3n, zinc para ayudar a mantener la funci\u00f3n normal del cerebro y lute\u00edna y vitaminas A, C y E para ayudar a mantener la salud de los ojos (1 , 2, 3). Los nutrientes clave en estas multivitaminas ayudan a llenar los vac\u00edos nutricionales para promover el bienestar y la vitalidad en general (1). Este multivitam\u00ednico para hombres y mujeres est\u00e1 verificado como No OGM (3) y sin gluten para atraer una variedad de preferencias diet\u00e9ticas. Estas tabletas tienen una capa suave que hace que estas vitaminas para adultos sean f\u00e1ciles de tragar. Simplemente tome uno de estos suplementos vitam\u00ednicos a diario para proporcionarle a su cuerpo las vitaminas y minerales esenciales.<\/b><\/p>\n<p><b>(1) Estas declaraciones no han sido evaluadas por la Administraci\u00f3n de Drogas y Alimentos. Este producto no est\u00e1 destinado a diagnosticar, tratar, curar o prevenir ninguna enfermedad. (2) No reemplaza los medicamentos para reducir el colesterol (1) (3) No OGM se aplica \u00fanicamente a las tabletas Centrum y Centrum Silver; Obtenga m\u00e1s informaci\u00f3n en el sitio web oficial de Centrum.<\/b><\/p>\n<ul>\n<li aria-level=\"1\"><b>Multivitaminico Centrum Silver para adultos +50, Suplemento multivitam\u00ednico \/ multimineral con vitamina D3, vitaminas B y calcio<\/b><\/li>\n<\/ul>\n<ul>\n<li aria-level=\"1\"><b>Tabletas multivitam\u00ednicas dise\u00f1adas para hombres y mujeres mayores de 50 a\u00f1os que ayudan a mantener el coraz\u00f3n, el cerebro, los ojos y la salud general de los adultos mayores de 50 a\u00f1os (1, 2)<\/b><\/li>\n<\/ul>\n<ul>\n<li aria-level=\"1\"><b>Multivitam\u00ednico para adultos para ayudar a respaldar el bienestar de todo el cuerpo (1)<\/b><\/li>\n<\/ul>\n<ul>\n<li aria-level=\"1\"><b>Las multivitaminas contienen vitaminas B y licopeno para ayudar a promover la salud del coraz\u00f3n, y vitaminas C y E, y zinc para ayudar a mantener la salud inmunol\u00f3gica (1, 2)<\/b><\/li>\n<\/ul>\n<ul>\n<li aria-level=\"1\"><b>Multivitaminas sin OMG y sin gluten (3)<\/b><\/li>\n<\/ul>\n<ul>\n<li aria-level=\"1\"><b>Suplemento multivitam\u00ednico que viene en tabletas f\u00e1ciles de tragar.<\/b><\/li>\n<\/ul>\n<ul>\n<li aria-level=\"1\"><b>Tome una tableta de suplemento todos los d\u00edas para proporcionar nutrientes que ayudan a mantener un cuerpo saludable (1)<\/b><\/li>\n<\/ul>\n<h3><b>Dosis<\/b><\/h3>\n<p><span style=\"font-weight: 400;\">1 tableta<\/span><\/p>\n<h3><b>Instrucciones<\/b><\/h3>\n<p><span style=\"font-weight: 400;\">Adultos: tomar una (1) tableta al d\u00eda con comida. No formulado para su uso en ni\u00f1os. No exceda el uso sugerido.<\/span><\/p>\n","protected":false},"excerpt":{"rendered":"<p><b>Multivitaminico Centrum Silver +50 le ofrece un suplemento multivitam\u00ednico\u00a0 y multimineral.<\/b><\/p>\n","protected":false},"featured_media":4507,"comment_status":"open","ping_status":"closed","template":"","meta":{"_joinchat":[]},"product_brand":[],"product_cat":[82,73,26,27,101,81,70],"product_tag":[],"class_list":{"0":"post-2884","1":"product","2":"type-product","3":"status-publish","4":"has-post-thumbnail","6":"product_cat-multivitaminicos-vitaminas-para-ellos","7":"product_cat-multivitaminicos","8":"product_cat-para-ellas","9":"product_cat-para-ellos","10":"product_cat-todos-los-productos","11":"product_cat-vitaminas-para-ellos","12":"product_cat-vitaminas","14":"first","15":"instock","16":"shipping-taxable","17":"purchasable","18":"product-type-simple"},"_links":{"self":[{"href":"https:\/\/ofertasimportadas.cl\/index.php\/wp-json\/wp\/v2\/product\/2884","targetHints":{"allow":["GET"]}}],"collection":[{"href":"https:\/\/ofertasimportadas.cl\/index.php\/wp-json\/wp\/v2\/product"}],"about":[{"href":"https:\/\/ofertasimportadas.cl\/index.php\/wp-json\/wp\/v2\/types\/product"}],"replies":[{"embeddable":true,"href":"https:\/\/ofertasimportadas.cl\/index.php\/wp-json\/wp\/v2\/comments?post=2884"}],"wp:featuredmedia":[{"embeddable":true,"href":"https:\/\/ofertasimportadas.cl\/index.php\/wp-json\/wp\/v2\/media\/4507"}],"wp:attachment":[{"href":"https:\/\/ofertasimportadas.cl\/index.php\/wp-json\/wp\/v2\/media?parent=2884"}],"wp:term":[{"taxonomy":"product_brand","embeddable":true,"href":"https:\/\/ofertasimportadas.cl\/index.php\/wp-json\/wp\/v2\/product_brand?post=2884"},{"taxonomy":"product_cat","embeddable":true,"href":"https:\/\/ofertasimportadas.cl\/index.php\/wp-json\/wp\/v2\/product_cat?post=2884"},{"taxonomy":"product_tag","embeddable":true,"href":"https:\/\/ofertasimportadas.cl\/index.php\/wp-json\/wp\/v2\/product_tag?post=2884"}],"curies":[{"name":"wp","href":"https:\/\/api.w.org\/{rel}","templated":true}]}}