{"id":2886,"date":"2021-10-18T16:03:07","date_gmt":"2021-10-18T19:03:07","guid":{"rendered":"https:\/\/ofertasimportadas.cl\/index.php\/producto\/centrum-multigummies-adultos-110-gomitas\/"},"modified":"2025-12-15T23:33:41","modified_gmt":"2025-12-16T02:33:41","slug":"centrum-multigummies-adultos-110-gomitas","status":"publish","type":"product","link":"https:\/\/ofertasimportadas.cl\/index.php\/producto\/centrum-multigummies-adultos-110-gomitas\/","title":{"rendered":"CENTRUM Multigummies Adultos 110 Gomitas"},"content":{"rendered":"<p><b>Multivitaminico Centrum Multigummies para adultos son un suplemento multivitam\u00ednico \/ multimineral que contiene m\u00e1s vitamina D3 que cualquier otra gomita, proporcionando nutrientes claves que ayudan a mantener su energ\u00eda, inmunidad y metabolismo en una forma de gomita multivitam\u00ednica f\u00e1cil de tomar. Estos multivitam\u00ednicos gomosos de gran sabor para hombres y mujeres tienen el 100% o m\u00e1s del valor diario recomendado de vitaminas B12, D y E. Cada multivitam\u00ednico gomoso contiene suplementos antioxidantes para el apoyo inmunol\u00f3gico y suplementos energ\u00e9ticos como las vitaminas B para satisfacer sus necesidades energ\u00e9ticas diarias. y ayudar a su cuerpo a metabolizar grasas, carbohidratos y prote\u00ednas. Estos multivitam\u00ednicos gomosos surtidos con sabor a frutas para adultos est\u00e1n hechos con sabores de frutas naturales y sin edulcorantes artificiales. Apoye su cuerpo de la cabeza a los pies tomando dos gomitas todos los d\u00edas con o sin comida o agua. Alimenta tus c\u00e9lulas<\/b><\/p>\n<ul>\n<li aria-level=\"1\"><b>Botella de 110 unidades de gomitas multivitam\u00ednicas para adultos Centrum MultiGummies con sabor a fruta, suplemento multivitam\u00ednico \/ multimineral con vitamina D<\/b><\/li>\n<\/ul>\n<ul>\n<li aria-level=\"1\"><b>Gomitas multivitam\u00ednicas para mujeres y hombres con m\u00e1s vitamina D3 que cualquier otra gomita<\/b><\/li>\n<\/ul>\n<ul>\n<li aria-level=\"1\"><b>Vitaminas gomosas para adultos que brindan nutrientes clave para ayudar a mantener su energ\u00eda, inmunidad y metabolismo<\/b><\/li>\n<\/ul>\n<ul>\n<li aria-level=\"1\"><b>Suplemento de micronutrientes y zinc con vitaminas B, C y E<\/b><\/li>\n<\/ul>\n<ul>\n<li aria-level=\"1\"><b>Multivitam\u00ednico surtido con sabor a frutas para adultos disponible en forma de goma f\u00e1cil de tomar<\/b><\/li>\n<\/ul>\n<ul>\n<li aria-level=\"1\"><b>Vitaminas para adultos elaboradas sin edulcorantes artificiales<\/b><\/li>\n<\/ul>\n<ul>\n<li aria-level=\"1\"><b>Apoye su cuerpo de la cabeza a los pies tomando dos gomitas todos los d\u00edas<\/b><\/li>\n<\/ul>\n<h3><b>Dosis<\/b><\/h3>\n<p><b>2 gomitas<\/b><\/p>\n<h3><b>Instrucciones<\/b><\/h3>\n<p><b>Adultos: tomar dos (2) gomitas al d\u00eda. No exceda el uso sugerido. No est\u00e1 formulado para su uso en ni\u00f1os.<\/b><\/p>\n","protected":false},"excerpt":{"rendered":"<p><b>Multivitaminico Centrum Multigummies para adultos son un suplemento multivitam\u00ednico \/ multimineral.<\/b><b><\/b><\/p>\n","protected":false},"featured_media":2991,"comment_status":"open","ping_status":"closed","template":"","meta":{"_joinchat":[]},"product_brand":[],"product_cat":[15],"product_tag":[],"class_list":{"0":"post-2886","1":"product","2":"type-product","3":"status-publish","4":"has-post-thumbnail","6":"product_cat-sin-categoria","8":"first","9":"outofstock","10":"shipping-taxable","11":"purchasable","12":"product-type-simple"},"_links":{"self":[{"href":"https:\/\/ofertasimportadas.cl\/index.php\/wp-json\/wp\/v2\/product\/2886","targetHints":{"allow":["GET"]}}],"collection":[{"href":"https:\/\/ofertasimportadas.cl\/index.php\/wp-json\/wp\/v2\/product"}],"about":[{"href":"https:\/\/ofertasimportadas.cl\/index.php\/wp-json\/wp\/v2\/types\/product"}],"replies":[{"embeddable":true,"href":"https:\/\/ofertasimportadas.cl\/index.php\/wp-json\/wp\/v2\/comments?post=2886"}],"wp:featuredmedia":[{"embeddable":true,"href":"https:\/\/ofertasimportadas.cl\/index.php\/wp-json\/wp\/v2\/media\/2991"}],"wp:attachment":[{"href":"https:\/\/ofertasimportadas.cl\/index.php\/wp-json\/wp\/v2\/media?parent=2886"}],"wp:term":[{"taxonomy":"product_brand","embeddable":true,"href":"https:\/\/ofertasimportadas.cl\/index.php\/wp-json\/wp\/v2\/product_brand?post=2886"},{"taxonomy":"product_cat","embeddable":true,"href":"https:\/\/ofertasimportadas.cl\/index.php\/wp-json\/wp\/v2\/product_cat?post=2886"},{"taxonomy":"product_tag","embeddable":true,"href":"https:\/\/ofertasimportadas.cl\/index.php\/wp-json\/wp\/v2\/product_tag?post=2886"}],"curies":[{"name":"wp","href":"https:\/\/api.w.org\/{rel}","templated":true}]}}