{"id":2889,"date":"2021-10-18T16:03:08","date_gmt":"2021-10-18T19:03:08","guid":{"rendered":"https:\/\/ofertasimportadas.cl\/index.php\/producto\/centrum-multigummies-women-2\/"},"modified":"2026-05-10T00:35:12","modified_gmt":"2026-05-10T03:35:12","slug":"centrum-multigummies-women-2","status":"publish","type":"product","link":"https:\/\/ofertasimportadas.cl\/index.php\/producto\/centrum-multigummies-women-2\/","title":{"rendered":"CENTRUM Multigummies Women"},"content":{"rendered":"<blockquote>\n<p style=\"text-align: left;\"><b>Multivitaminico Centrum Multigummies Women son un suplemento multivitam\u00ednico y multimineral diario especialmente formulado para promover el bienestar de todo el cuerpo, con el 100% del valor diario recomendado de vitaminas B12, D y biotina en una gomita de excelente sabor y f\u00e1cil de tomar. Este multivitam\u00ednico en gomitas para mujeres contiene suplementos energ\u00e9ticos como las vitaminas B para satisfacer sus necesidades diarias y ayudar a su cuerpo a metabolizar grasas, carbohidratos y prote\u00ednas. Cada dosis de gomitas\u00a0 tambi\u00e9n proporcionan biotina, vitamina A y antioxidantes como zinc y vitamina C para el apoyo inmunol\u00f3gico y para ayudar a mantener una apariencia saludable. Con 170 gomitas de cereza, bayas y naranja en cada botella, estas multivitaminas\u00a0 ofrecen una opci\u00f3n deliciosa para obtener todos los nutrientes que necesita sin sabores ni edulcorantes artificiales. Apoye su cuerpo de la cabeza a los pies tomando dos gomitas todos los d\u00edas con o sin comida o agua. Alimente sus c\u00e9lulas, alimente su vida con Centrum, la marca # 1 recomendada por m\u00e9dicos y farmac\u00e9uticos.<\/b><\/p>\n<\/blockquote>\n<ul>\n<li aria-level=\"1\"><b>Una botella de 170 unidades de gomitas multivitam\u00ednicas para mujeres Centrum MultiGummies con sabor a frutas variadas, suplemento multivitam\u00ednico\u00a0 y multimineral<\/b><\/li>\n<\/ul>\n<ul>\n<li aria-level=\"1\"><b>Deliciosas gomitas multivitam\u00ednicas para mujeres especialmente formuladas como ayuda para la inmunidad que tambi\u00e9n apoya la energ\u00eda y el metabolismo.<\/b><\/li>\n<\/ul>\n<ul>\n<li aria-level=\"1\"><b>Multivitam\u00ednico para mujeres con nutrientes y antioxidantes para ayudar a mantener una apariencia saludable.<\/b><\/li>\n<\/ul>\n<ul>\n<li aria-level=\"1\"><b>Contiene biotina, zinc y vitaminas A, B y C<\/b><\/li>\n<\/ul>\n<ul>\n<li aria-level=\"1\"><b>Gomitas multivitam\u00ednicas para mujeres que son f\u00e1ciles de tomar con o sin agua.<\/b><\/li>\n<\/ul>\n<ul>\n<li aria-level=\"1\"><b>Presenta deliciosos sabores naturales de cereza, bayas y naranja sin edulcorantes a\u00f1adidos.<\/b><\/li>\n<\/ul>\n<ul>\n<li aria-level=\"1\"><b>Apoye su cuerpo de la cabeza a los pies tomando dos gomitas todos los d\u00edas<\/b><\/li>\n<\/ul>\n<h3><b>Dosis<\/b><\/h3>\n<p><b>2 gomitas<\/b><\/p>\n<h3><b>Instrucciones<\/b><\/h3>\n<p><b>Adultos: tomar dos (2) gomitas al d\u00eda. No exceda el uso sugerido. No formulado para su uso en ni\u00f1os.<\/b><\/p>\n","protected":false},"excerpt":{"rendered":"<p><b>Multivitaminico Centrum Multigummies Women son un suplemento multivitam\u00ednico y multimineral.<\/b><\/p>\n","protected":false},"featured_media":3006,"comment_status":"open","ping_status":"closed","template":"","meta":{"_joinchat":[]},"product_brand":[],"product_cat":[73,26,101,70],"product_tag":[],"class_list":{"0":"post-2889","1":"product","2":"type-product","3":"status-publish","4":"has-post-thumbnail","6":"product_cat-multivitaminicos","7":"product_cat-para-ellas","8":"product_cat-todos-los-productos","9":"product_cat-vitaminas","11":"first","12":"instock","13":"shipping-taxable","14":"purchasable","15":"product-type-simple"},"_links":{"self":[{"href":"https:\/\/ofertasimportadas.cl\/index.php\/wp-json\/wp\/v2\/product\/2889","targetHints":{"allow":["GET"]}}],"collection":[{"href":"https:\/\/ofertasimportadas.cl\/index.php\/wp-json\/wp\/v2\/product"}],"about":[{"href":"https:\/\/ofertasimportadas.cl\/index.php\/wp-json\/wp\/v2\/types\/product"}],"replies":[{"embeddable":true,"href":"https:\/\/ofertasimportadas.cl\/index.php\/wp-json\/wp\/v2\/comments?post=2889"}],"wp:featuredmedia":[{"embeddable":true,"href":"https:\/\/ofertasimportadas.cl\/index.php\/wp-json\/wp\/v2\/media\/3006"}],"wp:attachment":[{"href":"https:\/\/ofertasimportadas.cl\/index.php\/wp-json\/wp\/v2\/media?parent=2889"}],"wp:term":[{"taxonomy":"product_brand","embeddable":true,"href":"https:\/\/ofertasimportadas.cl\/index.php\/wp-json\/wp\/v2\/product_brand?post=2889"},{"taxonomy":"product_cat","embeddable":true,"href":"https:\/\/ofertasimportadas.cl\/index.php\/wp-json\/wp\/v2\/product_cat?post=2889"},{"taxonomy":"product_tag","embeddable":true,"href":"https:\/\/ofertasimportadas.cl\/index.php\/wp-json\/wp\/v2\/product_tag?post=2889"}],"curies":[{"name":"wp","href":"https:\/\/api.w.org\/{rel}","templated":true}]}}