{"id":2892,"date":"2021-10-18T16:03:08","date_gmt":"2021-10-18T19:03:08","guid":{"rendered":"https:\/\/ofertasimportadas.cl\/index.php\/producto\/omega-3-120-gomitas-vitafusion\/"},"modified":"2026-04-16T13:56:20","modified_gmt":"2026-04-16T16:56:20","slug":"omega-3-120-gomitas-vitafusion","status":"publish","type":"product","link":"https:\/\/ofertasimportadas.cl\/index.php\/producto\/omega-3-120-gomitas-vitafusion\/","title":{"rendered":"Omega 3 120 Gomitas VITAFUSION"},"content":{"rendered":"<p><b>Disfrute Omega-3, \u00a1sin el sabor a pescado! Las gomitas vitafusion Omega-3 para adultos est\u00e1n especialmente formuladas para adultos y contienen vitaminas A, C, D y E, as\u00ed como 50 mg de Omega-3 EPA \/ DHA en cada porci\u00f3n. Tambi\u00e9n conocidos como \u00e1cidos grasos poliinsaturados, suplementos de Omega-3 con \u00e1cidos grasos que juegan un papel en el crecimiento y el desarrollo 1. Vitafusion Omega-3 viene en sabores naturales de limonada de bayas para ocultar el sabor del aceite de pescado. Sin gluten. En Vitafusion, creemos que el sabor y la nutrici\u00f3n se pueden fusionar para brindar la mejor experiencia de vitaminas, asegurando que sea una parte f\u00e1cil y deliciosa de su d\u00eda. Durante m\u00e1s de 12 a\u00f1os, hemos ayudado a las personas a vivir una vida feliz y saludable con nuestras vitaminas y suplementos gomosos. Vitafusion es la \u00fanica marca de gomitas de vitamina con productos que han sido galardonados con el premio ChefsBest Excellence por su sabor. Todo es posible cuando una buena nutrici\u00f3n es su base. D\u00e9 un paso fruct\u00edfero hacia un mundo m\u00e1s saludable y feliz con la marca de gomitas de vitamina n\u00famero 1 de Estados Unidos. \u00a1Vitamina mejor!\u00a0<\/b><\/p>\n<p><b>1 Estas declaraciones no han sido evaluadas por la Administraci\u00f3n de Drogas y Alimentos. Este producto no est\u00e1 destinado a diagnosticar, tratar, curar o prevenir ninguna enfermedad. 2 El premio ChefsBest Excellence Award se otorga a las marcas que superan los est\u00e1ndares de calidad establecidos por chefs profesionales independientes.<\/b><\/p>\n<ul>\n<li aria-level=\"1\"><b>De la marca de vitamina gomosa n. \u00b0 1 de Estados Unidos<\/b><\/li>\n<\/ul>\n<ul>\n<li aria-level=\"1\"><b>Vitaminas A, C, D y E, as\u00ed como 50 mg de Omega-3 EPA \/ DHA en cada raci\u00f3n.<\/b><\/li>\n<\/ul>\n<ul>\n<li aria-level=\"1\"><b>Sabores naturales de limonada de bayas<\/b><\/li>\n<\/ul>\n<ul>\n<li aria-level=\"1\"><b>NO contiene jarabe de ma\u00edz de alta fructosa, NO endulzantes artificiales, NO gluten, NO l\u00e1cteos y NO colorantes sint\u00e9ticos (FD&amp;C)<\/b><\/li>\n<\/ul>\n<ul>\n<li aria-level=\"1\"><b>Ganador del premio ChefsBest Excellence Award 2018. El premio ChefsBest Excellence Award se otorga a las marcas que superan los est\u00e1ndares de calidad establecidos por chefs profesionales independientes.<\/b><\/li>\n<\/ul>\n<h3><b>Dosis<\/b><\/h3>\n<p><b>Uso sugerido: Como suplemento diet\u00e9tico, tome dos (2) vitaminas gomosas por d\u00eda. Mastique bien antes de tragar.<\/b><\/p>\n","protected":false},"excerpt":{"rendered":"<p><b>Disfrute Omega-3, \u00a1sin el sabor a pescado!<\/b><\/p>\n","protected":false},"featured_media":3144,"comment_status":"open","ping_status":"closed","template":"","meta":{"_joinchat":[]},"product_brand":[],"product_cat":[83,74,26,27,101],"product_tag":[],"class_list":{"0":"post-2892","1":"product","2":"type-product","3":"status-publish","4":"has-post-thumbnail","6":"product_cat-omega3-vitaminas-para-ellos","7":"product_cat-omega3","8":"product_cat-para-ellas","9":"product_cat-para-ellos","10":"product_cat-todos-los-productos","12":"first","13":"outofstock","14":"shipping-taxable","15":"purchasable","16":"product-type-simple"},"_links":{"self":[{"href":"https:\/\/ofertasimportadas.cl\/index.php\/wp-json\/wp\/v2\/product\/2892","targetHints":{"allow":["GET"]}}],"collection":[{"href":"https:\/\/ofertasimportadas.cl\/index.php\/wp-json\/wp\/v2\/product"}],"about":[{"href":"https:\/\/ofertasimportadas.cl\/index.php\/wp-json\/wp\/v2\/types\/product"}],"replies":[{"embeddable":true,"href":"https:\/\/ofertasimportadas.cl\/index.php\/wp-json\/wp\/v2\/comments?post=2892"}],"wp:featuredmedia":[{"embeddable":true,"href":"https:\/\/ofertasimportadas.cl\/index.php\/wp-json\/wp\/v2\/media\/3144"}],"wp:attachment":[{"href":"https:\/\/ofertasimportadas.cl\/index.php\/wp-json\/wp\/v2\/media?parent=2892"}],"wp:term":[{"taxonomy":"product_brand","embeddable":true,"href":"https:\/\/ofertasimportadas.cl\/index.php\/wp-json\/wp\/v2\/product_brand?post=2892"},{"taxonomy":"product_cat","embeddable":true,"href":"https:\/\/ofertasimportadas.cl\/index.php\/wp-json\/wp\/v2\/product_cat?post=2892"},{"taxonomy":"product_tag","embeddable":true,"href":"https:\/\/ofertasimportadas.cl\/index.php\/wp-json\/wp\/v2\/product_tag?post=2892"}],"curies":[{"name":"wp","href":"https:\/\/api.w.org\/{rel}","templated":true}]}}