{"id":2893,"date":"2021-10-18T16:03:08","date_gmt":"2021-10-18T19:03:08","guid":{"rendered":"https:\/\/ofertasimportadas.cl\/index.php\/producto\/melatonina-natrol-5mg-180-gomitas\/"},"modified":"2026-05-07T22:11:57","modified_gmt":"2026-05-08T01:11:57","slug":"melatonina-5mg-180-gomitas","status":"publish","type":"product","link":"https:\/\/ofertasimportadas.cl\/index.php\/producto\/melatonina-5mg-180-gomitas\/","title":{"rendered":"Melatonina 5mg 180 Gomitas"},"content":{"rendered":"<p><b>Dulces sue\u00f1os comienzan con las gomitas de melatonina Natrol\u00ae. \u00a1Tiene sabor a fresa y saben muy bien! Tambi\u00e9n est\u00e1n hechas con pectina de frutas, por lo que las gomitas de Natrol son vegetarianas, menos melosas y menos pegajosas que las gomitas de gelatina. Las gomitas de melatonina Natrol no contienen OMG, son vegetarianas y no contienen sabores artificiales, edulcorantes ni conservantes.<\/b><!--more--><\/p>\n<p><b>\u2020 Esta declaraci\u00f3n no ha sido evaluada por la Administraci\u00f3n de Drogas y Alimentos. Este producto no est\u00e1 destinado a diagnosticar, tratar, curar o prevenir ninguna enfermedad.<\/b><\/p>\n<p><b>No: Leche, huevo, pescado, mariscos crust\u00e1ceos, nueces de \u00e1rbol, man\u00ed, trigo, soja, levadura, sabores artificiales, conservantes o tintes sint\u00e9ticos.<\/b><\/p>\n<ul>\n<li aria-level=\"1\"><b>Duerma m\u00e1s r\u00e1pido, qu\u00e9dese dormido m\u00e1s tiempo. \u2020<\/b><\/li>\n<\/ul>\n<ul>\n<li aria-level=\"1\"><b>100% libre de drogas y no genera h\u00e1bito<\/b><\/li>\n<\/ul>\n<ul>\n<li aria-level=\"1\"><b>100% vegetariano<\/b><\/li>\n<\/ul>\n<ul>\n<li aria-level=\"1\"><b>Sin OGM y sin saborizantes, edulcorantes ni conservantes artificiales.<\/b><\/li>\n<\/ul>\n<ul>\n<li aria-level=\"1\"><b>Gran sabor a fresa<\/b><\/li>\n<\/ul>\n<ul>\n<li aria-level=\"1\"><b>La melatonina es una soluci\u00f3n para el insomnio ocasional. \u2020\u00a0\u00a0\u00a0\u00a0\u00a0\u00a0\u00a0\u00a0\u00a0\u00a0\u00a0\u00a0\u00a0\u00a0\u00a0\u00a0\u00a0\u00a0\u00a0\u00a0\u00a0\u00a0\u00a0\u00a0\u00a0\u00a0\u00a0\u00a0\u00a0\u00a0\u00a0\u00a0\u00a0\u00a0\u00a0\u00a0\u00a0\u00a0\u00a0\u00a0\u00a0\u00a0\u00a0\u00a0\u00a0\u00a0\u00a0\u00a0\u00a0\u00a0\u00a0\u00a0\u00a0\u00a0\u00a0\u00a0\u00a0\u00a0\u00a0\u00a0\u00a0\u00a0\u00a0\u00a0\u00a0\u00a0\u00a0\u00a0\u00a0\u00a0\u00a0\u00a0\u00a0\u00a0\u00a0\u00a0\u00a0\u00a0\u00a0\u00a0\u00a0\u00a0\u00a0\u00a0\u00a0\u00a0\u00a0\u00a0\u00a0\u00a0\u00a0\u00a0\u00a0\u00a0\u00a0\u00a0\u00a0\u00a0\u00a0\u00a0\u00a0\u00a0\u00a0\u00a0\u00a0\u00a0\u00a0\u00a0\u00a0\u00a0\u00a0\u00a0\u00a0\u00a0\u00a0\u00a0\u00a0\u00a0\u00a0\u00a0\u00a0\u00a0\u00a0\u00a0\u00a0\u00a0\u00a0\u00a0\u00a0\u00a0\u00a0\u00a0\u00a0\u00a0\u00a0\u00a0\u00a0\u00a0\u00a0\u00a0\u00a0\u00a0\u00a0\u00a0\u00a0\u00a0\u00a0\u00a0\u00a0\u00a0\u00a0\u00a0\u00a0\u00a0\u00a0\u00a0\u00a0\u00a0\u00a0\u00a0\u00a0\u00a0\u00a0\u00a0\u00a0\u00a0\u00a0\u00a0\u00a0\u00a0\u00a0\u00a0\u00a0\u00a0\u00a0\u00a0\u00a0\u00a0\u00a0\u00a0\u00a0\u00a0\u00a0\u00a0\u00a0\u00a0\u00a0\u00a0\u00a0\u00a0\u00a0\u00a0\u00a0\u00a0\u00a0\u00a0\u00a0\u00a0\u00a0\u00a0\u00a0\u00a0\u00a0\u00a0<\/b><\/li>\n<\/ul>\n<p><b>Dosis<\/b><\/p>\n<p><b>Instrucciones: Tome 1 gomitas 20 minutos antes de acostarse.<\/b><\/p>\n<p>&nbsp;<\/p>\n","protected":false},"excerpt":{"rendered":"<p><b>Dulces sue\u00f1os comienzan con las gomitas de melatonina Natrol<\/b><\/p>\n","protected":false},"featured_media":7934,"comment_status":"open","ping_status":"closed","template":"","meta":{"_joinchat":[]},"product_brand":[],"product_cat":[84,75,26,27,101,81,70],"product_tag":[],"class_list":{"0":"post-2893","1":"product","2":"type-product","3":"status-publish","4":"has-post-thumbnail","6":"product_cat-melatonina-vitaminas-para-ellos","7":"product_cat-melatonina","8":"product_cat-para-ellas","9":"product_cat-para-ellos","10":"product_cat-todos-los-productos","11":"product_cat-vitaminas-para-ellos","12":"product_cat-vitaminas","14":"first","15":"instock","16":"shipping-taxable","17":"purchasable","18":"product-type-simple"},"_links":{"self":[{"href":"https:\/\/ofertasimportadas.cl\/index.php\/wp-json\/wp\/v2\/product\/2893","targetHints":{"allow":["GET"]}}],"collection":[{"href":"https:\/\/ofertasimportadas.cl\/index.php\/wp-json\/wp\/v2\/product"}],"about":[{"href":"https:\/\/ofertasimportadas.cl\/index.php\/wp-json\/wp\/v2\/types\/product"}],"replies":[{"embeddable":true,"href":"https:\/\/ofertasimportadas.cl\/index.php\/wp-json\/wp\/v2\/comments?post=2893"}],"wp:featuredmedia":[{"embeddable":true,"href":"https:\/\/ofertasimportadas.cl\/index.php\/wp-json\/wp\/v2\/media\/7934"}],"wp:attachment":[{"href":"https:\/\/ofertasimportadas.cl\/index.php\/wp-json\/wp\/v2\/media?parent=2893"}],"wp:term":[{"taxonomy":"product_brand","embeddable":true,"href":"https:\/\/ofertasimportadas.cl\/index.php\/wp-json\/wp\/v2\/product_brand?post=2893"},{"taxonomy":"product_cat","embeddable":true,"href":"https:\/\/ofertasimportadas.cl\/index.php\/wp-json\/wp\/v2\/product_cat?post=2893"},{"taxonomy":"product_tag","embeddable":true,"href":"https:\/\/ofertasimportadas.cl\/index.php\/wp-json\/wp\/v2\/product_tag?post=2893"}],"curies":[{"name":"wp","href":"https:\/\/api.w.org\/{rel}","templated":true}]}}