{"id":2896,"date":"2021-10-18T16:03:09","date_gmt":"2021-10-18T19:03:09","guid":{"rendered":"https:\/\/ofertasimportadas.cl\/index.php\/producto\/prenatal-90-gomitas-vitafusion\/"},"modified":"2026-03-06T12:00:57","modified_gmt":"2026-03-06T15:00:57","slug":"prenatal-90-gomitas-vitafusion","status":"publish","type":"product","link":"https:\/\/ofertasimportadas.cl\/index.php\/producto\/prenatal-90-gomitas-vitafusion\/","title":{"rendered":"Prenatal 90 Gomitas VITAFUSION"},"content":{"rendered":"<p><b>Vitafusion PreNatal Gummy Vitamins\u00a0 es un multivitam\u00ednico que ha sido formulado para apoyar las necesidades de salud espec\u00edficas de las mujeres antes, durante y despu\u00e9s del embarazo. Te encantar\u00e1 la deliciosa fusi\u00f3n de vitaminas, minerales y sabores naturales de frutas esenciales. Sin hierro agregado, son agradables para el est\u00f3mago y brindan a las mujeres embarazadas una f\u00f3rmula multivitam\u00ednica con una excelente fuente de \u00e1cido f\u00f3lico y 50 mg de DHA [1]. 2 gomitas proporcionan: 100% de valor diario de folato, 50 mg de Omega-3 DHA [1]; Una excelente fuente de vitaminas A y D. Sabores naturales de limonada y frambuesa. En Vitafusion, creemos que el sabor y la nutrici\u00f3n se pueden fusionar para brindar la mejor experiencia vitam\u00ednica, asegurando que sea una parte f\u00e1cil y deliciosa de su d\u00eda. Durante m\u00e1s de 12 a\u00f1os, hemos estado ayudando a las personas a vivir una vida feliz y saludable con nuestras vitaminas y suplementos gomosos. Vitafusion es la \u00fanica marca de gomitas de vitamina con productos que han sido galardonados con el premio ChefsBest Excellence para el sabor [2]. Todo es posible cuando una buena nutrici\u00f3n es su base. D\u00e9 un paso fruct\u00edfero hacia un mundo m\u00e1s saludable y feliz con la marca de gomitas de vitamina n\u00famero 1 de Estados Unidos. \u00a1Vitamina mejor!\u00a0<\/b><\/p>\n<p><b>[2] El premio ChefsBest Excellence Award se otorga a las marcas que superan los est\u00e1ndares de calidad establecidos por chefs profesionales independientes.\u00a0<\/b><\/p>\n<p><b>[1] Estas declaraciones no han sido evaluadas por la Administraci\u00f3n de Drogas y Alimentos. Este producto no est\u00e1 destinado a diagnosticar, tratar, curar o prevenir ninguna enfermedad.<\/b><\/p>\n<ul>\n<li aria-level=\"1\"><b>De la marca de vitamina gomosa n. \u00b0 1 de Estados Unidos<\/b><\/li>\n<\/ul>\n<ul>\n<li aria-level=\"1\"><b>Suave para el est\u00f3mago sin hierro a\u00f1adido<\/b><\/li>\n<\/ul>\n<ul>\n<li aria-level=\"1\"><b>Elaborado con aceite de pescado purificado de alta calidad que ha sido probado para detectar mercurio y PCB.<\/b><\/li>\n<\/ul>\n<ul>\n<li aria-level=\"1\"><b>NO contiene jarabe de ma\u00edz con alto contenido de fructosa, NO contiene gluten ni colorantes sint\u00e9ticos (FD&amp;C)<\/b><\/li>\n<\/ul>\n<ul>\n<li aria-level=\"1\"><b>Ganador del premio ChefsBest Excellence Award 2018. El premio ChefsBest Excellence Award se otorga a las marcas que superan los est\u00e1ndares de calidad establecidos por chefs profesionales independientes.<\/b><\/li>\n<\/ul>\n<h3><b>Dosis<\/b><\/h3>\n<p><b>2 Gomitas<\/b><\/p>\n<h3><b>Instrucciones<\/b><\/h3>\n<p><b>Uso sugerido: Como suplemento diet\u00e9tico, los adultos toman dos (2) vitaminas gomosas por d\u00eda. Mastique bien antes de tragar.<\/b><\/p>\n","protected":false},"excerpt":{"rendered":"<p><b>Vitafusion PreNatal Gummy Vitamins\u00a0 es un multivitam\u00ednico que ha sido formulado para apoyar las necesidades de salud espec\u00edficas de las mujeres antes, durante y despu\u00e9s del embarazo. <\/b><b><\/b><\/p>\n","protected":false},"featured_media":3096,"comment_status":"open","ping_status":"closed","template":"","meta":{"_joinchat":[]},"product_brand":[],"product_cat":[26,76,101,70],"product_tag":[],"class_list":{"0":"post-2896","1":"product","2":"type-product","3":"status-publish","4":"has-post-thumbnail","6":"product_cat-para-ellas","7":"product_cat-prenatal","8":"product_cat-todos-los-productos","9":"product_cat-vitaminas","11":"first","12":"instock","13":"shipping-taxable","14":"purchasable","15":"product-type-simple"},"_links":{"self":[{"href":"https:\/\/ofertasimportadas.cl\/index.php\/wp-json\/wp\/v2\/product\/2896","targetHints":{"allow":["GET"]}}],"collection":[{"href":"https:\/\/ofertasimportadas.cl\/index.php\/wp-json\/wp\/v2\/product"}],"about":[{"href":"https:\/\/ofertasimportadas.cl\/index.php\/wp-json\/wp\/v2\/types\/product"}],"replies":[{"embeddable":true,"href":"https:\/\/ofertasimportadas.cl\/index.php\/wp-json\/wp\/v2\/comments?post=2896"}],"wp:featuredmedia":[{"embeddable":true,"href":"https:\/\/ofertasimportadas.cl\/index.php\/wp-json\/wp\/v2\/media\/3096"}],"wp:attachment":[{"href":"https:\/\/ofertasimportadas.cl\/index.php\/wp-json\/wp\/v2\/media?parent=2896"}],"wp:term":[{"taxonomy":"product_brand","embeddable":true,"href":"https:\/\/ofertasimportadas.cl\/index.php\/wp-json\/wp\/v2\/product_brand?post=2896"},{"taxonomy":"product_cat","embeddable":true,"href":"https:\/\/ofertasimportadas.cl\/index.php\/wp-json\/wp\/v2\/product_cat?post=2896"},{"taxonomy":"product_tag","embeddable":true,"href":"https:\/\/ofertasimportadas.cl\/index.php\/wp-json\/wp\/v2\/product_tag?post=2896"}],"curies":[{"name":"wp","href":"https:\/\/api.w.org\/{rel}","templated":true}]}}