{"id":2897,"date":"2021-10-18T16:03:09","date_gmt":"2021-10-18T19:03:09","guid":{"rendered":"https:\/\/ofertasimportadas.cl\/index.php\/producto\/caltrate-200-tabletas\/"},"modified":"2026-02-05T21:47:12","modified_gmt":"2026-02-06T00:47:12","slug":"caltrate-200-tabletas","status":"publish","type":"product","link":"https:\/\/ofertasimportadas.cl\/index.php\/producto\/caltrate-200-tabletas\/","title":{"rendered":"CALTRATE 200 Tabletas"},"content":{"rendered":"<p><b>Caltrate en tabletas ayuda a obtener el calcio y la vitamina D que su cuerpo necesita para mantener huesos y m\u00fasculos saludables y mantenerse en movimiento, conf\u00ede en Caltrate, la marca n\u00famero uno en ventas de suplementos de calcio en los Estados Unidos. Su cuerpo necesita calcio para algo m\u00e1s que huesos fuertes; tambi\u00e9n juega un papel fundamental en el apoyo a sus actividades diarias como las contracciones musculares, la coagulaci\u00f3n de la sangre y la funci\u00f3n nerviosa. Sin embargo, necesita vitamina D para ayudar a que el calcio funcione para usted. Si tiene una deficiencia de vit. D, puede reducir la cantidad de calcio que su cuerpo absorbe y puede resultar en huesos debilitados o quebradizos, lo que dificulta mantener su estilo de vida activo y saludable. Con los niveles avanzados de vitamina D3 en los suplementos Caltrate 600 plus D3, su cuerpo puede obtener la ayuda que necesita para maximizar la absorci\u00f3n de calcio y mantenerlo en movimiento durante toda la vida. (1,3) Caltrate contiene carbonato de calcio, una de las dos formas m\u00e1s comunes de calcio que se utilizan en los suplementos diet\u00e9ticos. Es la forma m\u00e1s concentrada de calcio, por lo que las tabletas pueden ser m\u00e1s peque\u00f1as, lo que permite tragar m\u00e1s f\u00e1cilmente y es posible que tome menos. Con menos tabletas necesarias en su rutina diaria, su botella de Caltrate 600 m\u00e1s vitamina D3 puede durar m\u00e1s en comparaci\u00f3n con otras formas de suplementos, que contienen citrato de calcio. Respaldado por m\u00e1s de 25 a\u00f1os de investigaci\u00f3n en ciencias de la nutrici\u00f3n, Caltrate est\u00e1 formulado teniendo en cuenta las recomendaciones de la Academia Nacional de Ciencias para apoyar la salud de los huesos y en general. (1) (1) Estas declaraciones no han sido evaluadas por la Administraci\u00f3n de Drogas y Alimentos. Estos productos no est\u00e1n destinados a diagnosticar, tratar, curar o prevenir ninguna enfermedad. (2) Por tableta; entre las principales marcas de suplementos de calcio.<\/b><\/p>\n<ul>\n<li style=\"font-weight: 400;\" aria-level=\"1\"><span style=\"font-weight: 400;\">Cada caja contiene 200 tabletas de Caltrate 600 + D3 para apoyar huesos fuertes y saludables. (1)<\/span><\/li>\n<li style=\"font-weight: 400;\" aria-level=\"1\"><span style=\"font-weight: 400;\">Ning\u00fan otro suplemento de calcio tiene m\u00e1s vitamina D3 para ayudar a maximizar la absorci\u00f3n de calcio. (1,2)<\/span><\/li>\n<li style=\"font-weight: 400;\" aria-level=\"1\"><span style=\"font-weight: 400;\">Conf\u00ede en Caltrate, el experto en calcio, para ayudar a reponer el calcio y ayudar a proporcionar la vitamina D3 que su cuerpo usa todos los d\u00edas. (1)<\/span><\/li>\n<li style=\"font-weight: 400;\" aria-level=\"1\"><span style=\"font-weight: 400;\">Una cantidad suficiente de calcio y vitamina D como parte de una dieta saludable puede reducir el riesgo de osteoporosis. (1)<\/span><\/li>\n<li style=\"font-weight: 400;\" aria-level=\"1\"><span style=\"font-weight: 400;\">El calcio en Caltrate 600 + D3 tambi\u00e9n juega un papel importante en la salud de sus nervios, hormonas y dientes. (1)<\/span><\/li>\n<\/ul>\n","protected":false},"excerpt":{"rendered":"<p><b>Caltrate en tabletas ayuda a obtener el calcio y la vitamina D que su cuerpo necesita para mantener huesos y m\u00fasculos saludables.<\/b><\/p>\n","protected":false},"featured_media":2945,"comment_status":"open","ping_status":"closed","template":"","meta":{"_joinchat":[]},"product_brand":[],"product_cat":[77,85,26,27,101,81,70],"product_tag":[],"class_list":{"0":"post-2897","1":"product","2":"type-product","3":"status-publish","4":"has-post-thumbnail","6":"product_cat-calcio","7":"product_cat-calcio-vitaminas-para-ellos","8":"product_cat-para-ellas","9":"product_cat-para-ellos","10":"product_cat-todos-los-productos","11":"product_cat-vitaminas-para-ellos","12":"product_cat-vitaminas","14":"first","15":"instock","16":"shipping-taxable","17":"purchasable","18":"product-type-simple"},"_links":{"self":[{"href":"https:\/\/ofertasimportadas.cl\/index.php\/wp-json\/wp\/v2\/product\/2897","targetHints":{"allow":["GET"]}}],"collection":[{"href":"https:\/\/ofertasimportadas.cl\/index.php\/wp-json\/wp\/v2\/product"}],"about":[{"href":"https:\/\/ofertasimportadas.cl\/index.php\/wp-json\/wp\/v2\/types\/product"}],"replies":[{"embeddable":true,"href":"https:\/\/ofertasimportadas.cl\/index.php\/wp-json\/wp\/v2\/comments?post=2897"}],"wp:featuredmedia":[{"embeddable":true,"href":"https:\/\/ofertasimportadas.cl\/index.php\/wp-json\/wp\/v2\/media\/2945"}],"wp:attachment":[{"href":"https:\/\/ofertasimportadas.cl\/index.php\/wp-json\/wp\/v2\/media?parent=2897"}],"wp:term":[{"taxonomy":"product_brand","embeddable":true,"href":"https:\/\/ofertasimportadas.cl\/index.php\/wp-json\/wp\/v2\/product_brand?post=2897"},{"taxonomy":"product_cat","embeddable":true,"href":"https:\/\/ofertasimportadas.cl\/index.php\/wp-json\/wp\/v2\/product_cat?post=2897"},{"taxonomy":"product_tag","embeddable":true,"href":"https:\/\/ofertasimportadas.cl\/index.php\/wp-json\/wp\/v2\/product_tag?post=2897"}],"curies":[{"name":"wp","href":"https:\/\/api.w.org\/{rel}","templated":true}]}}