{"id":2898,"date":"2021-10-18T16:03:09","date_gmt":"2021-10-18T19:03:09","guid":{"rendered":"https:\/\/ofertasimportadas.cl\/index.php\/producto\/caltrate-masticable-vainilla\/"},"modified":"2025-04-10T17:29:59","modified_gmt":"2025-04-10T20:29:59","slug":"caltrate-masticable-vainilla","status":"publish","type":"product","link":"https:\/\/ofertasimportadas.cl\/index.php\/producto\/caltrate-masticable-vainilla\/","title":{"rendered":"CALTRATE Masticable Vainilla"},"content":{"rendered":"<p><b>Disfrute de una manera conveniente y deliciosa de mantener los huesos sanos con Caltrate 600 m\u00e1s D3 Soft Chews. Si le resulta dif\u00edcil tomar tabletas de calcio, los masticables suaves envueltos individualmente son una excelente alternativa que facilita la nutrici\u00f3n de sus huesos en cualquier momento, en cualquier lugar y con o sin alimentos. (1) Si no obtiene suficiente calcio en su dieta, su cuerpo comienza a tomar calcio que est\u00e1 reservado en sus huesos para otras funciones diarias. Los suplementos de calcio y vitamina D son una manera f\u00e1cil de ayudarlo a obtener suficiente calcio diariamente para apoyar la salud de sus huesos y mantenerse en movimiento. Adem\u00e1s, los niveles avanzados de vit. D3 en cada masticable suave Caltrate, ayuda a maximizar la absorci\u00f3n de calcio. (1) Respaldado por m\u00e1s de 25 a\u00f1os de investigaci\u00f3n en ciencias de la nutrici\u00f3n, Caltrate est\u00e1 formulado teniendo en cuenta las recomendaciones de la Academia Nacional de Ciencias para apoyar la salud de los huesos y en general. Por lo tanto, no es de extra\u00f1ar que Caltrate sea la marca de suplementos de calcio n\u00famero uno en ventas en los Estados Unidos y en la que conf\u00edan tantas personas como usted. (1,2) Estos productos no est\u00e1n destinados a diagnosticar, tratar, curar o prevenir ninguna enfermedad. (2) Los datos de ventas minoristas de IRI respaldan que Caltrate es la primera marca de suplementos de calcio que vende en los EE. UU.<\/b><\/p>\n<ul>\n<li style=\"font-weight: 400;\" aria-level=\"1\"><span style=\"font-weight: 400;\">Cada bolsa contiene 60 masticables suaves de Caltrate 600 + D3 en sabor VAINILLA CREME para una forma conveniente de nutrir sus huesos. (1)<\/span><\/li>\n<li style=\"font-weight: 400;\" aria-level=\"1\"><span style=\"font-weight: 400;\">Los masticables blandos envueltos individualmente se pueden tomar en cualquier momento, en cualquier lugar y con o sin comida.<\/span><\/li>\n<li style=\"font-weight: 400;\" aria-level=\"1\"><span style=\"font-weight: 400;\">Caltrate 600 + D3 Soft Chews tiene 800 UI de vitamina D3 para ayudar a maximizar la absorci\u00f3n de calcio. (1)<\/span><\/li>\n<li style=\"font-weight: 400;\" aria-level=\"1\"><span style=\"font-weight: 400;\">El calcio y la vitamina D apoyan huesos y m\u00fasculos saludables para ayudarlo a mantenerse en movimiento durante toda la vida. (1)<\/span><\/li>\n<li style=\"font-weight: 400;\" aria-level=\"1\"><span style=\"font-weight: 400;\">Caltrate es la marca n\u00famero uno en ventas de suplementos de calcio en los Estados Unidos. (2)<\/span><\/li>\n<\/ul>\n<h3><b>Dosis<\/b><\/h3>\n<p><span style=\"font-weight: 400;\">1<\/span><\/p>\n<h3><b>Instrucciones<\/b><\/h3>\n<p><span style=\"font-weight: 400;\">A partir de los 13 a\u00f1os, tome un (1) masticable suave al d\u00eda con o sin alimentos o seg\u00fan las indicaciones de su m\u00e9dico. No est\u00e1 formulado para su uso en ni\u00f1os menores de 13 a\u00f1os.<\/span><\/p>\n","protected":false},"excerpt":{"rendered":"<p><b>Disfrute de una manera conveniente y deliciosa de mantener los huesos sanos con Caltrate 600 m\u00e1s D3 Soft Chews.<\/b><\/p>\n","protected":false},"featured_media":2956,"comment_status":"open","ping_status":"closed","template":"","meta":{"_joinchat":[]},"product_brand":[],"product_cat":[15],"product_tag":[],"class_list":{"0":"post-2898","1":"product","2":"type-product","3":"status-publish","4":"has-post-thumbnail","6":"product_cat-sin-categoria","8":"first","9":"outofstock","10":"shipping-taxable","11":"purchasable","12":"product-type-simple"},"_links":{"self":[{"href":"https:\/\/ofertasimportadas.cl\/index.php\/wp-json\/wp\/v2\/product\/2898","targetHints":{"allow":["GET"]}}],"collection":[{"href":"https:\/\/ofertasimportadas.cl\/index.php\/wp-json\/wp\/v2\/product"}],"about":[{"href":"https:\/\/ofertasimportadas.cl\/index.php\/wp-json\/wp\/v2\/types\/product"}],"replies":[{"embeddable":true,"href":"https:\/\/ofertasimportadas.cl\/index.php\/wp-json\/wp\/v2\/comments?post=2898"}],"wp:featuredmedia":[{"embeddable":true,"href":"https:\/\/ofertasimportadas.cl\/index.php\/wp-json\/wp\/v2\/media\/2956"}],"wp:attachment":[{"href":"https:\/\/ofertasimportadas.cl\/index.php\/wp-json\/wp\/v2\/media?parent=2898"}],"wp:term":[{"taxonomy":"product_brand","embeddable":true,"href":"https:\/\/ofertasimportadas.cl\/index.php\/wp-json\/wp\/v2\/product_brand?post=2898"},{"taxonomy":"product_cat","embeddable":true,"href":"https:\/\/ofertasimportadas.cl\/index.php\/wp-json\/wp\/v2\/product_cat?post=2898"},{"taxonomy":"product_tag","embeddable":true,"href":"https:\/\/ofertasimportadas.cl\/index.php\/wp-json\/wp\/v2\/product_tag?post=2898"}],"curies":[{"name":"wp","href":"https:\/\/api.w.org\/{rel}","templated":true}]}}