{"id":2900,"date":"2021-10-18T16:03:09","date_gmt":"2021-10-18T19:03:09","guid":{"rendered":"https:\/\/ofertasimportadas.cl\/index.php\/producto\/calcio-vitafusion-100-gomitas\/"},"modified":"2025-05-25T18:05:42","modified_gmt":"2025-05-25T21:05:42","slug":"calcio-vitafusion-100-gomitas","status":"publish","type":"product","link":"https:\/\/ofertasimportadas.cl\/index.php\/producto\/calcio-vitafusion-100-gomitas\/","title":{"rendered":"Calcio VITAFUSION 100 Gomitas"},"content":{"rendered":"<p style=\"text-align: left;\"><b>Con Calcium VitaFusion\u00a0 Disfrute de una deliciosa gomita de calcio. Una fusi\u00f3n de nutrientes esenciales y sabores naturales de frutas y nata, dos gomitas de calcio vitafusion proporcionan una excelente fuente de vitamina D y calcio para huesos y articulaciones. Cada porci\u00f3n apoya la salud \u00f3sea en forma de gomitas: 500 mg de calcio m\u00e1s 25 mcg (1,000 UI) de vitamina D. * Cada porci\u00f3n tiene tanto calcio como dos vasos de leche de 6 oz. Sabores naturales de frutas y nata. Sin gluten. En vitafusion, creemos que el sabor y la nutrici\u00f3n se pueden fusionar para brindar la mejor experiencia vitam\u00ednica, asegurando que sea una parte f\u00e1cil y deliciosa de su d\u00eda. Durante m\u00e1s de 12 a\u00f1os, hemos ayudado a las personas a vivir una vida feliz y saludable con nuestras vitaminas y suplementos gomosos. Vitafusion es la \u00fanica marca de gomitas de vitamina con productos que han sido galardonados con el premio ChefsBest Excellence por su sabor. [2] Todo es posible cuando tu base es una buena nutrici\u00f3n. D\u00e9 un paso fruct\u00edfero hacia un mundo m\u00e1s saludable y feliz con la marca de gomitas de vitamina n\u00famero 1 de Estados Unidos. \u00a1Vitamina mejor! [1] Estas declaraciones no han sido evaluadas por la Administraci\u00f3n de Drogas y Alimentos. Este producto no est\u00e1 destinado a diagnosticar, tratar, curar o prevenir ninguna enfermedad. [2] El premio ChefsBest Excellence Award se otorga a las marcas que superan los est\u00e1ndares de calidad establecidos por chefs profesionales independientes.<\/b><\/p>\n<ul>\n<li style=\"font-weight: 400;\" aria-level=\"1\"><span style=\"font-weight: 400;\">Marca de vitamina gomosa n.o 1 de Estados Unidos<\/span><\/li>\n<li style=\"font-weight: 400;\" aria-level=\"1\"><span style=\"font-weight: 400;\">Soporte para huesos y dientes [1]<\/span><\/li>\n<li style=\"font-weight: 400;\" aria-level=\"1\"><span style=\"font-weight: 400;\">500 mg de calcio por porci\u00f3n, hasta 12 oz. de leche<\/span><\/li>\n<li style=\"font-weight: 400;\" aria-level=\"1\"><span style=\"font-weight: 400;\">Deliciosos sabores naturales de frutas y nata<\/span><\/li>\n<li style=\"font-weight: 400;\" aria-level=\"1\"><span style=\"font-weight: 400;\">NO contiene jarabe de ma\u00edz de alta fructosa, NO endulzantes artificiales, NO gluten, NO l\u00e1cteos y NO colorantes sint\u00e9ticos (FD&amp;C)<\/span><\/li>\n<\/ul>\n<h3><b>DOSIS<\/b><\/h3>\n<p><span style=\"font-weight: 400;\">Uso sugerido: Como suplemento diet\u00e9tico, tome dos (2) suplementos de gomitas al d\u00eda. Mastique bien antes de tragar.<\/span><\/p>\n","protected":false},"excerpt":{"rendered":"<p><b>Con Calcium VitaFusion\u00a0 Disfrute de una deliciosa gomita de calcio.<\/b><\/p>\n","protected":false},"featured_media":2942,"comment_status":"open","ping_status":"closed","template":"","meta":{"_joinchat":[]},"product_brand":[],"product_cat":[15],"product_tag":[],"class_list":{"0":"post-2900","1":"product","2":"type-product","3":"status-publish","4":"has-post-thumbnail","6":"product_cat-sin-categoria","8":"first","9":"outofstock","10":"shipping-taxable","11":"purchasable","12":"product-type-simple"},"_links":{"self":[{"href":"https:\/\/ofertasimportadas.cl\/index.php\/wp-json\/wp\/v2\/product\/2900","targetHints":{"allow":["GET"]}}],"collection":[{"href":"https:\/\/ofertasimportadas.cl\/index.php\/wp-json\/wp\/v2\/product"}],"about":[{"href":"https:\/\/ofertasimportadas.cl\/index.php\/wp-json\/wp\/v2\/types\/product"}],"replies":[{"embeddable":true,"href":"https:\/\/ofertasimportadas.cl\/index.php\/wp-json\/wp\/v2\/comments?post=2900"}],"wp:featuredmedia":[{"embeddable":true,"href":"https:\/\/ofertasimportadas.cl\/index.php\/wp-json\/wp\/v2\/media\/2942"}],"wp:attachment":[{"href":"https:\/\/ofertasimportadas.cl\/index.php\/wp-json\/wp\/v2\/media?parent=2900"}],"wp:term":[{"taxonomy":"product_brand","embeddable":true,"href":"https:\/\/ofertasimportadas.cl\/index.php\/wp-json\/wp\/v2\/product_brand?post=2900"},{"taxonomy":"product_cat","embeddable":true,"href":"https:\/\/ofertasimportadas.cl\/index.php\/wp-json\/wp\/v2\/product_cat?post=2900"},{"taxonomy":"product_tag","embeddable":true,"href":"https:\/\/ofertasimportadas.cl\/index.php\/wp-json\/wp\/v2\/product_tag?post=2900"}],"curies":[{"name":"wp","href":"https:\/\/api.w.org\/{rel}","templated":true}]}}