{"id":2902,"date":"2021-10-18T16:03:11","date_gmt":"2021-10-18T19:03:11","guid":{"rendered":"https:\/\/ofertasimportadas.cl\/index.php\/producto\/zinc-natures-bounty-200-tabletas\/"},"modified":"2026-04-08T11:44:29","modified_gmt":"2026-04-08T14:44:29","slug":"zinc-natures-bounty-200-tabletas","status":"publish","type":"product","link":"https:\/\/ofertasimportadas.cl\/index.php\/producto\/zinc-natures-bounty-200-tabletas\/","title":{"rendered":"Zinc NATURE&#8217;S BOUNTY 200 tabletas"},"content":{"rendered":"<p><b>Apoya la funci\u00f3n del sistema inmunol\u00f3gico *. El zinc tambi\u00e9n puede funcionar como un antioxidante en el cuerpo, contribuir a la salud de la piel y los huesos y ayudar en la formaci\u00f3n de ADN. * Como un componente de la enzima col\u00e1geno, zinc Nature&#8217;s Bounty se ha estudiado cl\u00ednicamente por su contribuci\u00f3n a la salud de la piel.<\/b><\/p>\n<p><b>* Esta declaraci\u00f3n no ha sido evaluada por la Administraci\u00f3n de Drogas y Alimentos. Este producto no est\u00e1 destinado a diagnosticar, tratar, curar o prevenir ninguna enfermedad.<\/b><\/p>\n<p><b>Sin OMG, sin colorantes artificiales, sin saborizantes artificiales, sin edulcorantes artificiales, sin az\u00facar, sin almid\u00f3n, sin leche, sin lactosa, sin soja, sin gluten, sin trigo, sin levadura, sin pescado. Libre de sodio. Apto para vegetarianos. 50 a\u00f1os de calidad confiable.<\/b><\/p>\n<p><b>En Nature&#8217;s Bounty, estamos comprometidos con su salud. Durante 50 a\u00f1os hemos estado fabricando productos confiables, respaldados por la ciencia y elaborados solo con los ingredientes m\u00e1s puros &#8230; garantizados. Para que pueda aprovechar al m\u00e1ximo la vida todos los d\u00edas.<\/b><\/p>\n<ul>\n<li style=\"font-weight: 400;\" aria-level=\"1\"><span style=\"font-weight: 400;\">Calidad garantizada<\/span><\/li>\n<li style=\"font-weight: 400;\" aria-level=\"1\"><span style=\"font-weight: 400;\">Probado en laboratorio<\/span><\/li>\n<\/ul>\n<h3><b>Dosis<\/b><\/h3>\n<p><span style=\"font-weight: 400;\">Instrucciones: Para adultos, tome una (1) c\u00e1psula al d\u00eda, preferiblemente con una comida.<\/span><\/p>\n<h3><b>Instrucciones<\/b><\/h3>\n<p><span style=\"font-weight: 400;\">ADVERTENCIA: Si est\u00e1 embarazada, amamantando, tomando alg\u00fan medicamento o tiene alguna condici\u00f3n m\u00e9dica, consulte a su m\u00e9dico antes de usar. Suspenda su uso y consulte a su m\u00e9dico si se produce alguna reacci\u00f3n adversa. Mantener fuera del alcance de los ni\u00f1os. Almacenar a temperatura ambiente. No lo use si el sello debajo de la tapa est\u00e1 roto o falta<\/span><\/p>\n","protected":false},"excerpt":{"rendered":"<p><b>El zinc tambi\u00e9n puede funcionar como un antioxidante en el cuerpo, contribuir a la salud de la piel y los huesos y ayudar en la formaci\u00f3n de ADN.<\/b><\/p>\n","protected":false},"featured_media":2975,"comment_status":"open","ping_status":"closed","template":"","meta":{"_joinchat":[]},"product_brand":[],"product_cat":[26,27,81,70,86,78],"product_tag":[],"class_list":{"0":"post-2902","1":"product","2":"type-product","3":"status-publish","4":"has-post-thumbnail","6":"product_cat-para-ellas","7":"product_cat-para-ellos","8":"product_cat-vitaminas-para-ellos","9":"product_cat-vitaminas","10":"product_cat-zinc-vitaminas-para-ellos","11":"product_cat-zinc","13":"first","14":"outofstock","15":"shipping-taxable","16":"purchasable","17":"product-type-simple"},"_links":{"self":[{"href":"https:\/\/ofertasimportadas.cl\/index.php\/wp-json\/wp\/v2\/product\/2902","targetHints":{"allow":["GET"]}}],"collection":[{"href":"https:\/\/ofertasimportadas.cl\/index.php\/wp-json\/wp\/v2\/product"}],"about":[{"href":"https:\/\/ofertasimportadas.cl\/index.php\/wp-json\/wp\/v2\/types\/product"}],"replies":[{"embeddable":true,"href":"https:\/\/ofertasimportadas.cl\/index.php\/wp-json\/wp\/v2\/comments?post=2902"}],"wp:featuredmedia":[{"embeddable":true,"href":"https:\/\/ofertasimportadas.cl\/index.php\/wp-json\/wp\/v2\/media\/2975"}],"wp:attachment":[{"href":"https:\/\/ofertasimportadas.cl\/index.php\/wp-json\/wp\/v2\/media?parent=2902"}],"wp:term":[{"taxonomy":"product_brand","embeddable":true,"href":"https:\/\/ofertasimportadas.cl\/index.php\/wp-json\/wp\/v2\/product_brand?post=2902"},{"taxonomy":"product_cat","embeddable":true,"href":"https:\/\/ofertasimportadas.cl\/index.php\/wp-json\/wp\/v2\/product_cat?post=2902"},{"taxonomy":"product_tag","embeddable":true,"href":"https:\/\/ofertasimportadas.cl\/index.php\/wp-json\/wp\/v2\/product_tag?post=2902"}],"curies":[{"name":"wp","href":"https:\/\/api.w.org\/{rel}","templated":true}]}}