{"id":2905,"date":"2021-10-18T16:03:12","date_gmt":"2021-10-18T19:03:12","guid":{"rendered":"https:\/\/ofertasimportadas.cl\/index.php\/producto\/biotina-spring-valley-5000mcg-240-capsulas-blandas\/"},"modified":"2026-03-23T18:18:30","modified_gmt":"2026-03-23T21:18:30","slug":"biotina-spring-valley-5000mcg-240-capsulas-blandas","status":"publish","type":"product","link":"https:\/\/ofertasimportadas.cl\/index.php\/producto\/biotina-spring-valley-5000mcg-240-capsulas-blandas\/","title":{"rendered":"Biotina SPRING VALLEY 5000mcg 240 Capsulas Blandas"},"content":{"rendered":"<p><b>El Suplemento Diet\u00e9tico Spring Valley Biotin, 5,000 mcg, es un suplemento de vitamina B que es esencial para un metabolismo energ\u00e9tico saludable y tambi\u00e9n apoya la salud del cabello, la piel y las u\u00f1as*. La dosis sugerida para adultos es una c\u00e1psula blanda una o dos veces al d\u00eda, preferiblemente con una comida. Estas c\u00e1psulas blandas est\u00e1n libres de gluten, levadura, trigo, leche o derivados de la leche, lactosa y az\u00facar, y no contienen saborizantes ni conservantes artificiales. Puede estar seguro de que el suplemento diet\u00e9tico Spring Valley Biotin, 5,000 mcg, se produce con estrictas pautas de calidad y est\u00e1 respaldado por nuestra garant\u00eda de calidad, lo que lo convierte en una opci\u00f3n inteligente para sus necesidades de suplementos diet\u00e9ticos.<\/b><\/p>\n<p><b>* Estas declaraciones no han sido evaluadas por la Administraci\u00f3n de Alimentos y Medicamentos (FDA). Este producto no est\u00e1 destinado a diagnosticar, tratar, curar o prevenir ninguna enfermedad.<\/b><\/p>\n<p><b>Spring Valley entiende que llevar un estilo de vida saludable y equilibrado es la clave. Con una gama asequible de productos inspirados en la naturaleza, Spring Valley apoya la salud y el bienestar integral de usted y su familia.<\/b><\/p>\n<ul>\n<li aria-level=\"1\"><b>Suplemento diet\u00e9tico para la salud del cabello, la piel y las u\u00f1as<\/b><\/li>\n<\/ul>\n<ul>\n<li aria-level=\"1\"><b>Biotina 5,000 mcg por c\u00e1psula blanda<\/b><\/li>\n<\/ul>\n<ul>\n<li aria-level=\"1\"><b>Sin gluten, leche, trigo, lactosa, az\u00facar ni levadura<\/b><\/li>\n<\/ul>\n<ul>\n<li aria-level=\"1\"><b>Menos de 5 mg de sodio por raci\u00f3n<\/b><\/li>\n<\/ul>\n<ul>\n<li aria-level=\"1\"><b>Sin saborizantes ni conservantes artificiales.<\/b><\/li>\n<\/ul>\n<h3><b>Dosis<\/b><\/h3>\n<p><b>Uso sugerido: Adultos, tomar una c\u00e1psula blanda una o dos veces al d\u00eda, preferiblemente con una comida.<\/b><\/p>\n<p>&nbsp;<\/p>\n<h3><b>Instrucciones<\/b><\/h3>\n<p><b>ADVERTENCIA: Si est\u00e1 embarazada, amamantando, tomando alg\u00fan medicamento o tiene alguna condici\u00f3n m\u00e9dica, consulte a su m\u00e9dico antes de usar. Es recomendable consultar a su m\u00e9dico antes de usar dosis de biotina superiores a 2500 mcg al d\u00eda. Si se produce alguna reacci\u00f3n adversa, deje de usar y consulte a su m\u00e9dico. **MANTENER FUERA DEL ALCANCE DE LOS NI\u00d1OS. ** PARA SU PROTECCI\u00d3N, NO LO USE SI EL SELLO DEBAJO DE LA TAPA EST\u00c1 ROTO O FALTA.<\/b><\/p>\n","protected":false},"excerpt":{"rendered":"<p><b>El Suplemento Diet\u00e9tico Spring Valley Biotin, 5,000 mcg, es un suplemento de vitamina B que es esencial para un metabolismo energ\u00e9tico saludable y tambi\u00e9n apoya la salud del cabello, la piel y las u\u00f1as*. <\/b><b><\/b><\/p>\n","protected":false},"featured_media":3084,"comment_status":"open","ping_status":"closed","template":"","meta":{"_joinchat":[]},"product_brand":[],"product_cat":[88,80,26,27,101,70,81],"product_tag":[],"class_list":{"0":"post-2905","1":"product","2":"type-product","3":"status-publish","4":"has-post-thumbnail","6":"product_cat-biotina-vitaminas-para-ellos","7":"product_cat-biotina","8":"product_cat-para-ellas","9":"product_cat-para-ellos","10":"product_cat-todos-los-productos","11":"product_cat-vitaminas","12":"product_cat-vitaminas-para-ellos","14":"first","15":"instock","16":"shipping-taxable","17":"purchasable","18":"product-type-simple"},"_links":{"self":[{"href":"https:\/\/ofertasimportadas.cl\/index.php\/wp-json\/wp\/v2\/product\/2905","targetHints":{"allow":["GET"]}}],"collection":[{"href":"https:\/\/ofertasimportadas.cl\/index.php\/wp-json\/wp\/v2\/product"}],"about":[{"href":"https:\/\/ofertasimportadas.cl\/index.php\/wp-json\/wp\/v2\/types\/product"}],"replies":[{"embeddable":true,"href":"https:\/\/ofertasimportadas.cl\/index.php\/wp-json\/wp\/v2\/comments?post=2905"}],"wp:featuredmedia":[{"embeddable":true,"href":"https:\/\/ofertasimportadas.cl\/index.php\/wp-json\/wp\/v2\/media\/3084"}],"wp:attachment":[{"href":"https:\/\/ofertasimportadas.cl\/index.php\/wp-json\/wp\/v2\/media?parent=2905"}],"wp:term":[{"taxonomy":"product_brand","embeddable":true,"href":"https:\/\/ofertasimportadas.cl\/index.php\/wp-json\/wp\/v2\/product_brand?post=2905"},{"taxonomy":"product_cat","embeddable":true,"href":"https:\/\/ofertasimportadas.cl\/index.php\/wp-json\/wp\/v2\/product_cat?post=2905"},{"taxonomy":"product_tag","embeddable":true,"href":"https:\/\/ofertasimportadas.cl\/index.php\/wp-json\/wp\/v2\/product_tag?post=2905"}],"curies":[{"name":"wp","href":"https:\/\/api.w.org\/{rel}","templated":true}]}}