{"id":2906,"date":"2021-10-18T16:03:12","date_gmt":"2021-10-18T19:03:12","guid":{"rendered":"https:\/\/ofertasimportadas.cl\/index.php\/producto\/biotina-spring-valley-10000mcg-120-capsulas-blandas\/"},"modified":"2026-05-10T00:39:54","modified_gmt":"2026-05-10T03:39:54","slug":"biotina-spring-valley-10000mcg-120-capsulas-blandas","status":"publish","type":"product","link":"https:\/\/ofertasimportadas.cl\/index.php\/producto\/biotina-spring-valley-10000mcg-120-capsulas-blandas\/","title":{"rendered":"Biotina SPRING VALLEY 10000mcg 120 Capsulas Blandas"},"content":{"rendered":"<p style=\"text-align: right;\"><b>El Suplemento Diet\u00e9tico Spring Valley Biotin, 10000 mcg,\u00a0 es un suplemento de vitamina B que\u00a0 apoya la salud del cabello, la piel y las u\u00f1as. * Estos suplementos Spring Valley apoyan el metabolismo energ\u00e9tico saludable y pueden ayudar a mantener la salud del sistema nervioso. * Los suplementos diet\u00e9ticos Spring Valley Biotin son una manera f\u00e1cil y confiable de ayudar a mantener su cabello y u\u00f1as hermosos. * Este suplemento para la piel de biotina no contiene gluten y no contiene sabores artificiales. Spring Valley entiende que llevar un estilo de vida saludable y equilibrado es la clave. Con una gama asequible de productos inspirados en la naturaleza, Spring Valley apoya la salud y el bienestar integral de usted y su familia. Los adultos deben tomar una de estas c\u00e1psulas blandas complementarias para u\u00f1as, piel y cabello una vez al d\u00eda, preferiblemente con una comida. * Estas declaraciones no han sido evaluadas por la Administraci\u00f3n de Drogas y Alimentos. Este producto no est\u00e1 destinado a diagnosticar, tratar, curar o prevenir ninguna enfermedad.<\/b><\/p>\n<p><b>Spring Valley Biotin Softgels, 10,000 mcg, 120 unidades:<\/b><\/p>\n<ul>\n<li aria-level=\"1\"><b>Una botella de 120 unidades de Spring Valley Biotin 10,000 mcg Softgels<\/b><\/li>\n<\/ul>\n<ul>\n<li aria-level=\"1\"><b>La biotina es una vitamina B soluble en agua que se encuentra naturalmente en la avena, las verduras, las legumbres y la soja.<\/b><\/li>\n<\/ul>\n<ul>\n<li aria-level=\"1\"><b>Este suplemento diet\u00e9tico de biotina 10,000 mcg proporciona una vitamina B que es esencial para un metabolismo energ\u00e9tico saludable *<\/b><\/li>\n<\/ul>\n<ul>\n<li aria-level=\"1\"><b>Los suplementos de biotina de Spring Valley apoyan la salud de la piel, las u\u00f1as y el cabello *<\/b><\/li>\n<\/ul>\n<ul>\n<li aria-level=\"1\"><b>Este suplemento de biotina sin gluten no tiene sabor artificial.<\/b><\/li>\n<\/ul>\n<ul>\n<li aria-level=\"1\"><b>Los adultos deben tomar una c\u00e1psula blanda una vez al d\u00eda, preferiblemente con una comida.<\/b><\/li>\n<\/ul>\n<h3><b>Dosis<\/b><\/h3>\n<p><b>Uso sugerido: Adultos, tomar una c\u00e1psula blanda al d\u00eda, preferiblemente con una comida.<\/b><\/p>\n<p>&nbsp;<\/p>\n<p><b>ADVERTENCIA: Si est\u00e1 embarazada, amamantando, tomando alg\u00fan medicamento o tiene alguna condici\u00f3n m\u00e9dica, consulte a su m\u00e9dico antes de usar. Es recomendable consultar a su m\u00e9dico antes de usar dosis de biotina superiores a 2500 mcg al d\u00eda. Si se produce alguna reacci\u00f3n adversa, deje de usar y consulte a su m\u00e9dico. MANTENER FUERA DEL ALCANCE DE LOS NI\u00d1OS. PARA SU PROTECCI\u00d3N, NO LO USE SI EL SELLO DEBAJO DE LA TAPA EST\u00c1 ROTO O FALTA.<\/b><\/p>\n","protected":false},"excerpt":{"rendered":"<p><b>El Suplemento Diet\u00e9tico Spring Valley Biotin, 10000 mcg,\u00a0 es un suplemento de vitamina B que\u00a0 apoya la salud del cabello, la piel y las u\u00f1as. <\/b><b><\/b><\/p>\n","protected":false},"featured_media":3088,"comment_status":"open","ping_status":"closed","template":"","meta":{"_joinchat":[]},"product_brand":[],"product_cat":[88,80,26,27,101,70,81],"product_tag":[],"class_list":{"0":"post-2906","1":"product","2":"type-product","3":"status-publish","4":"has-post-thumbnail","6":"product_cat-biotina-vitaminas-para-ellos","7":"product_cat-biotina","8":"product_cat-para-ellas","9":"product_cat-para-ellos","10":"product_cat-todos-los-productos","11":"product_cat-vitaminas","12":"product_cat-vitaminas-para-ellos","14":"first","15":"instock","16":"shipping-taxable","17":"purchasable","18":"product-type-simple"},"_links":{"self":[{"href":"https:\/\/ofertasimportadas.cl\/index.php\/wp-json\/wp\/v2\/product\/2906","targetHints":{"allow":["GET"]}}],"collection":[{"href":"https:\/\/ofertasimportadas.cl\/index.php\/wp-json\/wp\/v2\/product"}],"about":[{"href":"https:\/\/ofertasimportadas.cl\/index.php\/wp-json\/wp\/v2\/types\/product"}],"replies":[{"embeddable":true,"href":"https:\/\/ofertasimportadas.cl\/index.php\/wp-json\/wp\/v2\/comments?post=2906"}],"wp:featuredmedia":[{"embeddable":true,"href":"https:\/\/ofertasimportadas.cl\/index.php\/wp-json\/wp\/v2\/media\/3088"}],"wp:attachment":[{"href":"https:\/\/ofertasimportadas.cl\/index.php\/wp-json\/wp\/v2\/media?parent=2906"}],"wp:term":[{"taxonomy":"product_brand","embeddable":true,"href":"https:\/\/ofertasimportadas.cl\/index.php\/wp-json\/wp\/v2\/product_brand?post=2906"},{"taxonomy":"product_cat","embeddable":true,"href":"https:\/\/ofertasimportadas.cl\/index.php\/wp-json\/wp\/v2\/product_cat?post=2906"},{"taxonomy":"product_tag","embeddable":true,"href":"https:\/\/ofertasimportadas.cl\/index.php\/wp-json\/wp\/v2\/product_tag?post=2906"}],"curies":[{"name":"wp","href":"https:\/\/api.w.org\/{rel}","templated":true}]}}