{"id":2907,"date":"2021-10-18T16:03:12","date_gmt":"2021-10-18T19:03:12","guid":{"rendered":"https:\/\/ofertasimportadas.cl\/index.php\/producto\/biotina-natures-bounty-10000mcg-90-capsulas-blandas\/"},"modified":"2026-05-05T17:04:54","modified_gmt":"2026-05-05T20:04:54","slug":"biotina-natures-bounty-10000mcg-90-capsulas-blandas","status":"publish","type":"product","link":"https:\/\/ofertasimportadas.cl\/index.php\/producto\/biotina-natures-bounty-10000mcg-90-capsulas-blandas\/","title":{"rendered":"Biotina NATURE&#8217;S BOUNTY 10000mcg 90 Capsulas Blandas"},"content":{"rendered":"<p><b>Luce y si\u00e9ntete mejor con Nature&#8217;s Bounty Biotin 10,000 mcg. * Estas c\u00e1psulas blandas de liberaci\u00f3n r\u00e1pida apoyan un cabello hermoso, una piel radiante y u\u00f1as saludables desde adentro. * Aunque la biotina es conocida por sus beneficios de apoyo a la belleza, la vers\u00e1til vitamina B tambi\u00e9n brinda apoyo energ\u00e9tico al ayudar a convertir los alimentos en energ\u00eda. * Haga que Nature&#8217;s Bounty Biotin 10,000 mcg forme parte de su r\u00e9gimen diario y si\u00e9ntase hermosa por dentro y por fuera. *<\/b><\/p>\n<ul>\n<li aria-level=\"1\"><b>Nature&#8217;s Bounty Biotin 10,000 mcg, cabello, piel y u\u00f1as, c\u00e1psulas blandas, 90 u.<\/b><\/li>\n<\/ul>\n<ul>\n<li aria-level=\"1\"><b>La biotina es una vitamina B soluble en agua que se encuentra en verduras, avena y legumbres.<\/b><\/li>\n<\/ul>\n<ul>\n<li aria-level=\"1\"><b>Estas c\u00e1psulas blandas de liberaci\u00f3n r\u00e1pida apoyan un cabello hermoso, una piel radiante y u\u00f1as saludables desde adentro. *<\/b><\/li>\n<\/ul>\n<ul>\n<li aria-level=\"1\"><b>La vers\u00e1til vitamina B tambi\u00e9n brinda apoyo energ\u00e9tico al ayudar a convertir los alimentos en energ\u00eda. *<\/b><\/li>\n<\/ul>\n<ul>\n<li aria-level=\"1\"><b>Porci\u00f3n de dosis \u00fanica (1 c\u00e1psula blanda)<\/b><\/li>\n<\/ul>\n<ul>\n<li aria-level=\"1\"><b>La biotina Nature&#8217;s Bounty est\u00e1 probada en laboratorio y tiene una calidad garantizada.<\/b><\/li>\n<\/ul>\n<ul>\n<li aria-level=\"1\"><b>* Estas declaraciones no han sido evaluadas por la Administraci\u00f3n de Drogas y Alimentos. Este producto no est\u00e1 destinado a diagnosticar, tratar, curar o prevenir ninguna enfermedad.<\/b><\/li>\n<\/ul>\n<p><b>DOSIS<\/b><\/p>\n<p>&nbsp;<\/p>\n<p><b>Para los adultos, tome una (1) c\u00e1psula blanda al d\u00eda, preferiblemente con una comida.<\/b><\/p>\n","protected":false},"excerpt":{"rendered":"<p><b>Luce y si\u00e9ntete mejor con Nature&#8217;s Bounty Biotin 10,000 mcg.<\/b><\/p>\n","protected":false},"featured_media":5078,"comment_status":"open","ping_status":"closed","template":"","meta":{"_joinchat":[]},"product_brand":[],"product_cat":[88,80,26,27,101,81,70],"product_tag":[],"class_list":{"0":"post-2907","1":"product","2":"type-product","3":"status-publish","4":"has-post-thumbnail","6":"product_cat-biotina-vitaminas-para-ellos","7":"product_cat-biotina","8":"product_cat-para-ellas","9":"product_cat-para-ellos","10":"product_cat-todos-los-productos","11":"product_cat-vitaminas-para-ellos","12":"product_cat-vitaminas","14":"first","15":"outofstock","16":"shipping-taxable","17":"purchasable","18":"product-type-simple"},"_links":{"self":[{"href":"https:\/\/ofertasimportadas.cl\/index.php\/wp-json\/wp\/v2\/product\/2907","targetHints":{"allow":["GET"]}}],"collection":[{"href":"https:\/\/ofertasimportadas.cl\/index.php\/wp-json\/wp\/v2\/product"}],"about":[{"href":"https:\/\/ofertasimportadas.cl\/index.php\/wp-json\/wp\/v2\/types\/product"}],"replies":[{"embeddable":true,"href":"https:\/\/ofertasimportadas.cl\/index.php\/wp-json\/wp\/v2\/comments?post=2907"}],"wp:featuredmedia":[{"embeddable":true,"href":"https:\/\/ofertasimportadas.cl\/index.php\/wp-json\/wp\/v2\/media\/5078"}],"wp:attachment":[{"href":"https:\/\/ofertasimportadas.cl\/index.php\/wp-json\/wp\/v2\/media?parent=2907"}],"wp:term":[{"taxonomy":"product_brand","embeddable":true,"href":"https:\/\/ofertasimportadas.cl\/index.php\/wp-json\/wp\/v2\/product_brand?post=2907"},{"taxonomy":"product_cat","embeddable":true,"href":"https:\/\/ofertasimportadas.cl\/index.php\/wp-json\/wp\/v2\/product_cat?post=2907"},{"taxonomy":"product_tag","embeddable":true,"href":"https:\/\/ofertasimportadas.cl\/index.php\/wp-json\/wp\/v2\/product_tag?post=2907"}],"curies":[{"name":"wp","href":"https:\/\/api.w.org\/{rel}","templated":true}]}}