{"id":2909,"date":"2021-10-18T16:03:12","date_gmt":"2021-10-18T19:03:12","guid":{"rendered":"https:\/\/ofertasimportadas.cl\/index.php\/producto\/hair-skin-nails-advance-biotin-6000mcg-natures-bounty-230-gomitas\/"},"modified":"2026-05-09T10:18:28","modified_gmt":"2026-05-09T13:18:28","slug":"hair-skin-nails-advance-biotin-6000mcg-natures-bounty-230-gomitas","status":"publish","type":"product","link":"https:\/\/ofertasimportadas.cl\/index.php\/producto\/hair-skin-nails-advance-biotin-6000mcg-natures-bounty-230-gomitas\/","title":{"rendered":"Hair Skin &#038; Nails ADVANCE Biotin 6000mcg NATURE&#8217;S BOUNTY 230 Gomitas"},"content":{"rendered":"<p style=\"padding-left: 40px;\"><b>NoNature&#8217;s Bounty\u00ae Advanced Hair Skin &amp; Nails Gummies! Con m\u00e1s del doble de biotina que nuestra f\u00f3rmula gomosa l\u00edder para el cabello, la piel y las u\u00f1as, cada porci\u00f3n contiene 6,000 mcg de biotina para mantener un cabello hermoso, una piel radiante y u\u00f1as saludables. * Estas deliciosas gomitas con sabor a fresa no son OGM y ahora incluyen Vitamina A, que desempe\u00f1a un papel esencial en el mantenimiento de la salud de la piel. * Las gomitas ADVANCE para cabello, piel y u\u00f1as contienen antioxidantes Vitamina C y Vitamina E. La vitamina C participa en la producci\u00f3n y formaci\u00f3n de col\u00e1geno, actuando como la base para una piel radiante, mientras que la vitamina E es un nutriente que se encuentra en la superficie m\u00e1s externa de la piel. * La marca # 1 para cabello, piel y u\u00f1as.? * Estas declaraciones no han sido evaluadas por la Administraci\u00f3n de Drogas y Alimentos. Este producto no est\u00e1 destinado a diagnosticar, tratar, curar o prevenir ninguna enfermedad. Con m\u00e1s del doble de biotina * * en comparaci\u00f3n con Natures Bounty\u00ae Optimal Solutions\u00ae Gomitas para el cabello, la piel y las u\u00f1as<\/b><\/p>\n<p><b>Sin OMG, sin saborizantes artificiales, sin leche, sin lactosa, sin soja, sin gluten, sin trigo, sin pescado.<\/b><\/p>\n<p><b>Marca # 1 para cabello, piel y u\u00f1as<\/b><\/p>\n<p><b>En Nature&#8217;s Bounty\u00ae, creemos que la salud y la belleza van de la mano. Con 50 a\u00f1os de producci\u00f3n de vitaminas de calidad y m\u00e1s de 20 a\u00f1os en el negocio de la belleza, puede confiar en que cada producto de Nature&#8217;s Bounty\u00ae est\u00e1 respaldado por la ciencia y elaborado con los ingredientes m\u00e1s puros &#8230; garantizados. Beauty Starts on the Inside \u2122<\/b><\/p>\n<ul>\n<li aria-level=\"1\"><b>6,000 mcg de biotina por porci\u00f3n<\/b><\/li>\n<\/ul>\n<ul>\n<li aria-level=\"1\"><b>Vitamina A y vitaminas antioxidantes C y E<\/b><\/li>\n<\/ul>\n<ul>\n<li aria-level=\"1\"><b>Calidad garantizada<\/b><\/li>\n<\/ul>\n<h3><b>Dosis<\/b><\/h3>\n<p><b>Instrucciones: Para adultos, mastique dos (2) gomitas al d\u00eda, preferiblemente con una comida.<\/b><\/p>\n","protected":false},"excerpt":{"rendered":"<p><b>Nature&#8217;s Bounty\u00ae Advanced Hair Skin &amp; Nails Gummies!<\/b><\/p>\n<p>&nbsp;<\/p>\n","protected":false},"featured_media":3323,"comment_status":"open","ping_status":"closed","template":"","meta":{"_joinchat":[]},"product_brand":[],"product_cat":[80,88,26,27,101,81,70],"product_tag":[],"class_list":{"0":"post-2909","1":"product","2":"type-product","3":"status-publish","4":"has-post-thumbnail","6":"product_cat-biotina","7":"product_cat-biotina-vitaminas-para-ellos","8":"product_cat-para-ellas","9":"product_cat-para-ellos","10":"product_cat-todos-los-productos","11":"product_cat-vitaminas-para-ellos","12":"product_cat-vitaminas","14":"first","15":"instock","16":"shipping-taxable","17":"purchasable","18":"product-type-simple"},"_links":{"self":[{"href":"https:\/\/ofertasimportadas.cl\/index.php\/wp-json\/wp\/v2\/product\/2909","targetHints":{"allow":["GET"]}}],"collection":[{"href":"https:\/\/ofertasimportadas.cl\/index.php\/wp-json\/wp\/v2\/product"}],"about":[{"href":"https:\/\/ofertasimportadas.cl\/index.php\/wp-json\/wp\/v2\/types\/product"}],"replies":[{"embeddable":true,"href":"https:\/\/ofertasimportadas.cl\/index.php\/wp-json\/wp\/v2\/comments?post=2909"}],"wp:featuredmedia":[{"embeddable":true,"href":"https:\/\/ofertasimportadas.cl\/index.php\/wp-json\/wp\/v2\/media\/3323"}],"wp:attachment":[{"href":"https:\/\/ofertasimportadas.cl\/index.php\/wp-json\/wp\/v2\/media?parent=2909"}],"wp:term":[{"taxonomy":"product_brand","embeddable":true,"href":"https:\/\/ofertasimportadas.cl\/index.php\/wp-json\/wp\/v2\/product_brand?post=2909"},{"taxonomy":"product_cat","embeddable":true,"href":"https:\/\/ofertasimportadas.cl\/index.php\/wp-json\/wp\/v2\/product_cat?post=2909"},{"taxonomy":"product_tag","embeddable":true,"href":"https:\/\/ofertasimportadas.cl\/index.php\/wp-json\/wp\/v2\/product_tag?post=2909"}],"curies":[{"name":"wp","href":"https:\/\/api.w.org\/{rel}","templated":true}]}}