{"id":2910,"date":"2021-10-18T16:03:12","date_gmt":"2021-10-18T19:03:12","guid":{"rendered":"https:\/\/ofertasimportadas.cl\/index.php\/producto\/hair-skin-nails-natures-bounty-250-capsulas-blandas\/"},"modified":"2026-04-04T23:58:58","modified_gmt":"2026-04-05T02:58:58","slug":"hair-skin-nails-natures-bounty-250-capsulas-blandas","status":"publish","type":"product","link":"https:\/\/ofertasimportadas.cl\/index.php\/producto\/hair-skin-nails-natures-bounty-250-capsulas-blandas\/","title":{"rendered":"Hair Skin &#038; Nails NATURE&#8217;S BOUNTY 250 Capsulas Blandas"},"content":{"rendered":"<p><b>\u00a1F\u00f3rmula para el cabello, la piel y las u\u00f1as de Nature&#8217;s Bounty\u00ae Optimal Solutions\u00ae, te ver\u00e1s bien y te sentir\u00e1s genial! Contiene el equilibrio justo de nutrientes para ayudar a mantener un cabello hermoso, u\u00f1as fuertes y una piel radiante. * Esta f\u00f3rmula innovadora le brinda los nutrientes vitales que su cuerpo necesita para respaldar su belleza natural desde adentro. Las vitaminas B ayudan con el metabolismo energ\u00e9tico y la biotina ayuda a mantener el cabello sano. *<\/b><\/p>\n<ul>\n<li aria-level=\"1\"><b>Biotina Nature&#8217;s Bounty, Vitaminas para cabello, piel y u\u00f1as, C\u00e1psulas blandas<\/b><\/li>\n<\/ul>\n<ul>\n<li aria-level=\"1\"><b>5000 mcg de biotina<\/b><\/li>\n<\/ul>\n<ul>\n<li aria-level=\"1\"><b>Geles de liberaci\u00f3n r\u00e1pida infundidos con aceite de arg\u00e1n<\/b><\/li>\n<\/ul>\n<ul>\n<li aria-level=\"1\"><b>Suministro para 40 d\u00edas, la porci\u00f3n equivale a 3 c\u00e1psulas de gel<\/b><\/li>\n<\/ul>\n<ul>\n<li aria-level=\"1\"><b>Sin gluten, sin conservantes<\/b><\/li>\n<\/ul>\n<ul>\n<li aria-level=\"1\"><b>* Estas declaraciones no han sido evaluadas por la Administraci\u00f3n de Drogas y Alimentos. Este producto no est\u00e1 destinado a diagnosticar, tratar, curar o prevenir ninguna enfermedad.<\/b><\/li>\n<\/ul>\n<h3><b>Dosis<\/b><\/h3>\n<p><b>Instrucciones: Para adultos,\u00a0 3 c\u00e1psulas de gel al d\u00eda, preferiblemente con una comida.<\/b><\/p>\n<p>&nbsp;<\/p>\n<h3><b>Instrucciones<\/b><\/h3>\n<p><b>ADVERTENCIA: consulte a su m\u00e9dico antes de usar. Evite este producto si es al\u00e9rgico a la levadura. Deje de usarlo y consulte a su m\u00e9dico si se produce alguna reacci\u00f3n adversa. No est\u00e1 dise\u00f1ado para ser utilizado por personas menores de 18 a\u00f1os. Almacenar a temperatura ambiente. No lo use si el sello debajo de la tapa est\u00e1 roto o falta. ADVERTENCIA: La sobredosis accidental de productos que contienen hierro es una de las principales causas de intoxicaci\u00f3n mortal en ni\u00f1os menores de seis a\u00f1os. MANTENGA ESTE PRODUCTO FUERA DEL ALCANCE DE LOS NI\u00d1OS. En caso de sobredosis accidental, llame a un m\u00e9dico o al centro de control de intoxicaciones de inmediato.<\/b><\/p>\n","protected":false},"excerpt":{"rendered":"<p><b>\u00a1F\u00f3rmula para el cabello, la piel y las u\u00f1as de Nature&#8217;s Bounty\u00ae Optimal Solutions<\/b><\/p>\n","protected":false},"featured_media":5331,"comment_status":"open","ping_status":"closed","template":"","meta":{"_joinchat":[]},"product_brand":[],"product_cat":[88,80,26,27,101,81,70],"product_tag":[],"class_list":{"0":"post-2910","1":"product","2":"type-product","3":"status-publish","4":"has-post-thumbnail","6":"product_cat-biotina-vitaminas-para-ellos","7":"product_cat-biotina","8":"product_cat-para-ellas","9":"product_cat-para-ellos","10":"product_cat-todos-los-productos","11":"product_cat-vitaminas-para-ellos","12":"product_cat-vitaminas","14":"first","15":"instock","16":"shipping-taxable","17":"purchasable","18":"product-type-simple"},"_links":{"self":[{"href":"https:\/\/ofertasimportadas.cl\/index.php\/wp-json\/wp\/v2\/product\/2910","targetHints":{"allow":["GET"]}}],"collection":[{"href":"https:\/\/ofertasimportadas.cl\/index.php\/wp-json\/wp\/v2\/product"}],"about":[{"href":"https:\/\/ofertasimportadas.cl\/index.php\/wp-json\/wp\/v2\/types\/product"}],"replies":[{"embeddable":true,"href":"https:\/\/ofertasimportadas.cl\/index.php\/wp-json\/wp\/v2\/comments?post=2910"}],"wp:featuredmedia":[{"embeddable":true,"href":"https:\/\/ofertasimportadas.cl\/index.php\/wp-json\/wp\/v2\/media\/5331"}],"wp:attachment":[{"href":"https:\/\/ofertasimportadas.cl\/index.php\/wp-json\/wp\/v2\/media?parent=2910"}],"wp:term":[{"taxonomy":"product_brand","embeddable":true,"href":"https:\/\/ofertasimportadas.cl\/index.php\/wp-json\/wp\/v2\/product_brand?post=2910"},{"taxonomy":"product_cat","embeddable":true,"href":"https:\/\/ofertasimportadas.cl\/index.php\/wp-json\/wp\/v2\/product_cat?post=2910"},{"taxonomy":"product_tag","embeddable":true,"href":"https:\/\/ofertasimportadas.cl\/index.php\/wp-json\/wp\/v2\/product_tag?post=2910"}],"curies":[{"name":"wp","href":"https:\/\/api.w.org\/{rel}","templated":true}]}}