{"id":2914,"date":"2021-10-18T16:03:13","date_gmt":"2021-10-18T19:03:13","guid":{"rendered":"https:\/\/ofertasimportadas.cl\/index.php\/producto\/omega-3-lilcritters-220-gomitas\/"},"modified":"2025-04-10T16:41:19","modified_gmt":"2025-04-10T19:41:19","slug":"omega-3-lilcritters-220-gomitas","status":"publish","type":"product","link":"https:\/\/ofertasimportadas.cl\/index.php\/producto\/omega-3-lilcritters-220-gomitas\/","title":{"rendered":"Omega 3 L&#8217;ilCritters 220 Gomitas"},"content":{"rendered":"<p style=\"padding-left: 40px;\"><b>Los \u00e1cidos grasos omega-3 pueden desempe\u00f1ar un papel importante en la salud general de su hijo, pero la mayor\u00eda de los ni\u00f1os no comen suficientes alimentos adecuados para obtener este importante nutriente solo de su dieta. [2] L&#8217;il Critters \u2122 Omega-3 Gummy Fish ofrece una manera saludable, conveniente y deliciosa para que los ni\u00f1os complementen su dieta con \u00e1cidos grasos omega-3.<\/b><\/p>\n<p><b>\u00a0Este producto no est\u00e1 destinado a diagnosticar, tratar, curar o prevenir ninguna enfermedad. El premio ChefsBest\u00aeExcellence Award se otorga a las marcas que superan los est\u00e1ndares de calidad establecidos por chefs profesionales independientes.<\/b><\/p>\n<ul>\n<li aria-level=\"1\"><b>Marca de vitamina gomosa n.o 1 de Estados Unidos<\/b><\/li>\n<\/ul>\n<ul>\n<li aria-level=\"1\"><b>Sin jarabe de ma\u00edz de alta fructosa<\/b><\/li>\n<\/ul>\n<ul>\n<li aria-level=\"1\"><b>Sin colorantes sint\u00e9ticos (FD&amp;C), sin saborizantes ni edulcorantes artificiales<\/b><\/li>\n<\/ul>\n<ul>\n<li aria-level=\"1\"><b>Sin gluten<\/b><\/li>\n<\/ul>\n<ul>\n<li aria-level=\"1\"><b>Sabor galardonado<\/b><\/li>\n<\/ul>\n<h3><b>Dosis<\/b><\/h3>\n<p><b>Uso sugerido, los padres pueden dar a cada ni\u00f1o, de dos a tres a\u00f1os, un (1) osito de goma por d\u00eda. Los padres pueden darle a cada ni\u00f1o, de cuatro a\u00f1os o m\u00e1s, dos (2) ositos de goma por d\u00eda. Indique al ni\u00f1o que mastique cada gomita de pescado con cuidado y concienzudamente. T\u00f3melo solo seg\u00fan las indicaciones. No exceda la dosis sugerida.<\/b><\/p>\n","protected":false},"excerpt":{"rendered":"<p><b>Los \u00e1cidos grasos omega-3 pueden desempe\u00f1ar un papel importante en la salud general de su hijo. <\/b><b><\/b><\/p>\n","protected":false},"featured_media":2936,"comment_status":"open","ping_status":"closed","template":"","meta":{"_joinchat":[]},"product_brand":[],"product_cat":[15],"product_tag":[],"class_list":{"0":"post-2914","1":"product","2":"type-product","3":"status-publish","4":"has-post-thumbnail","6":"product_cat-sin-categoria","8":"first","9":"outofstock","10":"shipping-taxable","11":"purchasable","12":"product-type-simple"},"_links":{"self":[{"href":"https:\/\/ofertasimportadas.cl\/index.php\/wp-json\/wp\/v2\/product\/2914","targetHints":{"allow":["GET"]}}],"collection":[{"href":"https:\/\/ofertasimportadas.cl\/index.php\/wp-json\/wp\/v2\/product"}],"about":[{"href":"https:\/\/ofertasimportadas.cl\/index.php\/wp-json\/wp\/v2\/types\/product"}],"replies":[{"embeddable":true,"href":"https:\/\/ofertasimportadas.cl\/index.php\/wp-json\/wp\/v2\/comments?post=2914"}],"wp:featuredmedia":[{"embeddable":true,"href":"https:\/\/ofertasimportadas.cl\/index.php\/wp-json\/wp\/v2\/media\/2936"}],"wp:attachment":[{"href":"https:\/\/ofertasimportadas.cl\/index.php\/wp-json\/wp\/v2\/media?parent=2914"}],"wp:term":[{"taxonomy":"product_brand","embeddable":true,"href":"https:\/\/ofertasimportadas.cl\/index.php\/wp-json\/wp\/v2\/product_brand?post=2914"},{"taxonomy":"product_cat","embeddable":true,"href":"https:\/\/ofertasimportadas.cl\/index.php\/wp-json\/wp\/v2\/product_cat?post=2914"},{"taxonomy":"product_tag","embeddable":true,"href":"https:\/\/ofertasimportadas.cl\/index.php\/wp-json\/wp\/v2\/product_tag?post=2914"}],"curies":[{"name":"wp","href":"https:\/\/api.w.org\/{rel}","templated":true}]}}