{"id":2915,"date":"2021-10-18T16:03:13","date_gmt":"2021-10-18T19:03:13","guid":{"rendered":"https:\/\/ofertasimportadas.cl\/index.php\/producto\/immune-c-lilcritters-190-gomitas\/"},"modified":"2026-05-05T14:05:19","modified_gmt":"2026-05-05T17:05:19","slug":"immune-c-lilcritters-190-gomitas","status":"publish","type":"product","link":"https:\/\/ofertasimportadas.cl\/index.php\/producto\/immune-c-lilcritters-190-gomitas\/","title":{"rendered":"Immune C L&#8217;ilCritters 190 Gomitas"},"content":{"rendered":"<h6><b>Marca # 1 de de vitaminas en gomitas para ni\u00f1os. A los ni\u00f1os les encanta el excelente sabor de origen natural y la divertida forma de osito de estas gomitas. Los padres pueden confiar en que los ni\u00f1os obtienen vitaminas y minerales esenciales para apoyar y mantener un crecimiento y desarrollo saludables.\u00a0<\/b><\/h6>\n<p><b>\u00a0Este producto no est\u00e1 destinado a diagnosticar, tratar, curar o prevenir ninguna enfermedad. El premio ChefsBest\u00aeExcellence Award se otorga a las marcas que superan los est\u00e1ndares de calidad establecidos por chefs profesionales independientes.<\/b><\/p>\n<ul>\n<li aria-level=\"1\">\n<h6><b>Excelente fuente de vitamina C con un refuerzo de zinc y vitamina D. Una porci\u00f3n proporciona tanta vitamina C como 2 NARANJAS<\/b><\/h6>\n<\/li>\n<\/ul>\n<ul>\n<li aria-level=\"1\">\n<h6><b>Yummy Nutrition: 4 sabores de origen natural para ni\u00f1os: cereza, lim\u00f3n, naranja y fresa<\/b><\/h6>\n<\/li>\n<\/ul>\n<ul>\n<li aria-level=\"1\">\n<h6><b>Sin saborizantes ni edulcorantes artificiales, sin colorantes sint\u00e9ticos (FD&amp;C), sin jarabe de ma\u00edz con alto contenido de fructosa, sin gluten ni l\u00e1cteos<\/b><\/h6>\n<\/li>\n<\/ul>\n<ul>\n<li aria-level=\"1\">\n<h6><b>Sabor galardonado: Ganador del premio ChefsBest Excellence Award 2021. El premio ChefsBest Excellence Award se otorga a las marcas que superan los est\u00e1ndares de calidad establecidos por chefs profesionales independientes.<\/b><\/h6>\n<\/li>\n<\/ul>\n<ul>\n<li aria-level=\"1\">\n<h6><b>La marca de gomitas de vitamina para ni\u00f1os n\u00famero uno de Estados Unidos: \u00a1Ofrecemos la mejor experiencia de vitaminas para que los ni\u00f1os esperen con ansias su dosis diaria!<\/b><\/h6>\n<\/li>\n<\/ul>\n<h6><b>Dosis<\/b><\/h6>\n<p><b>Uso sugerido: los padres pueden dar a cada ni\u00f1o, de dos a tres a\u00f1os, un (1) osito de goma por d\u00eda. Los padres pueden darle a cada ni\u00f1o, de cuatro a\u00f1os o m\u00e1s, dos (2) ositos de goma por d\u00eda. Indique al ni\u00f1o que mastique cada gomita con cuidado y concienzudamente. T\u00f3melo solo seg\u00fan las indicaciones. No exceda la dosis sugerida.<\/b><\/p>\n","protected":false},"excerpt":{"rendered":"<p>Marca # 1 de de vitaminas en gomitas para ni\u00f1os. A los ni\u00f1os les encanta el excelente sabor de origen natural y la divertida forma de<span class=\"excerpt-hellip\"> [\u2026]<\/span><\/p>\n","protected":false},"featured_media":2928,"comment_status":"open","ping_status":"closed","template":"","meta":{"_joinchat":[]},"product_brand":[],"product_cat":[90,101,97,91],"product_tag":[],"class_list":{"0":"post-2915","1":"product","2":"type-product","3":"status-publish","4":"has-post-thumbnail","6":"product_cat-ninos","7":"product_cat-todos-los-productos","8":"product_cat-vitaminac-vitaminas-ninos","9":"product_cat-vitaminas-ninos","11":"first","12":"outofstock","13":"shipping-taxable","14":"purchasable","15":"product-type-simple"},"_links":{"self":[{"href":"https:\/\/ofertasimportadas.cl\/index.php\/wp-json\/wp\/v2\/product\/2915","targetHints":{"allow":["GET"]}}],"collection":[{"href":"https:\/\/ofertasimportadas.cl\/index.php\/wp-json\/wp\/v2\/product"}],"about":[{"href":"https:\/\/ofertasimportadas.cl\/index.php\/wp-json\/wp\/v2\/types\/product"}],"replies":[{"embeddable":true,"href":"https:\/\/ofertasimportadas.cl\/index.php\/wp-json\/wp\/v2\/comments?post=2915"}],"wp:featuredmedia":[{"embeddable":true,"href":"https:\/\/ofertasimportadas.cl\/index.php\/wp-json\/wp\/v2\/media\/2928"}],"wp:attachment":[{"href":"https:\/\/ofertasimportadas.cl\/index.php\/wp-json\/wp\/v2\/media?parent=2915"}],"wp:term":[{"taxonomy":"product_brand","embeddable":true,"href":"https:\/\/ofertasimportadas.cl\/index.php\/wp-json\/wp\/v2\/product_brand?post=2915"},{"taxonomy":"product_cat","embeddable":true,"href":"https:\/\/ofertasimportadas.cl\/index.php\/wp-json\/wp\/v2\/product_cat?post=2915"},{"taxonomy":"product_tag","embeddable":true,"href":"https:\/\/ofertasimportadas.cl\/index.php\/wp-json\/wp\/v2\/product_tag?post=2915"}],"curies":[{"name":"wp","href":"https:\/\/api.w.org\/{rel}","templated":true}]}}