{"id":3260,"date":"2022-01-12T13:01:32","date_gmt":"2022-01-12T16:01:32","guid":{"rendered":"https:\/\/ofertasimportadas.cl\/?post_type=product&#038;p=3260"},"modified":"2026-04-25T15:39:28","modified_gmt":"2026-04-25T18:39:28","slug":"osteo-bi-flex-200-tabletas","status":"publish","type":"product","link":"https:\/\/ofertasimportadas.cl\/index.php\/producto\/osteo-bi-flex-200-tabletas\/","title":{"rendered":"Osteo Bi-Flex 200 tabletas"},"content":{"rendered":"<p>Osteo Bi flex Triple Fuerza es un suplemento alimenticio completo con el que\u00a0 aliviar\u00e1s el dolor en cart\u00edlagos y en articulaciones, adem\u00e1s de proteger el tejido cart\u00edlago articular, para mantener la movilidad de tu cuerpo en todo momento. Gracias a su combinaci\u00f3n de vegetales ricos en glucosamina y condroitina, Osteo Bi Flex logra combatir el dolor en articulaciones y cart\u00edlagos, como consecuencia de la edad y la pr\u00e1ctica de actividades deportivas. Tambi\u00e9n conocido como \u00abOsteo Bi Flex Triple Strength\u00bb destaca por su f\u00f3rmula avanzada muy utilizada, incluso, para aquellas personas que padecen artritis y osteoartritis, debido a que el complemento alimenticio mantiene protegidas y lubricadas las articulaciones y los cart\u00edlagos de forma prolongada.<\/p>\n<p>Composici\u00f3n de Osteo Bi Flex<\/p>\n<p>Osteo posee una f\u00f3rmula avanzada con una combinaci\u00f3n de glucosamina, condroitina, msm, \u00e1cido hialur\u00f3nico, col\u00e1geno, y Boswellia Serrata: una planta de origen indio conocida por sus beneficios para el tratamiento de la artrosis y la artritis reumanoide.<\/p>\n<p>Recomendaciones de uso de Osteo Bi Flex<\/p>\n<p>Se recomienda tomar un m\u00e1ximo de dos comprimidos al d\u00eda acompa\u00f1ados de agua y\/o alimentos, aunque la dosis puede ser mayor o menor dependiendo de cada caso. Para m\u00e1s informaci\u00f3n mira la etiqueta del producto o consulta con un m\u00e9dico especialista ante cualquier duda.<br \/>\nPor otro lado, no se aconseja el consumo de Osteo Bi Flex en mujeres embarazadas o en estado de lactancia, personas con problemas de salud como la diabetes, con colesterol alto o personas al\u00e9rgicas al marisco. Adem\u00e1s, el producto est\u00e1 contraindicado para ni\u00f1os peque\u00f1os.<\/p>\n","protected":false},"excerpt":{"rendered":"<p>Osteo Bi flex Triple Fuerza es un suplemento alimenticio completo con el que\u00a0 aliviar\u00e1s el dolor en cart\u00edlagos y en articulaciones, adem\u00e1s de proteger el tejido<span class=\"excerpt-hellip\"> [\u2026]<\/span><\/p>\n","protected":false},"featured_media":3265,"comment_status":"open","ping_status":"closed","template":"","meta":{"_joinchat":[]},"product_brand":[],"product_cat":[85,77,26,27,101],"product_tag":[],"class_list":{"0":"post-3260","1":"product","2":"type-product","3":"status-publish","4":"has-post-thumbnail","6":"product_cat-calcio-vitaminas-para-ellos","7":"product_cat-calcio","8":"product_cat-para-ellas","9":"product_cat-para-ellos","10":"product_cat-todos-los-productos","12":"first","13":"instock","14":"shipping-taxable","15":"purchasable","16":"product-type-simple"},"_links":{"self":[{"href":"https:\/\/ofertasimportadas.cl\/index.php\/wp-json\/wp\/v2\/product\/3260","targetHints":{"allow":["GET"]}}],"collection":[{"href":"https:\/\/ofertasimportadas.cl\/index.php\/wp-json\/wp\/v2\/product"}],"about":[{"href":"https:\/\/ofertasimportadas.cl\/index.php\/wp-json\/wp\/v2\/types\/product"}],"replies":[{"embeddable":true,"href":"https:\/\/ofertasimportadas.cl\/index.php\/wp-json\/wp\/v2\/comments?post=3260"}],"wp:featuredmedia":[{"embeddable":true,"href":"https:\/\/ofertasimportadas.cl\/index.php\/wp-json\/wp\/v2\/media\/3265"}],"wp:attachment":[{"href":"https:\/\/ofertasimportadas.cl\/index.php\/wp-json\/wp\/v2\/media?parent=3260"}],"wp:term":[{"taxonomy":"product_brand","embeddable":true,"href":"https:\/\/ofertasimportadas.cl\/index.php\/wp-json\/wp\/v2\/product_brand?post=3260"},{"taxonomy":"product_cat","embeddable":true,"href":"https:\/\/ofertasimportadas.cl\/index.php\/wp-json\/wp\/v2\/product_cat?post=3260"},{"taxonomy":"product_tag","embeddable":true,"href":"https:\/\/ofertasimportadas.cl\/index.php\/wp-json\/wp\/v2\/product_tag?post=3260"}],"curies":[{"name":"wp","href":"https:\/\/api.w.org\/{rel}","templated":true}]}}