{"id":3359,"date":"2022-02-09T18:11:04","date_gmt":"2022-02-09T21:11:04","guid":{"rendered":"https:\/\/ofertasimportadas.cl\/?post_type=product&#038;p=3359"},"modified":"2025-05-29T21:58:54","modified_gmt":"2025-05-30T00:58:54","slug":"colageno-hidrolizado-biotina-youtheory","status":"publish","type":"product","link":"https:\/\/ofertasimportadas.cl\/index.php\/producto\/colageno-hidrolizado-biotina-youtheory\/","title":{"rendered":"Col\u00e1geno Hidrolizado + Biotina Youtheory"},"content":{"rendered":"<h6 id=\"tw-target-text\" class=\"tw-data-text tw-text-large tw-ta\" dir=\"ltr\" data-placeholder=\"Traducci\u00f3n\"><span class=\"Y2IQFc\" lang=\"es\">El col\u00e1geno es una prote\u00edna estructural importante en el cuerpo humano (que se encuentra en la piel, las articulaciones, los huesos, los vasos sangu\u00edneos y los tejidos conectivos). A medida que envejecemos, el col\u00e1geno se descompone y disminuye de forma natural con el tiempo, lo que lleva a los primeros signos de envejecimiento. El col\u00e1geno de Youtheory puede ayudarlo a lograr la salud interna y la belleza externa.* Esta f\u00f3rmula, que proporciona 6000 mg de p\u00e9ptidos de col\u00e1geno f\u00e1cilmente digeribles y altamente absorbibles por porci\u00f3n, proporciona los componentes esenciales para apoyar un envejecimiento saludable y una apariencia m\u00e1s juvenil.* Tambi\u00e9n cuenta con una dosis diaria de vitamina C para ayudar a la formaci\u00f3n normal de col\u00e1geno y aumentar la protecci\u00f3n antioxidante.<\/span><\/h6>\n<h6>Dosis recomendada: 6 tabletas de 1000mg<\/h6>\n<h6><\/h6>\n<h6>FUENTE : YOUTHEORY.COM<\/h6>\n","protected":false},"excerpt":{"rendered":"<p>El col\u00e1geno es una prote\u00edna estructural importante en el cuerpo humano (que se encuentra en la piel, las articulaciones, los huesos, los vasos sangu\u00edneos y los<span class=\"excerpt-hellip\"> [\u2026]<\/span><\/p>\n","protected":false},"featured_media":3361,"comment_status":"open","ping_status":"closed","template":"","meta":{"_joinchat":[]},"product_brand":[],"product_cat":[15],"product_tag":[113,112,114],"class_list":{"0":"post-3359","1":"product","2":"type-product","3":"status-publish","4":"has-post-thumbnail","6":"product_cat-sin-categoria","7":"product_tag-biotina","8":"product_tag-colageno","9":"product_tag-youtheory","11":"first","12":"outofstock","13":"shipping-taxable","14":"purchasable","15":"product-type-simple"},"_links":{"self":[{"href":"https:\/\/ofertasimportadas.cl\/index.php\/wp-json\/wp\/v2\/product\/3359","targetHints":{"allow":["GET"]}}],"collection":[{"href":"https:\/\/ofertasimportadas.cl\/index.php\/wp-json\/wp\/v2\/product"}],"about":[{"href":"https:\/\/ofertasimportadas.cl\/index.php\/wp-json\/wp\/v2\/types\/product"}],"replies":[{"embeddable":true,"href":"https:\/\/ofertasimportadas.cl\/index.php\/wp-json\/wp\/v2\/comments?post=3359"}],"wp:featuredmedia":[{"embeddable":true,"href":"https:\/\/ofertasimportadas.cl\/index.php\/wp-json\/wp\/v2\/media\/3361"}],"wp:attachment":[{"href":"https:\/\/ofertasimportadas.cl\/index.php\/wp-json\/wp\/v2\/media?parent=3359"}],"wp:term":[{"taxonomy":"product_brand","embeddable":true,"href":"https:\/\/ofertasimportadas.cl\/index.php\/wp-json\/wp\/v2\/product_brand?post=3359"},{"taxonomy":"product_cat","embeddable":true,"href":"https:\/\/ofertasimportadas.cl\/index.php\/wp-json\/wp\/v2\/product_cat?post=3359"},{"taxonomy":"product_tag","embeddable":true,"href":"https:\/\/ofertasimportadas.cl\/index.php\/wp-json\/wp\/v2\/product_tag?post=3359"}],"curies":[{"name":"wp","href":"https:\/\/api.w.org\/{rel}","templated":true}]}}