{"id":3522,"date":"2022-03-30T00:12:27","date_gmt":"2022-03-30T03:12:27","guid":{"rendered":"https:\/\/ofertasimportadas.cl\/?post_type=product&#038;p=3522"},"modified":"2026-05-10T00:32:04","modified_gmt":"2026-05-10T03:32:04","slug":"calcium-magnesium-zinc-250-tabletas","status":"publish","type":"product","link":"https:\/\/ofertasimportadas.cl\/index.php\/producto\/calcium-magnesium-zinc-250-tabletas\/","title":{"rendered":"Calcium Magnesium &#038; Zinc 250 tabletas"},"content":{"rendered":"<pre id=\"tw-target-text\" class=\"tw-data-text tw-text-large tw-ta\" dir=\"ltr\" data-placeholder=\"Traducci\u00f3n\"><span class=\"Y2IQFc\" lang=\"es\">Spring Valley Calcio, magnesio y zinc m\u00e1s c\u00e1psulas recubiertas de vitamina D3, 250 unidades\r\nSuplemento diet\u00e9tico\r\nEstas c\u00e1psulas recubiertas de calcio, magnesio y zinc m\u00e1s vitamina D3 de Spring Valley est\u00e1n formuladas para apoyar la salud de los huesos y los m\u00fasculos. El calcio y la vitamina D3 son nutrientes esenciales para dientes y huesos fuertes, el magnesio es importante para la salud de los nervios y los m\u00fasculos, y el zinc participa en el metabolismo y puede ayudar al crecimiento adecuado. Una porci\u00f3n de tres c\u00e1psulas brinda 1000 mg de calcio, 400 mg de magnesio, 15 mg de zinc y 15 mcg (600 UI) de vitamina D3. \r\nEsta f\u00f3rmula no contiene gluten, lactosa, colorantes ni sabores artificiales.\r\nSpring Valley Calcio, magnesio y zinc m\u00e1s c\u00e1psulas recubiertas de vitamina D3, 250 unidades:\r\n\r\n1000 mg de calcio, 400 mg de magnesio, 15 mg de zinc y 15 mcg (600 UI) de vitamina D3 por porci\u00f3n\r\nSin gluten, lactosa, colorantes o sabores artificiales.\r\n3 c\u00e1psulas por d\u00eda\r\n 83 d\u00edas de suministro\r\n\r\n<\/span><\/pre>\n","protected":false},"excerpt":{"rendered":"<p>Spring Valley Calcio, magnesio y zinc m\u00e1s c\u00e1psulas recubiertas de vitamina D3, 250 unidades Suplemento diet\u00e9tico Estas c\u00e1psulas recubiertas de calcio, magnesio y zinc m\u00e1s vitamina<span class=\"excerpt-hellip\"> [\u2026]<\/span><\/p>\n","protected":false},"featured_media":3515,"comment_status":"open","ping_status":"closed","template":"","meta":{"_joinchat":[]},"product_brand":[],"product_cat":[85,77,82,73,26,27,101,81,86,78],"product_tag":[],"class_list":{"0":"post-3522","1":"product","2":"type-product","3":"status-publish","4":"has-post-thumbnail","6":"product_cat-calcio-vitaminas-para-ellos","7":"product_cat-calcio","8":"product_cat-multivitaminicos-vitaminas-para-ellos","9":"product_cat-multivitaminicos","10":"product_cat-para-ellas","11":"product_cat-para-ellos","12":"product_cat-todos-los-productos","13":"product_cat-vitaminas-para-ellos","14":"product_cat-zinc-vitaminas-para-ellos","15":"product_cat-zinc","17":"first","18":"instock","19":"shipping-taxable","20":"purchasable","21":"product-type-simple"},"_links":{"self":[{"href":"https:\/\/ofertasimportadas.cl\/index.php\/wp-json\/wp\/v2\/product\/3522","targetHints":{"allow":["GET"]}}],"collection":[{"href":"https:\/\/ofertasimportadas.cl\/index.php\/wp-json\/wp\/v2\/product"}],"about":[{"href":"https:\/\/ofertasimportadas.cl\/index.php\/wp-json\/wp\/v2\/types\/product"}],"replies":[{"embeddable":true,"href":"https:\/\/ofertasimportadas.cl\/index.php\/wp-json\/wp\/v2\/comments?post=3522"}],"wp:featuredmedia":[{"embeddable":true,"href":"https:\/\/ofertasimportadas.cl\/index.php\/wp-json\/wp\/v2\/media\/3515"}],"wp:attachment":[{"href":"https:\/\/ofertasimportadas.cl\/index.php\/wp-json\/wp\/v2\/media?parent=3522"}],"wp:term":[{"taxonomy":"product_brand","embeddable":true,"href":"https:\/\/ofertasimportadas.cl\/index.php\/wp-json\/wp\/v2\/product_brand?post=3522"},{"taxonomy":"product_cat","embeddable":true,"href":"https:\/\/ofertasimportadas.cl\/index.php\/wp-json\/wp\/v2\/product_cat?post=3522"},{"taxonomy":"product_tag","embeddable":true,"href":"https:\/\/ofertasimportadas.cl\/index.php\/wp-json\/wp\/v2\/product_tag?post=3522"}],"curies":[{"name":"wp","href":"https:\/\/api.w.org\/{rel}","templated":true}]}}