{"id":3563,"date":"2022-04-08T19:53:40","date_gmt":"2022-04-08T22:53:40","guid":{"rendered":"https:\/\/ofertasimportadas.cl\/?post_type=product&#038;p=3563"},"modified":"2026-02-17T11:44:45","modified_gmt":"2026-02-17T14:44:45","slug":"multivitaminico-one-a-day-para-mujeres-adolescentes","status":"publish","type":"product","link":"https:\/\/ofertasimportadas.cl\/index.php\/producto\/multivitaminico-one-a-day-para-mujeres-adolescentes\/","title":{"rendered":"Multivitam\u00ednico BAYER ONE A DAY para mujeres Adolescentes 150 Gomitas"},"content":{"rendered":"<div class=\"expand-collapse-header flex justify-between items-center w-100\">\n<pre class=\"tw-data-text tw-text-large tw-ta\" dir=\"ltr\" data-placeholder=\"Traducci\u00f3n\"><span class=\"Y2IQFc\" lang=\"es\">Detalles de producto\r\n\r\nOne A Day For Her Teen Multivitamin Gummies ofrece una amplia variedad de vitaminas y minerales clave. \r\nEstas gomitas f\u00e1cil de tomar contienen nutrientes especialmente seleccionados para apoyar la salud general \r\nde las adolescentes. Este multivitam\u00ednico diario contiene vitaminas A, B6, B12, C, D, E y K, niacina, \r\n\u00e1cido f\u00f3lico, biotina y calcio. Las gomitas multivitam\u00ednicas One A Day For Her Teen est\u00e1n formuladas para\r\n apoyar la salud \u00f3sea, la salud inmunol\u00f3gica y la energ\u00eda f\u00edsica al ayudar a convertir los alimentos en \r\ncombustible.*\r\n Las adolescentes deben masticar completamente dos gomitas al d\u00eda. \r\nOne A Day Multivitamins puede brindar el apoyo nutricional que usted y su familia pueden necesitar en \r\ncada etapa de la vida.  Este producto no est\u00e1 destinado a diagnosticar, tratar, curar o prevenir ninguna \r\nenfermedad.<\/span><\/pre>\n<pre id=\"tw-target-text\" class=\"tw-data-text tw-text-large tw-ta\" dir=\"ltr\" data-placeholder=\"Traducci\u00f3n\"><span class=\"Y2IQFc\" lang=\"es\">Dosis\r\nInstrucciones: Adolescentes: mastique completamente dos gomitas al d\u00eda.<\/span><\/pre>\n<pre id=\"tw-target-text\" class=\"tw-data-text tw-text-large tw-ta\" dir=\"ltr\" data-placeholder=\"Traducci\u00f3n\"><span class=\"Y2IQFc\" lang=\"es\">\u00a0<\/span><\/pre>\n<\/div>\n","protected":false},"excerpt":{"rendered":"<p>Detalles de producto One A Day For Her Teen Multivitamin Gummies ofrece una amplia variedad de vitaminas y minerales clave. Estas gomitas f\u00e1cil de tomar contienen<span class=\"excerpt-hellip\"> [\u2026]<\/span><\/p>\n","protected":false},"featured_media":3520,"comment_status":"open","ping_status":"closed","template":"","meta":{"_joinchat":[]},"product_brand":[],"product_cat":[92,99,90,101],"product_tag":[],"class_list":{"0":"post-3563","1":"product","2":"type-product","3":"status-publish","4":"has-post-thumbnail","6":"product_cat-adolescentes","7":"product_cat-multivitaminico-adolescentes","8":"product_cat-ninos","9":"product_cat-todos-los-productos","11":"first","12":"instock","13":"shipping-taxable","14":"purchasable","15":"product-type-simple"},"_links":{"self":[{"href":"https:\/\/ofertasimportadas.cl\/index.php\/wp-json\/wp\/v2\/product\/3563","targetHints":{"allow":["GET"]}}],"collection":[{"href":"https:\/\/ofertasimportadas.cl\/index.php\/wp-json\/wp\/v2\/product"}],"about":[{"href":"https:\/\/ofertasimportadas.cl\/index.php\/wp-json\/wp\/v2\/types\/product"}],"replies":[{"embeddable":true,"href":"https:\/\/ofertasimportadas.cl\/index.php\/wp-json\/wp\/v2\/comments?post=3563"}],"wp:featuredmedia":[{"embeddable":true,"href":"https:\/\/ofertasimportadas.cl\/index.php\/wp-json\/wp\/v2\/media\/3520"}],"wp:attachment":[{"href":"https:\/\/ofertasimportadas.cl\/index.php\/wp-json\/wp\/v2\/media?parent=3563"}],"wp:term":[{"taxonomy":"product_brand","embeddable":true,"href":"https:\/\/ofertasimportadas.cl\/index.php\/wp-json\/wp\/v2\/product_brand?post=3563"},{"taxonomy":"product_cat","embeddable":true,"href":"https:\/\/ofertasimportadas.cl\/index.php\/wp-json\/wp\/v2\/product_cat?post=3563"},{"taxonomy":"product_tag","embeddable":true,"href":"https:\/\/ofertasimportadas.cl\/index.php\/wp-json\/wp\/v2\/product_tag?post=3563"}],"curies":[{"name":"wp","href":"https:\/\/api.w.org\/{rel}","templated":true}]}}