{"id":3565,"date":"2022-04-08T20:10:52","date_gmt":"2022-04-08T23:10:52","guid":{"rendered":"https:\/\/ofertasimportadas.cl\/?post_type=product&#038;p=3565"},"modified":"2026-05-04T13:44:12","modified_gmt":"2026-05-04T16:44:12","slug":"multivitaminico-one-a-day-para-hombres-adolescentes-150-gomitas","status":"publish","type":"product","link":"https:\/\/ofertasimportadas.cl\/index.php\/producto\/multivitaminico-one-a-day-para-hombres-adolescentes-150-gomitas\/","title":{"rendered":"Multivitam\u00ednico BAYER ONE A DAY para Hombres Adolescentes 150 Gomitas"},"content":{"rendered":"<pre id=\"tw-target-text\" class=\"tw-data-text tw-text-large tw-ta\" dir=\"ltr\" style=\"padding-left: 40px;\" data-placeholder=\"Traducci\u00f3n\"><span class=\"Y2IQFc\" lang=\"es\">Detalles de producto\r\n<\/span><\/pre>\n<pre class=\"tw-data-text tw-text-large tw-ta\" dir=\"ltr\" data-placeholder=\"Traducci\u00f3n\"><span class=\"Y2IQFc\" lang=\"es\">\r\nOne A Day For Him Teen Multivitamin Gummies ofrece una amplia variedad de vitaminas y minerales clave. \r\nEsta gomita f\u00e1cil de tomar contiene nutrientes clave especialmente seleccionados para apoyar la salud\r\ngeneral de los adolescentes. Este multivitam\u00ednico diario contiene vitaminas A, B6, B12, C, D, E y K,\r\nniacina, \u00e1cido f\u00f3lico, biotina y calcio. Las gomitas multivitam\u00ednicas para adolescentes One A Day For Him \r\nest\u00e1n formuladas para apoyar la salud \u00f3sea, la salud inmunol\u00f3gica y la energ\u00eda f\u00edsica al ayudar a convertir \r\nlos alimentos en combustible.* Los adolescentes deben masticar completamente dos gomitas al d\u00eda. One A Day \r\nMultivitamins puede brindar el apoyo nutricional que usted y su familia pueden necesitar en cada etapa de la vida.\r\n\r\nEste producto no est\u00e1 destinado a diagnosticar, tratar, curar o prevenir ninguna enfermedad. \r\n\r\n<\/span><\/pre>\n<pre id=\"tw-target-text\" class=\"tw-data-text tw-text-large tw-ta\" dir=\"ltr\" data-placeholder=\"Traducci\u00f3n\"><span class=\"Y2IQFc\" lang=\"es\">Dosis\r\nInstrucciones: Adolescentes: mastique completamente dos gomitas al d\u00eda.<\/span><\/pre>\n<pre id=\"tw-target-text\" class=\"tw-data-text tw-text-large tw-ta\" dir=\"ltr\" data-placeholder=\"Traducci\u00f3n\"><span class=\"Y2IQFc\" lang=\"es\">\u00a0<\/span><\/pre>\n","protected":false},"excerpt":{"rendered":"<blockquote><p>&nbsp;<\/p><\/blockquote>\n","protected":false},"featured_media":3506,"comment_status":"open","ping_status":"closed","template":"","meta":{"_joinchat":[]},"product_brand":[],"product_cat":[92,99,90,101],"product_tag":[],"class_list":{"0":"post-3565","1":"product","2":"type-product","3":"status-publish","4":"has-post-thumbnail","6":"product_cat-adolescentes","7":"product_cat-multivitaminico-adolescentes","8":"product_cat-ninos","9":"product_cat-todos-los-productos","11":"first","12":"instock","13":"shipping-taxable","14":"purchasable","15":"product-type-simple"},"_links":{"self":[{"href":"https:\/\/ofertasimportadas.cl\/index.php\/wp-json\/wp\/v2\/product\/3565","targetHints":{"allow":["GET"]}}],"collection":[{"href":"https:\/\/ofertasimportadas.cl\/index.php\/wp-json\/wp\/v2\/product"}],"about":[{"href":"https:\/\/ofertasimportadas.cl\/index.php\/wp-json\/wp\/v2\/types\/product"}],"replies":[{"embeddable":true,"href":"https:\/\/ofertasimportadas.cl\/index.php\/wp-json\/wp\/v2\/comments?post=3565"}],"wp:featuredmedia":[{"embeddable":true,"href":"https:\/\/ofertasimportadas.cl\/index.php\/wp-json\/wp\/v2\/media\/3506"}],"wp:attachment":[{"href":"https:\/\/ofertasimportadas.cl\/index.php\/wp-json\/wp\/v2\/media?parent=3565"}],"wp:term":[{"taxonomy":"product_brand","embeddable":true,"href":"https:\/\/ofertasimportadas.cl\/index.php\/wp-json\/wp\/v2\/product_brand?post=3565"},{"taxonomy":"product_cat","embeddable":true,"href":"https:\/\/ofertasimportadas.cl\/index.php\/wp-json\/wp\/v2\/product_cat?post=3565"},{"taxonomy":"product_tag","embeddable":true,"href":"https:\/\/ofertasimportadas.cl\/index.php\/wp-json\/wp\/v2\/product_tag?post=3565"}],"curies":[{"name":"wp","href":"https:\/\/api.w.org\/{rel}","templated":true}]}}