{"id":3802,"date":"2022-05-19T00:46:44","date_gmt":"2022-05-19T03:46:44","guid":{"rendered":"https:\/\/ofertasimportadas.cl\/?post_type=product&#038;p=3802"},"modified":"2026-03-13T14:40:59","modified_gmt":"2026-03-13T17:40:59","slug":"centrum-multigummies-women-silver50-anos","status":"publish","type":"product","link":"https:\/\/ofertasimportadas.cl\/index.php\/producto\/centrum-multigummies-women-silver50-anos\/","title":{"rendered":"Centrum  Multigummies Women Silver+50 a\u00f1os"},"content":{"rendered":"<div class=\"mb3\">\n<div class=\"dangerous-html mb3\"><strong>Centrum MultiGummies Gummy Multivitamin for Women 50 Plus<\/strong> es un suplemento multivitam\u00ednico\/multimineral completo y delicioso que se adapta a las necesidades cambiantes de las mujeres mayores de 50 a\u00f1os.<\/div>\n<div class=\"dangerous-html mb3\">Formulado con el 100 % o m\u00e1s del valor diario de los nutrientes esenciales D3, E, B6, B12 y biotina, est\u00e1n elaboradas con micronutrientes clave para apoyar la salud de todo el cuerpo.<\/div>\n<div class=\"dangerous-html mb3\">Estas multivitaminas contienen nutrientes esenciales, que incluyen vitamina D y calcio para mantener huesos fuertes, vitaminas B para ayudar a promover la salud del coraz\u00f3n, zinc para apoyar la funci\u00f3n cerebral normal y lute\u00edna y vitaminas A, C y E para ayudar a mantener la salud de los ojos.<\/div>\n<div class=\"dangerous-html mb3\">Centrum MultiGummies no contienen gluten y est\u00e1n hechas con colorantes de origen natural y saborizantes de frutas naturales.<\/div>\n<div class=\"dangerous-html mb3\">Simplemente tome dos de estas gomitas todos los d\u00edas para reponer su cuerpo con vitaminas y minerales esenciales. Alimente sus c\u00e9lulas, alimente su vida con Centrum, la marca n\u00famero 1 recomendada por m\u00e9dicos y farmac\u00e9uticos.<\/div>\n<\/div>\n<div class=\"mb3\">\n<div class=\"dangerous-html mb3\">\n<ul>\n<li><b>\u00a0Centrum MultiGummies Gummy Multivitamina para mujeres 50 Plus<\/b><\/li>\n<li>Multivitam\u00ednico especialmente formulado para mujeres mayores de 50 a\u00f1os que respalda la salud general del coraz\u00f3n, el cerebro y los ojos<\/li>\n<li>Suplementos para la salud del coraz\u00f3n que contienen micronutrientes para alimentar las c\u00e9lulas y ayudar a mantener el bienestar de todo el cuerpo<\/li>\n<li>Suplementos para la salud del cerebro que proporcionan el 100 % o m\u00e1s del valor diario de los nutrientes esenciales D3, E, B6, B12 y biotina<\/li>\n<li>Pr\u00e1ctico multivitam\u00ednico gomoso para mujeres que puedes tomar con o sin agua<\/li>\n<li>Vitamina para la salud \u00f3sea que viene en una variedad de sabores de frutas naturales<\/li>\n<li>Tome dos de estas vitaminas para la salud de los ojos diariamente para proporcionar nutrientes para apoyar un cuerpo saludable<\/li>\n<\/ul>\n<\/div>\n<\/div>\n","protected":false},"excerpt":{"rendered":"<p>Centrum MultiGummies Gummy Multivitamin for Women 50 Plus es un suplemento multivitam\u00ednico\/multimineral completo y delicioso que se adapta a las necesidades cambiantes de las mujeres mayores<span class=\"excerpt-hellip\"> [\u2026]<\/span><\/p>\n","protected":false},"featured_media":3804,"comment_status":"open","ping_status":"closed","template":"","meta":{"_joinchat":[]},"product_brand":[],"product_cat":[73,26,101,70],"product_tag":[],"class_list":{"0":"post-3802","1":"product","2":"type-product","3":"status-publish","4":"has-post-thumbnail","6":"product_cat-multivitaminicos","7":"product_cat-para-ellas","8":"product_cat-todos-los-productos","9":"product_cat-vitaminas","11":"first","12":"instock","13":"shipping-taxable","14":"purchasable","15":"product-type-simple"},"_links":{"self":[{"href":"https:\/\/ofertasimportadas.cl\/index.php\/wp-json\/wp\/v2\/product\/3802","targetHints":{"allow":["GET"]}}],"collection":[{"href":"https:\/\/ofertasimportadas.cl\/index.php\/wp-json\/wp\/v2\/product"}],"about":[{"href":"https:\/\/ofertasimportadas.cl\/index.php\/wp-json\/wp\/v2\/types\/product"}],"replies":[{"embeddable":true,"href":"https:\/\/ofertasimportadas.cl\/index.php\/wp-json\/wp\/v2\/comments?post=3802"}],"wp:featuredmedia":[{"embeddable":true,"href":"https:\/\/ofertasimportadas.cl\/index.php\/wp-json\/wp\/v2\/media\/3804"}],"wp:attachment":[{"href":"https:\/\/ofertasimportadas.cl\/index.php\/wp-json\/wp\/v2\/media?parent=3802"}],"wp:term":[{"taxonomy":"product_brand","embeddable":true,"href":"https:\/\/ofertasimportadas.cl\/index.php\/wp-json\/wp\/v2\/product_brand?post=3802"},{"taxonomy":"product_cat","embeddable":true,"href":"https:\/\/ofertasimportadas.cl\/index.php\/wp-json\/wp\/v2\/product_cat?post=3802"},{"taxonomy":"product_tag","embeddable":true,"href":"https:\/\/ofertasimportadas.cl\/index.php\/wp-json\/wp\/v2\/product_tag?post=3802"}],"curies":[{"name":"wp","href":"https:\/\/api.w.org\/{rel}","templated":true}]}}