{"id":3895,"date":"2022-06-14T11:00:22","date_gmt":"2022-06-14T14:00:22","guid":{"rendered":"https:\/\/ofertasimportadas.cl\/?post_type=product&#038;p=3895"},"modified":"2026-04-21T14:56:41","modified_gmt":"2026-04-21T17:56:41","slug":"multivitaminico-paw-patrol-lil-critters-190-gomitas","status":"publish","type":"product","link":"https:\/\/ofertasimportadas.cl\/index.php\/producto\/multivitaminico-paw-patrol-lil-critters-190-gomitas\/","title":{"rendered":"Multivitam\u00ednico Paw Patrol L&#8217;il Critters 190 Gomitas"},"content":{"rendered":"<div class=\"w_FY\">\n<h2 id=\"react-aria-3\" class=\"w_FZ\">Detalles de producto<\/h2>\n<\/div>\n<div class=\"w_Fa\">\n<div class=\"w_Fb\">\n<div class=\"f5 lh-copy mid-gray dangerous-html mb3\">\n<div>Del fabricante de L&#8217;il Critters, la marca de vitaminas en gomitas para ni\u00f1os n.\u00ba 1 de Estados Unidos, llega Nickelodeon Paw Patrol Complete Multivitamin para ni\u00f1os. Con 11 nutrientes esenciales como las vitaminas A, B-6, B-12, C, D y E, los padres pueden confiar en que sus hijos obtienen las vitaminas y los minerales que necesitan para apoyar un crecimiento y desarrollo saludables. \u00a0Adem\u00e1s, las gomitas de la Patrulla Canina vienen en deliciosos sabores de ar\u00e1ndano, naranja y cereza de origen natural y en divertidas formas de la Patrulla Canina.<\/div>\n<div>Lo mejor de todo es que las vitaminas de L&#8217;il Critters te brindan los nutrientes que necesitas sin nada adicional.<\/div>\n<div>Sin sabores ni edulcorantes artificiales; Sin jarabe de ma\u00edz de alta fructosa; Sin colorantes sint\u00e9ticos (FD&amp;C); Sin gluten ni l\u00e1cteos.<\/div>\n<div><\/div>\n<\/div>\n<div class=\"f6 lh-copy mid-gray dangerous-html mb3\">\n<ul>\n<li>Por los creadores de la marca n.\u00ba 1 de vitaminas en gomitas para ni\u00f1os<\/li>\n<li>Sin jarabe de ma\u00edz de alta fructosa<\/li>\n<li>Sin colorantes sint\u00e9ticos (FD&amp;C)<\/li>\n<li>Sin gluten<\/li>\n<li>Gran sabor, sabores naturales: ar\u00e1ndano, cereza, naranja.<\/li>\n<\/ul>\n<h3 class=\"flex items-center mv0 lh-copy f5 pb1 dark-gray\">Dosis<\/h3>\n<p class=\"mv0 lh-copy f6 mid-gray\">Uso sugerido: Como suplemento diet\u00e9tico, los padres pueden dar a cada ni\u00f1o, de dos a tres a\u00f1os, una (1)\u00a0 gomita\u00a0por d\u00eda.\u00a0Los padres pueden dar a cada ni\u00f1o, de cuatro a\u00f1os o m\u00e1s, dos (2) gomitas por d\u00eda. Indique al ni\u00f1o que mastique bien cada gomita.<\/p>\n<\/div>\n<p>LA IMAGEN DE TUS VITAMINAS PUEDE VARIAR, IMAGEN REFERENCIAL.<\/p>\n<p style=\"padding-left: 40px;\">\n<\/div>\n<\/div>\n","protected":false},"excerpt":{"rendered":"<p>Detalles de producto Del fabricante de L&#8217;il Critters, la marca de vitaminas en gomitas para ni\u00f1os n.\u00ba 1 de Estados Unidos, llega Nickelodeon Paw Patrol Complete<span class=\"excerpt-hellip\"> [\u2026]<\/span><\/p>\n","protected":false},"featured_media":9701,"comment_status":"open","ping_status":"closed","template":"","meta":{"_joinchat":[]},"product_brand":[],"product_cat":[100,90,101,91],"product_tag":[122,129,128],"class_list":{"0":"post-3895","1":"product","2":"type-product","3":"status-publish","4":"has-post-thumbnail","6":"product_cat-multivitaminico","7":"product_cat-ninos","8":"product_cat-todos-los-productos","9":"product_cat-vitaminas-ninos","10":"product_tag-ninos","11":"product_tag-gomitas","12":"product_tag-lil-critters","14":"first","15":"instock","16":"shipping-taxable","17":"purchasable","18":"product-type-simple"},"_links":{"self":[{"href":"https:\/\/ofertasimportadas.cl\/index.php\/wp-json\/wp\/v2\/product\/3895","targetHints":{"allow":["GET"]}}],"collection":[{"href":"https:\/\/ofertasimportadas.cl\/index.php\/wp-json\/wp\/v2\/product"}],"about":[{"href":"https:\/\/ofertasimportadas.cl\/index.php\/wp-json\/wp\/v2\/types\/product"}],"replies":[{"embeddable":true,"href":"https:\/\/ofertasimportadas.cl\/index.php\/wp-json\/wp\/v2\/comments?post=3895"}],"wp:featuredmedia":[{"embeddable":true,"href":"https:\/\/ofertasimportadas.cl\/index.php\/wp-json\/wp\/v2\/media\/9701"}],"wp:attachment":[{"href":"https:\/\/ofertasimportadas.cl\/index.php\/wp-json\/wp\/v2\/media?parent=3895"}],"wp:term":[{"taxonomy":"product_brand","embeddable":true,"href":"https:\/\/ofertasimportadas.cl\/index.php\/wp-json\/wp\/v2\/product_brand?post=3895"},{"taxonomy":"product_cat","embeddable":true,"href":"https:\/\/ofertasimportadas.cl\/index.php\/wp-json\/wp\/v2\/product_cat?post=3895"},{"taxonomy":"product_tag","embeddable":true,"href":"https:\/\/ofertasimportadas.cl\/index.php\/wp-json\/wp\/v2\/product_tag?post=3895"}],"curies":[{"name":"wp","href":"https:\/\/api.w.org\/{rel}","templated":true}]}}