{"id":3976,"date":"2022-07-11T00:28:15","date_gmt":"2022-07-11T03:28:15","guid":{"rendered":"https:\/\/ofertasimportadas.cl\/?post_type=product&#038;p=3976"},"modified":"2026-04-14T09:53:52","modified_gmt":"2026-04-14T12:53:52","slug":"aspirin-low-dose-365-dosis-kirkland","status":"publish","type":"product","link":"https:\/\/ofertasimportadas.cl\/index.php\/producto\/aspirin-low-dose-365-dosis-kirkland\/","title":{"rendered":"Aspirin Low Dose 365 dosis Kirkland"},"content":{"rendered":"<blockquote><p>Tratamiento para 365 d\u00edas<\/p><\/blockquote>\n<p>La terapia con Aspirin es muy \u00fatil para personas con EAC o con antecedentes de accidente cerebrovascular. Si usted ha sido diagnosticado con EAC, su proveedor de atenci\u00f3n m\u00e9dica puede recomendarle tomar una dosis diaria (de 75 a 162 mg) de este medicamento. Se recomienda una dosis diaria de 81 mg para personas que han tenido una intervenci\u00f3n coronaria percut\u00e1nea (angioplast\u00eda).<\/p>\n<h5>Beneficios<\/h5>\n<p>Aspirin\u00a0 puede reducir el riesgo de tener un ataque card\u00edaco y un accidente cerebrovascular isqu\u00e9mico. Sin embargo, utilizar este medicamento por mucho tiempo puede elevar el riesgo de sangrado estomacal. La dosis diaria de Aspirin no debe usarse para fines de prevenci\u00f3n en personas saludables que tengan un bajo riesgo de desarrollar una enfermedad card\u00edaca. Su Medico considerar\u00e1 su condici\u00f3n m\u00e9dica general y factores de riesgo de tener un ataque card\u00edaco antes de recomendar esta terapia.<\/p>\n","protected":false},"excerpt":{"rendered":"<p>Tratamiento para 365 d\u00edas La terapia con Aspirin es muy \u00fatil para personas con EAC o con antecedentes de accidente cerebrovascular. Si usted ha sido diagnosticado<span class=\"excerpt-hellip\"> [\u2026]<\/span><\/p>\n","protected":false},"featured_media":3978,"comment_status":"open","ping_status":"closed","template":"","meta":{"_joinchat":[]},"product_brand":[],"product_cat":[26,27,101,81,70,91],"product_tag":[],"class_list":{"0":"post-3976","1":"product","2":"type-product","3":"status-publish","4":"has-post-thumbnail","6":"product_cat-para-ellas","7":"product_cat-para-ellos","8":"product_cat-todos-los-productos","9":"product_cat-vitaminas-para-ellos","10":"product_cat-vitaminas","11":"product_cat-vitaminas-ninos","13":"first","14":"instock","15":"shipping-taxable","16":"purchasable","17":"product-type-simple"},"_links":{"self":[{"href":"https:\/\/ofertasimportadas.cl\/index.php\/wp-json\/wp\/v2\/product\/3976","targetHints":{"allow":["GET"]}}],"collection":[{"href":"https:\/\/ofertasimportadas.cl\/index.php\/wp-json\/wp\/v2\/product"}],"about":[{"href":"https:\/\/ofertasimportadas.cl\/index.php\/wp-json\/wp\/v2\/types\/product"}],"replies":[{"embeddable":true,"href":"https:\/\/ofertasimportadas.cl\/index.php\/wp-json\/wp\/v2\/comments?post=3976"}],"wp:featuredmedia":[{"embeddable":true,"href":"https:\/\/ofertasimportadas.cl\/index.php\/wp-json\/wp\/v2\/media\/3978"}],"wp:attachment":[{"href":"https:\/\/ofertasimportadas.cl\/index.php\/wp-json\/wp\/v2\/media?parent=3976"}],"wp:term":[{"taxonomy":"product_brand","embeddable":true,"href":"https:\/\/ofertasimportadas.cl\/index.php\/wp-json\/wp\/v2\/product_brand?post=3976"},{"taxonomy":"product_cat","embeddable":true,"href":"https:\/\/ofertasimportadas.cl\/index.php\/wp-json\/wp\/v2\/product_cat?post=3976"},{"taxonomy":"product_tag","embeddable":true,"href":"https:\/\/ofertasimportadas.cl\/index.php\/wp-json\/wp\/v2\/product_tag?post=3976"}],"curies":[{"name":"wp","href":"https:\/\/api.w.org\/{rel}","templated":true}]}}