{"id":4033,"date":"2022-07-26T11:32:25","date_gmt":"2022-07-26T14:32:25","guid":{"rendered":"https:\/\/ofertasimportadas.cl\/?post_type=product&#038;p=4033"},"modified":"2026-04-21T11:55:57","modified_gmt":"2026-04-21T14:55:57","slug":"parche-de-nicotina-cq-nicoderm-paso-1","status":"publish","type":"product","link":"https:\/\/ofertasimportadas.cl\/index.php\/producto\/parche-de-nicotina-cq-nicoderm-paso-1\/","title":{"rendered":"Parche de Nicotina Cq NicoDerm Paso 1"},"content":{"rendered":"<p>Paso 1 Los parches de nicotina NicoDerm CQ para dejar de fumar ofrecen una opci\u00f3n de bajo mantenimiento para ayudarlo a adaptarse a la vida como no fumador.\u00a0Fabricados con la tecnolog\u00eda SmartControl de liberaci\u00f3n prolongada, estos parches para dejar de fumar son productos de reemplazo de nicotina que liberan un flujo constante de nicotina terap\u00e9utica durante 16 a 24 horas, lo que previene la necesidad de fumar y alivia la ansiedad, la frustraci\u00f3n, la irritabilidad y la inquietud asociadas con dejar de fumar.\u00a0Estas ayudas para dejar de fumar vienen con una parte posterior delgada y transparente y se adhieren a la piel como un vendaje adhesivo, lo que las hace discretas y f\u00e1ciles de aplicar.\u00a0Si fuma m\u00e1s de 10 cigarrillos al d\u00eda, aumente sus posibilidades de \u00e9xito comenzando con estos parches de nicotina de 21 mg como su terapia de reemplazo de nicotina de venta libre y complete el programa para dejar de fumar de 10 semanas con apoyo conductual.<\/p>\n<ul>\n<li>Un paquete de 14 parches de nicotina NicoDerm CQ paso 1 para dejar de fumar<\/li>\n<li>Ayudas para dejar de fumar que son una opci\u00f3n de bajo mantenimiento para ayudarlo a prevenir la necesidad de fumar<\/li>\n<li>Parches para dejar de fumar que alivian las ansias, la ansiedad, la frustraci\u00f3n, la irritabilidad y la inquietud asociadas a dejar de fumar<\/li>\n<li>Con la tecnolog\u00eda SmartControl de liberaci\u00f3n extendida, estas ayudas para dejar de fumar brindan un flujo constante de nicotina terap\u00e9utica durante todo el d\u00eda.<\/li>\n<li>Comience con estos parches de nicotina de 21 mg del Paso 1 si fuma m\u00e1s de 10 cigarrillos al d\u00eda<\/li>\n<li>Los parches para dejar de fumar f\u00e1ciles de aplicar aseguran que la nicotina no se agote demasiado pronto o se entregue de una vez<\/li>\n<li>Use un parche de nicotina del Paso 1 al d\u00eda durante las primeras seis semanas de un programa para dejar de fumar de 10 semanas con apoyo conductual<\/li>\n<li>Art\u00edculo elegible para HSA y FSA<\/li>\n<\/ul>\n<div class=\"pb2\">\n<h3 class=\"flex items-center mv0 lh-copy f5 pb1 dark-gray\">Marca<\/h3>\n<p class=\"mv0 lh-copy f6 mid-gray\">NicoDerm CQ<\/p>\n<\/div>\n<div class=\"pb2\">\n<h3 class=\"flex items-center mv0 lh-copy f5 pb1 dark-gray\">Peso del producto ensamblado<\/h3>\n<p class=\"mv0 lh-copy f6 mid-gray\">2.4 onzas<\/p>\n<\/div>\n<div class=\"\">\n<h3 class=\"flex items-center mv0 lh-copy f5 pb1 dark-gray\">Dimensiones del producto ensamblado (largo x ancho x alto)<\/h3>\n<p class=\"mv0 lh-copy f6 mid-gray\">1.75 x 4.38 x 5.81 pulgadas<\/p>\n<h3 class=\"flex items-center mv0 lh-copy f5 pb1 dark-gray\">Instrucciones<\/h3>\n<p class=\"mv0 lh-copy f6 mid-gray\">Si tiene menos de 18 a\u00f1os, consulte a un m\u00e9dico antes de usarlo.\u00a0Antes de usar este producto, lea la Gu\u00eda del usuario adjunta para obtener instrucciones completas y otra informaci\u00f3n.\u00a0Comience a usar el parche el d\u00eda que deje de fumar.\u00a0Si fuma m\u00e1s de 10 cigarrillos por d\u00eda, use de acuerdo con el siguiente programa de 10 semanas: PASO 1: Use un parche de 21 mg\/d\u00eda, Semanas 1-6;\u00a0PASO 2: Use un parche de 14 mg\/d\u00eda, Semanas 7-8;\u00a0PASO 3: Use un parche de 7 mg\/d\u00eda, Semanas 9-10.\u00a0Si fuma 10 cigarrillos o menos por d\u00eda, no use el PASO 1 (21 mg).\u00a0Comience con el PASO 2 (14 mg) durante 6 semanas, luego el PASO 3 (7 mg) durante 2 semanas y luego det\u00e9ngase.\u00a0Los pasos 2 y 3 le permiten reducir gradualmente su nivel de nicotina.\u00a0Completar el programa completo aumentar\u00e1 sus posibilidades de dejar de fumar con \u00e9xito.\u00a0Aplicar un parche nuevo cada 24 horas sobre la piel seca, limpia y sin vello.\u00a0Guarde la bolsa para desechar el parche despu\u00e9s de usarlo.\u00a0Retire la parte posterior del parche y presione inmediatamente sobre la piel.\u00a0Mantenga durante 10 segundos.\u00a0L\u00e1vese las manos despu\u00e9s de aplicar o quitar el parche.\u00a0Deseche el parche doblando los extremos adhesivos.\u00a0Vuelva a colocarlo en su bolsa y des\u00e9chelo.\u00a0Consulte la Gu\u00eda del usuario adjunta para conocer la seguridad y el manejo.\u00a0Puede usar el parche durante 16 o 24 horas.\u00a0Si tiene antojo de cigarrillos cuando se despierta, use el parche durante 24 horas.\u00a0Si tiene sue\u00f1os v\u00edvidos u otros trastornos del sue\u00f1o, puede quitarse el parche a la hora de acostarse y aplicar uno nuevo por la ma\u00f1ana.\u00a0El parche usado debe retirarse y aplicarse uno nuevo en un lugar diferente de la piel a la misma hora todos los d\u00edas.\u00a0No use m\u00e1s de un parche a la vez.\u00a0No corte el parche por la mitad o en pedazos m\u00e1s peque\u00f1os.\u00a0No deje el parche por m\u00e1s de 24 horas porque puede irritar su piel y perder fuerza despu\u00e9s de 24 horas.\u00a0Es importante completar el tratamiento.\u00a0Si siente que necesita usar el parche por un per\u00edodo m\u00e1s largo para dejar de fumar, hable con su proveedor de atenci\u00f3n m\u00e9dica.<\/p>\n<\/div>\n<div class=\"expand-collapse-header flex justify-between items-center w-100\">\n<h2 class=\"w-100 ma0 pa3 f5 lh-copy normal\">Ingredientes<\/h2>\n<div class=\"pr2\"><\/div>\n<\/div>\n<div class=\"w_DF expand-collapse-content\">\n<div class=\"ph3 pb4 pt1\">\n<div class=\"nt1\">\n<div class=\"pb2\">\n<h3 class=\"mv0 lh-copy f5 pb1 dark-gray\">ingredientes inactivos<\/h3>\n<p class=\"mv0 lh-copy f6 mid-gray\">copol\u00edmero de etileno acetato de vinilo poliisobutileno y polietileno de alta densidad entre soportes de poli\u00e9ster transparente<\/p>\n<\/div>\n<div class=\"pb2\">\n<h3 class=\"mv0 lh-copy f5 pb1 dark-gray\">Ingredientes<\/h3>\n<p class=\"mv0 lh-copy f6 mid-gray\">Ingredientes activos: (en cada parche) Nicotina, 21 mg entregados durante 24 horas &#8211; Ayuda para dejar de fumar;\u00a0Ingredientes inactivos: copol\u00edmero de etileno acetato de vinilo, poliisobutileno y polietileno de alta densidad entre soportes de poli\u00e9ster transparente<\/p>\n<\/div>\n<div class=\"pb2\">\n<h3 class=\"mv0 lh-copy f5 pb1 dark-gray\">Ingredientes activos<\/h3>\n<p class=\"mv0 lh-copy f6 mid-gray\">Nicotina<\/p>\n<\/div>\n<\/div>\n<\/div>\n<\/div>\n<div class=\"\">\n<p class=\"mv0 lh-copy f6 mid-gray\">\n<\/div>\n","protected":false},"excerpt":{"rendered":"<p>Paso 1 Los parches de nicotina NicoDerm CQ para dejar de fumar ofrecen una opci\u00f3n de bajo mantenimiento para ayudarlo a adaptarse a la vida como<span class=\"excerpt-hellip\"> [\u2026]<\/span><\/p>\n","protected":false},"featured_media":4034,"comment_status":"open","ping_status":"closed","template":"","meta":{"_joinchat":[]},"product_brand":[],"product_cat":[127,126,26,27,101,70,81],"product_tag":[],"class_list":{"0":"post-4033","1":"product","2":"type-product","3":"status-publish","4":"has-post-thumbnail","6":"product_cat-otros","7":"product_cat-otros-vitaminas-para-ellas","8":"product_cat-para-ellas","9":"product_cat-para-ellos","10":"product_cat-todos-los-productos","11":"product_cat-vitaminas","12":"product_cat-vitaminas-para-ellos","14":"first","15":"instock","16":"shipping-taxable","17":"purchasable","18":"product-type-simple"},"_links":{"self":[{"href":"https:\/\/ofertasimportadas.cl\/index.php\/wp-json\/wp\/v2\/product\/4033","targetHints":{"allow":["GET"]}}],"collection":[{"href":"https:\/\/ofertasimportadas.cl\/index.php\/wp-json\/wp\/v2\/product"}],"about":[{"href":"https:\/\/ofertasimportadas.cl\/index.php\/wp-json\/wp\/v2\/types\/product"}],"replies":[{"embeddable":true,"href":"https:\/\/ofertasimportadas.cl\/index.php\/wp-json\/wp\/v2\/comments?post=4033"}],"wp:featuredmedia":[{"embeddable":true,"href":"https:\/\/ofertasimportadas.cl\/index.php\/wp-json\/wp\/v2\/media\/4034"}],"wp:attachment":[{"href":"https:\/\/ofertasimportadas.cl\/index.php\/wp-json\/wp\/v2\/media?parent=4033"}],"wp:term":[{"taxonomy":"product_brand","embeddable":true,"href":"https:\/\/ofertasimportadas.cl\/index.php\/wp-json\/wp\/v2\/product_brand?post=4033"},{"taxonomy":"product_cat","embeddable":true,"href":"https:\/\/ofertasimportadas.cl\/index.php\/wp-json\/wp\/v2\/product_cat?post=4033"},{"taxonomy":"product_tag","embeddable":true,"href":"https:\/\/ofertasimportadas.cl\/index.php\/wp-json\/wp\/v2\/product_tag?post=4033"}],"curies":[{"name":"wp","href":"https:\/\/api.w.org\/{rel}","templated":true}]}}