{"id":4040,"date":"2022-07-26T11:44:25","date_gmt":"2022-07-26T14:44:25","guid":{"rendered":"https:\/\/ofertasimportadas.cl\/?post_type=product&#038;p=4040"},"modified":"2026-03-23T18:21:14","modified_gmt":"2026-03-23T21:21:14","slug":"parche-de-nicotina-cq-nicoderm-paso-2","status":"publish","type":"product","link":"https:\/\/ofertasimportadas.cl\/index.php\/producto\/parche-de-nicotina-cq-nicoderm-paso-2\/","title":{"rendered":"Parche de Nicotina Cq  NicoDerm Paso 2"},"content":{"rendered":"<p>Paso 2 Los parches de nicotina NicoDerm CQ para dejar de fumar lo ayudan a controlar los antojos de nicotina durante todo el d\u00eda.\u00a0Estos parches para dejar de fumar cuentan con la tecnolog\u00eda SmartControl de liberaci\u00f3n prolongada que brinda un flujo constante de nicotina terap\u00e9utica durante hasta 24 horas, lo que lo convierte en una ayuda para dejar de fumar una vez al d\u00eda que calma la ansiedad, la frustraci\u00f3n, la irritabilidad y la inquietud asociadas con dejar de fumar.\u00a0Dise\u00f1ados para usarse discretamente, estos parches transparentes de nicotina se adhieren a la piel como una venda adhesiva y ofrecen una opci\u00f3n de bajo mantenimiento para dejar el h\u00e1bito de fumar.\u00a0Comience con estas ayudas para dejar de fumar como su terapia de reemplazo de nicotina de venta libre si fuma menos de 10 cigarrillos al d\u00eda.\u00a0Para mejores resultados,\u00a0Complete el programa para dejar de fumar de 8 semanas con apoyo conductual usando los parches para dejar de fumar del Paso 2 diariamente durante las primeras seis semanas y use los parches del Paso 3 desde la semana siete hasta la ocho.\u00a0Tome el control de dejar de fumar con los parches de nicotina NicoDerm CQ para dejar de<\/p>\n<div class=\"f5 lh-copy mid-gray dangerous-html mb3\">\n<div>\n<p>fumar.<\/p>\n<\/div>\n<\/div>\n<div class=\"f6 lh-copy mid-gray dangerous-html mb3\">\n<ul>\n<li>Un paquete de 14 parches de nicotina NicoDerm CQ Paso 2 para dejar de fumar<\/li>\n<li>Ayudas para dejar de fumar que ofrecen una opci\u00f3n de bajo mantenimiento para dejar el h\u00e1bito de fumar<\/li>\n<li>Dise\u00f1ado para calmar las ansias y otros s\u00edntomas que vienen con dejar de fumar<\/li>\n<li>La tecnolog\u00eda SmartControl de liberaci\u00f3n prolongada garantiza que la nicotina terap\u00e9utica se administre constantemente a trav\u00e9s de la piel<\/li>\n<li>Comience con estos parches para dejar de fumar del Paso 2 si fuma menos de 10 cigarrillos al d\u00eda<\/li>\n<li>Parches de nicotina transparentes, discretos y f\u00e1ciles de aplicar<\/li>\n<li>Use un parche del Paso 2 al d\u00eda durante las primeras seis semanas de un programa para dejar de fumar de 8 semanas con apoyo conductual<\/li>\n<li>Art\u00edculo elegible para HSA y FSA<\/li>\n<\/ul>\n<p>Especificaciones<\/p>\n<div class=\"expand-collapse-header flex justify-between items-center w-100\">\n<div class=\"pr2\"><\/div>\n<\/div>\n<div class=\"w_DF expand-collapse-content\">\n<div class=\"ph3 pb4 pt1\">\n<div class=\"nt1\">\n<div class=\"pb2\">\n<h3 class=\"flex items-center mv0 lh-copy f5 pb1 dark-gray\">Marca<\/h3>\n<p class=\"mv0 lh-copy f6 mid-gray\">NicoDerm CQ<\/p>\n<\/div>\n<div class=\"pb2\">\n<h3 class=\"flex items-center mv0 lh-copy f5 pb1 dark-gray\">Peso del producto ensamblado<\/h3>\n<p class=\"mv0 lh-copy f6 mid-gray\">2,26 onzas<\/p>\n<\/div>\n<div class=\"\">\n<h3 class=\"flex items-center mv0 lh-copy f5 pb1 dark-gray\">Dimensiones del producto ensamblado (largo x ancho x alto)<\/h3>\n<p class=\"mv0 lh-copy f6 mid-gray\">1.75 x 4.38 x 5.38 pulgadas<\/p>\n<section class=\"expand-collapse-section nl3 nr3\">\n<div class=\"expand-collapse-header flex justify-between items-center w-100\">\n<h2 class=\"w-100 ma0 pa3 f5 lh-copy normal\">Indicaciones<\/h2>\n<div class=\"pr2\"><\/div>\n<\/div>\n<div class=\"w_DF expand-collapse-content\">\n<div class=\"ph3 pb4 pt1\">\n<div class=\"nt1\">\n<div class=\"pb2\">\n<h3 class=\"flex items-center mv0 lh-copy f5 pb1 dark-gray\">Suspender Indicaciones de uso<\/h3>\n<p class=\"mv0 lh-copy f6 mid-gray\">Deje de usarlo y preg\u00fantele a un m\u00e9dico si.\u00a0?\u00a0el enrojecimiento de la piel causado por el parche no desaparece despu\u00e9s de cuatro d\u00edas, o si su piel se hincha, o le sale una erupci\u00f3n.\u00a0?\u00a0se producen latidos card\u00edacos irregulares o palpitaciones.\u00a0?\u00a0tiene s\u00edntomas de sobredosis de nicotina, como n\u00e1useas, v\u00f3mitos, mareos, debilidad y latidos card\u00edacos r\u00e1pidos.\u00a0?\u00a0tiene s\u00edntomas de una reacci\u00f3n al\u00e9rgica (como dificultad para respirar o sarpullido)<\/p>\n<\/div>\n<div class=\"\">\n<h3 class=\"flex items-center mv0 lh-copy f5 pb1 dark-gray\">Preocupaci\u00f3n por la salud<\/h3>\n<p class=\"mv0 lh-copy f6 mid-gray\">Ayuda para fumar<\/p>\n<\/div>\n<\/div>\n<\/div>\n<\/div>\n<\/section>\n<hr class=\"w_Al\" aria-hidden=\"true\" \/>\n<section class=\"expand-collapse-section nl3 nr3\">\n<div class=\"expand-collapse-header flex justify-between items-center w-100\">\n<h2 class=\"w-100 ma0 pa3 f5 lh-copy normal\">Direcciones<\/h2>\n<div class=\"pr2\"><\/div>\n<\/div>\n<div class=\"w_DF expand-collapse-content\">\n<div class=\"ph3 pb4 pt1\">\n<div class=\"nt1\">\n<div class=\"pb2\">\n<h3 class=\"flex items-center mv0 lh-copy f5 pb1 dark-gray\">Dosis<\/h3>\n<p class=\"mv0 lh-copy f6 mid-gray\">1<\/p>\n<\/div>\n<div class=\"\">\n<h3 class=\"flex items-center mv0 lh-copy f5 pb1 dark-gray\">Instrucciones<\/h3>\n<p class=\"mv0 lh-copy f6 mid-gray\">Si tiene menos de 18 a\u00f1os, consulte a un m\u00e9dico antes de usarlo.\u00a0Antes de usar este producto, lea la Gu\u00eda del usuario adjunta para obtener instrucciones completas y otra informaci\u00f3n.\u00a0Comience a usar el parche el d\u00eda que deje de fumar.\u00a0Si fuma m\u00e1s de 10 cigarrillos por d\u00eda, use de acuerdo con el siguiente programa de 10 semanas: PASO 1: Use un parche de 14 mg\/d\u00eda, Semanas 7-8;\u00a0PASO 3: Use un parche de 7 mg\/d\u00eda, Semanas 9-10.\u00a0Si fuma 10 cigarrillos o menos por d\u00eda, no use el PASO 1 (21 mg).\u00a0Comience con el PASO 2 (14 mg) durante 6 semanas, luego el PASO 3 (7 mg) durante 2 semanas y luego det\u00e9ngase.\u00a0Los pasos 2 y 3 le permiten reducir gradualmente su nivel de nicotina.\u00a0Completar el programa completo aumentar\u00e1 sus posibilidades de dejar de fumar con \u00e9xito.\u00a0Aplicar un parche nuevo cada 24 horas sobre la piel seca, limpia y sin vello.\u00a0Guarde la bolsa para desechar el parche despu\u00e9s de usarlo.\u00a0Retire la parte posterior del parche y presione inmediatamente sobre la piel.\u00a0Mantenga durante 10 segundos.\u00a0L\u00e1vese las manos despu\u00e9s de aplicar o quitar el parche.\u00a0Deseche el parche doblando los extremos adhesivos.\u00a0Vuelva a colocarlo en su bolsa y des\u00e9chelo.\u00a0Consulte la Gu\u00eda del usuario adjunta para conocer la seguridad y el manejo.\u00a0Puede usar el parche durante 16 o 24 horas.\u00a0Si tiene antojo de cigarrillos cuando se despierta, use el parche durante 24 horas.\u00a0Si tiene sue\u00f1os v\u00edvidos u otros trastornos del sue\u00f1o, puede quitarse el parche a la hora de acostarse y aplicar uno nuevo por la ma\u00f1ana.\u00a0El parche usado debe retirarse y aplicarse uno nuevo en un lugar diferente de la piel a la misma hora todos los d\u00edas.\u00a0No use m\u00e1s de un parche a la vez.\u00a0No corte el parche por la mitad o en pedazos m\u00e1s peque\u00f1os.\u00a0No deje el parche por m\u00e1s de 24 horas porque puede irritar su piel y perder fuerza despu\u00e9s de 24 horas.\u00a0Es importante completar el tratamiento.\u00a0Si siente que necesita usar el parche por un per\u00edodo m\u00e1s largo para dejar de fumar, hable<\/p>\n<section class=\"expand-collapse-section nl3 nr3\">\n<div class=\"w_DF expand-collapse-content\">\n<div class=\"ph3 pb4 pt1\">\n<div class=\"nt1\">\n<div class=\"\">\n<p class=\"mv0 lh-copy f6 mid-gray\">con su proveedor de atenci\u00f3n m\u00e9dica.<\/p>\n<\/div>\n<\/div>\n<\/div>\n<\/div>\n<\/section>\n<hr class=\"w_Al\" aria-hidden=\"true\" \/>\n<section class=\"expand-collapse-section nl3 nr3\">\n<div class=\"expand-collapse-header flex justify-between items-center w-100\">\n<h2 class=\"w-100 ma0 pa3 f5 lh-copy normal\">Garant\u00eda<\/h2>\n<div class=\"pr2\"><\/div>\n<\/div>\n<div class=\"w_DF w_DG expand-collapse-content\">\n<div class=\"ph3 pb4 pt1\">\n<div class=\"nt1\">\n<div class=\"pb2\">\n<h3 class=\"flex items-center mv0 lh-copy f5 pb1 dark-gray\"><\/h3>\n<p class=\"mv0 lh-copy f6 mid-gray\">\n<\/div>\n<div class=\"\">\n<h3 class=\"flex items-center mv0 lh-copy f5 pb1 dark-gray\"><\/h3>\n<p class=\"mv0 lh-copy f6 mid-gray\">\n<\/div>\n<\/div>\n<\/div>\n<\/div>\n<\/section>\n<hr class=\"w_Al\" aria-hidden=\"true\" \/>\n<section class=\"expand-collapse-section nl3 nr3\">\n<div class=\"expand-collapse-header flex justify-between items-center w-100\">\n<h2 class=\"w-100 ma0 pa3 f5 lh-copy normal\">Ingredientes<\/h2>\n<div class=\"pr2\"><\/div>\n<\/div>\n<div class=\"w_DF expand-collapse-content\">\n<div class=\"ph3 pb4 pt1\">\n<div class=\"nt1\">\n<div class=\"pb2\">\n<h3 class=\"mv0 lh-copy f5 pb1 dark-gray\">ingredientes inactivos<\/h3>\n<p class=\"mv0 lh-copy f6 mid-gray\">copol\u00edmero de etileno acetato de vinilo poliisobutileno y polietileno de alta densidad entre soportes de poli\u00e9ster transparente<\/p>\n<\/div>\n<div class=\"pb2\">\n<h3 class=\"mv0 lh-copy f5 pb1 dark-gray\">Ingredientes<\/h3>\n<p class=\"mv0 lh-copy f6 mid-gray\">Ingredientes activos: (en cada parche) Nicotina, 14 mg entregados durante 24 horas &#8211; Ayuda para dejar de fumar;\u00a0Ingredientes inactivos: copol\u00edmero de etileno acetato de vinilo, poliisobutileno y polietileno de alta densidad entre soportes de poli\u00e9ster transparente<\/p>\n<\/div>\n<div class=\"pb2\">\n<h3 class=\"mv0 lh-copy f5 pb1 dark-gray\">Ingredientes activos<\/h3>\n<p class=\"mv0 lh-copy f6 mid-gray\">Nicotina<\/p>\n<\/div>\n<\/div>\n<\/div>\n<\/div>\n<\/section>\n<\/div>\n<\/div>\n<\/div>\n<\/div>\n<\/section>\n<p class=\"mv0 lh-copy f6 mid-gray\">\n<\/div>\n<\/div>\n<\/div>\n<\/div>\n<\/div>\n","protected":false},"excerpt":{"rendered":"<p>Paso 2 Los parches de nicotina NicoDerm CQ para dejar de fumar lo ayudan a controlar los antojos de nicotina durante todo el d\u00eda.\u00a0Estos parches para<span class=\"excerpt-hellip\"> [\u2026]<\/span><\/p>\n","protected":false},"featured_media":4041,"comment_status":"open","ping_status":"closed","template":"","meta":{"_joinchat":[]},"product_brand":[],"product_cat":[127,126,26,27,101,81,70],"product_tag":[],"class_list":{"0":"post-4040","1":"product","2":"type-product","3":"status-publish","4":"has-post-thumbnail","6":"product_cat-otros","7":"product_cat-otros-vitaminas-para-ellas","8":"product_cat-para-ellas","9":"product_cat-para-ellos","10":"product_cat-todos-los-productos","11":"product_cat-vitaminas-para-ellos","12":"product_cat-vitaminas","14":"first","15":"instock","16":"shipping-taxable","17":"purchasable","18":"product-type-simple"},"_links":{"self":[{"href":"https:\/\/ofertasimportadas.cl\/index.php\/wp-json\/wp\/v2\/product\/4040","targetHints":{"allow":["GET"]}}],"collection":[{"href":"https:\/\/ofertasimportadas.cl\/index.php\/wp-json\/wp\/v2\/product"}],"about":[{"href":"https:\/\/ofertasimportadas.cl\/index.php\/wp-json\/wp\/v2\/types\/product"}],"replies":[{"embeddable":true,"href":"https:\/\/ofertasimportadas.cl\/index.php\/wp-json\/wp\/v2\/comments?post=4040"}],"wp:featuredmedia":[{"embeddable":true,"href":"https:\/\/ofertasimportadas.cl\/index.php\/wp-json\/wp\/v2\/media\/4041"}],"wp:attachment":[{"href":"https:\/\/ofertasimportadas.cl\/index.php\/wp-json\/wp\/v2\/media?parent=4040"}],"wp:term":[{"taxonomy":"product_brand","embeddable":true,"href":"https:\/\/ofertasimportadas.cl\/index.php\/wp-json\/wp\/v2\/product_brand?post=4040"},{"taxonomy":"product_cat","embeddable":true,"href":"https:\/\/ofertasimportadas.cl\/index.php\/wp-json\/wp\/v2\/product_cat?post=4040"},{"taxonomy":"product_tag","embeddable":true,"href":"https:\/\/ofertasimportadas.cl\/index.php\/wp-json\/wp\/v2\/product_tag?post=4040"}],"curies":[{"name":"wp","href":"https:\/\/api.w.org\/{rel}","templated":true}]}}