{"id":4045,"date":"2022-07-26T11:52:17","date_gmt":"2022-07-26T14:52:17","guid":{"rendered":"https:\/\/ofertasimportadas.cl\/?post_type=product&#038;p=4045"},"modified":"2026-02-09T18:20:01","modified_gmt":"2026-02-09T21:20:01","slug":"parche-de-nicotina-cq-nicoderm-paso-3","status":"publish","type":"product","link":"https:\/\/ofertasimportadas.cl\/index.php\/producto\/parche-de-nicotina-cq-nicoderm-paso-3\/","title":{"rendered":"Parche de Nicotina Cq NicoDerm Paso 3"},"content":{"rendered":"<p>NicoDerm CQ Step 3 es un parche de nicotina transparente que se administra una vez al d\u00eda y que puede ayudarlo a dejar de fumar para siempre al ayudar a frenar los antojos de nicotina durante todo el d\u00eda.\u00a0Fabricado con tecnolog\u00eda SmartControl de liberaci\u00f3n extendida, el parche de nicotina NicoDerm CQ comienza a liberar nicotina de inmediato, pero contin\u00faa de manera constante durante todo el d\u00eda.\u00a0En \u00faltima instancia, esta ayuda para dejar de fumar puede ayudar a aliviar los antojos, la ansiedad, la frustraci\u00f3n, la irritabilidad y la inquietud asociadas con dejar de fumar.* El parche de nicotina NicoDerm CQ es delgado y transparente, por lo que es f\u00e1cil de aplicar y usar discretamente.\u00a0Para comenzar su programa para dejar de fumar, comience con el parche de nicotina NicoDerm CQ Step 1 si fuma m\u00e1s de 10 cigarrillos por d\u00eda.\u00a0Sin embargo, si fuma menos de 10 cigarrillos al d\u00eda, comience con el paso 2 del parche de nicotina NicoDerm CQ. Despu\u00e9s de completar el paso 2,\u00a0siga el paso 3 para completar el programa para dejar de fumar.\u00a0Siga los pasos recomendados y las instrucciones que se encuentran en la parte posterior de la caja, en nicodermcq.com o a continuaci\u00f3n.\u00a0Completar el programa completo<\/p>\n<div class=\"f5 lh-copy mid-gray dangerous-html mb3\">\n<div>\n<p>aumentar\u00e1 sus posibilidades de dejar de fumar con \u00e9xito.\u00a0Legal: *El programa de apoyo conductual aumenta las posibilidades de \u00e9xito.\u00a0Utilizar como se indica.\u00a0\u00a92018 GSK o su licenciante.<\/p>\n<\/div>\n<\/div>\n<div class=\"f6 lh-copy mid-gray dangerous-html mb3\">\n<ul>\n<li>Despu\u00e9s de completar NicoDerm CQ Paso 2, use el parche de nicotina NicoDerm CQ Paso 3<\/li>\n<li>NicoDerm CQ es un parche para dejar de fumar una vez al d\u00eda que ayuda a prevenir la necesidad de fumar<\/li>\n<li>Fabricado con la tecnolog\u00eda SmartControl de liberaci\u00f3n prolongada que administra nicotina r\u00e1pidamente y contin\u00faa de manera constante durante todo el d\u00eda<\/li>\n<li>Ayuda a aliviar los antojos, la ansiedad, la frustraci\u00f3n, la irritabilidad y la inquietud asociadas con dejar de fumar.<\/li>\n<li>El parche de nicotina NicoDerm CQ ofrece un enfoque de reducci\u00f3n de 2 o 3 pasos para dejar de fumar para que pueda quitarle la nicotina a su cuerpo.<\/li>\n<li>Art\u00edculo elegible para HSA y FSA<\/li>\n<\/ul>\n<div class=\"expand-collapse-header flex justify-between items-center w-100\">\n<h2 class=\"w-100 ma0 pa3 f5 lh-copy normal\">Especificaciones<\/h2>\n<div class=\"pr2\"><\/div>\n<\/div>\n<div class=\"w_DF expand-collapse-content\">\n<div class=\"ph3 pb4 pt1\">\n<div class=\"nt1\">\n<div class=\"pb2\">\n<h3 class=\"flex items-center mv0 lh-copy f5 pb1 dark-gray\">Caracter\u00edsticas<\/h3>\n<p class=\"mv0 lh-copy f6 mid-gray\">Para aumentar su \u00e9xito al dejar de fumar<\/p>\n<\/div>\n<div class=\"pb2\">\n<h3 class=\"flex items-center mv0 lh-copy f5 pb1 dark-gray\">Marca<\/h3>\n<p class=\"mv0 lh-copy f6 mid-gray\">NicoDerm CQ<\/p>\n<\/div>\n<div class=\"pb2\">\n<h3 class=\"flex items-center mv0 lh-copy f5 pb1 dark-gray\">Peso del producto ensamblado<\/h3>\n<p class=\"mv0 lh-copy f6 mid-gray\">2,08 onzas<\/p>\n<\/div>\n<div class=\"\">\n<h3 class=\"flex items-center mv0 lh-copy f5 pb1 dark-gray\">Dimensiones del producto ensamblado (largo x ancho x alto)<\/h3>\n<p class=\"mv0 lh-copy f6 mid-gray\">1.75 x 4.38 x 5.38 pulgadas<\/p>\n<div class=\"pb2\">\n<h3 class=\"flex items-center mv0 lh-copy f5 pb1 dark-gray\">Dosis<\/h3>\n<p class=\"mv0 lh-copy f6 mid-gray\">1<\/p>\n<\/div>\n<div class=\"\">\n<h3 class=\"flex items-center mv0 lh-copy f5 pb1 dark-gray\">Instrucciones<\/h3>\n<p class=\"mv0 lh-copy f6 mid-gray\">Si tiene menos de 18 a\u00f1os, consulte a un m\u00e9dico antes de usarlo.\u00a0Antes de usar este producto, lea la Gu\u00eda del usuario adjunta para obtener instrucciones completas y otra informaci\u00f3n.\u00a0Comience a usar el parche el d\u00eda que deje de fumar.\u00a0Si fuma m\u00e1s de 10 cigarrillos por d\u00eda, use de acuerdo con el siguiente programa de 10 semanas: PASO 1: Use un parche de 21 mg\/d\u00eda, Semanas 1-6;\u00a0PASO 2: Use un parche de 14 mg\/d\u00eda, Semanas 7-8;\u00a0PASO 3: Use un parche de 7 mg\/d\u00eda, Semanas 9-10.\u00a0Si fuma 10 cigarrillos o menos por d\u00eda, no use el PASO 1 (21 mg).\u00a0Comience con el PASO 2 (14 mg) durante 6 semanas, luego el PASO 3 (7 mg) durante 2 semanas y luego det\u00e9ngase.\u00a0Los pasos 2 y 3 le permiten reducir gradualmente su nivel de nicotina.\u00a0Completar el programa completo aumentar\u00e1 sus posibilidades de dejar de fumar con \u00e9xito.\u00a0Aplicar un parche nuevo cada 24 horas sobre la piel seca, limpia y sin vello.\u00a0Guarde la bolsa para desechar el parche despu\u00e9s de usarlo.\u00a0Retire la parte posterior del parche y presione inmediatamente sobre la piel.\u00a0Mantenga durante 10 segundos.\u00a0L\u00e1vese las manos despu\u00e9s de aplicar o quitar el parche.\u00a0Deseche el parche doblando los extremos adhesivos.\u00a0Vuelva a colocarlo en su bolsa y des\u00e9chelo.\u00a0Consulte la Gu\u00eda del usuario adjunta para conocer la seguridad y el manejo.\u00a0Puede usar el parche durante 16 o 24 horas.\u00a0Si tiene antojo de cigarrillos cuando se despierta, use el parche durante 24 horas.\u00a0Si tiene sue\u00f1os v\u00edvidos u otros trastornos del sue\u00f1o, puede quitarse el parche a la hora de acostarse y aplicar uno nuevo por la ma\u00f1ana.\u00a0El parche usado debe retirarse y aplicarse uno nuevo en un lugar diferente de la piel a la misma hora todos los d\u00edas.\u00a0No use m\u00e1s de un parche a la vez.\u00a0No corte el parche por la mitad o en pedazos m\u00e1s peque\u00f1os.\u00a0No deje el parche por m\u00e1s de 24 horas porque puede irritar su piel y perder fuerza despu\u00e9s de 24 horas.\u00a0Es importante completar el tratamiento.\u00a0Si siente que necesita usar el parche por un per\u00edodo m\u00e1s largo para dejar de fumar, hable con su proveedor de atenci\u00f3n m\u00e9dica.<\/p>\n<div class=\"expand-collapse-header flex justify-between items-center w-100\">\n<h2 class=\"w-100 ma0 pa3 f5 lh-copy normal\">Ingredientes<\/h2>\n<div class=\"pr2\"><\/div>\n<\/div>\n<div class=\"w_DF expand-collapse-content\">\n<div class=\"ph3 pb4 pt1\">\n<div class=\"nt1\">\n<div class=\"pb2\">\n<h3 class=\"mv0 lh-copy f5 pb1 dark-gray\">ingredientes inactivos<\/h3>\n<p class=\"mv0 lh-copy f6 mid-gray\">copol\u00edmero de etileno acetato de vinilo poliisobutileno y polietileno de alta densidad entre soportes de poli\u00e9ster transparente<\/p>\n<\/div>\n<div class=\"pb2\">\n<h3 class=\"mv0 lh-copy f5 pb1 dark-gray\">Ingredientes<\/h3>\n<p class=\"mv0 lh-copy f6 mid-gray\">Ingredientes activos: (en cada parche) Nicotina, 21 mg entregados durante 24 horas &#8211; Ayuda para dejar de fumar;\u00a0Ingredientes inactivos: copol\u00edmero de etileno acetato de vinilo, poliisobutileno y polietileno de alta densidad entre soportes de poli\u00e9ster transparente<\/p>\n<\/div>\n<div class=\"pb2\">\n<h3 class=\"mv0 lh-copy f5 pb1 dark-gray\">Ingredientes activos<\/h3>\n<p class=\"mv0 lh-copy f6 mid-gray\">Nicotina<\/p>\n<\/div>\n<\/div>\n<\/div>\n<\/div>\n<p class=\"mv0 lh-copy f6 mid-gray\">\n<\/div>\n<p class=\"mv0 lh-copy f6 mid-gray\">\n<\/div>\n<\/div>\n<\/div>\n<\/div>\n<\/div>\n","protected":false},"excerpt":{"rendered":"<p>NicoDerm CQ Step 3 es un parche de nicotina transparente que se administra una vez al d\u00eda y que puede ayudarlo a dejar de fumar para<span class=\"excerpt-hellip\"> [\u2026]<\/span><\/p>\n","protected":false},"featured_media":4055,"comment_status":"open","ping_status":"closed","template":"","meta":{"_joinchat":[]},"product_brand":[],"product_cat":[127,126,26,27,101,81,70],"product_tag":[],"class_list":{"0":"post-4045","1":"product","2":"type-product","3":"status-publish","4":"has-post-thumbnail","6":"product_cat-otros","7":"product_cat-otros-vitaminas-para-ellas","8":"product_cat-para-ellas","9":"product_cat-para-ellos","10":"product_cat-todos-los-productos","11":"product_cat-vitaminas-para-ellos","12":"product_cat-vitaminas","14":"first","15":"outofstock","16":"shipping-taxable","17":"purchasable","18":"product-type-simple"},"_links":{"self":[{"href":"https:\/\/ofertasimportadas.cl\/index.php\/wp-json\/wp\/v2\/product\/4045","targetHints":{"allow":["GET"]}}],"collection":[{"href":"https:\/\/ofertasimportadas.cl\/index.php\/wp-json\/wp\/v2\/product"}],"about":[{"href":"https:\/\/ofertasimportadas.cl\/index.php\/wp-json\/wp\/v2\/types\/product"}],"replies":[{"embeddable":true,"href":"https:\/\/ofertasimportadas.cl\/index.php\/wp-json\/wp\/v2\/comments?post=4045"}],"wp:featuredmedia":[{"embeddable":true,"href":"https:\/\/ofertasimportadas.cl\/index.php\/wp-json\/wp\/v2\/media\/4055"}],"wp:attachment":[{"href":"https:\/\/ofertasimportadas.cl\/index.php\/wp-json\/wp\/v2\/media?parent=4045"}],"wp:term":[{"taxonomy":"product_brand","embeddable":true,"href":"https:\/\/ofertasimportadas.cl\/index.php\/wp-json\/wp\/v2\/product_brand?post=4045"},{"taxonomy":"product_cat","embeddable":true,"href":"https:\/\/ofertasimportadas.cl\/index.php\/wp-json\/wp\/v2\/product_cat?post=4045"},{"taxonomy":"product_tag","embeddable":true,"href":"https:\/\/ofertasimportadas.cl\/index.php\/wp-json\/wp\/v2\/product_tag?post=4045"}],"curies":[{"name":"wp","href":"https:\/\/api.w.org\/{rel}","templated":true}]}}