{"id":4254,"date":"2022-10-18T18:49:49","date_gmt":"2022-10-18T21:49:49","guid":{"rendered":"https:\/\/ofertasimportadas.cl\/?post_type=product&#038;p=4254"},"modified":"2026-04-13T18:49:01","modified_gmt":"2026-04-13T21:49:01","slug":"vitamina-d3-extra-strength-kirkland-signature-50-mcg-600-capsulas-blandas","status":"publish","type":"product","link":"https:\/\/ofertasimportadas.cl\/index.php\/producto\/vitamina-d3-extra-strength-kirkland-signature-50-mcg-600-capsulas-blandas\/","title":{"rendered":"Vitamina D3 Extra Strength  Kirkland Signature 50 mcg., 600 c\u00e1psulas blandas"},"content":{"rendered":"<h2 id=\"a11y-features\">Caracter\u00edsticas:<\/h2>\n<ul class=\"pdp-features\">\n<li>La vitamina del sol<\/li>\n<li>Apoya la salud \u00f3sea e inmunol\u00f3gica<\/li>\n<li>USP verificado<\/li>\n<\/ul>\n<p>Descripci\u00f3n del producto<\/p>\n<p>Importante para huesos, dientes y m\u00fasculos saludables, Kirkland Signature Vitamin D\u00a0<sub>3<\/sub>\u00a02000 IU tambi\u00e9n apoya la salud del sistema inmunol\u00f3gico.\u00a0Kirkland Signature Vitamin D\u00a0<sup>3<\/sup> , la forma de vitamina D que su cuerpo prefiere es una excelente manera de asegurarse de obtener suficiente de este micronutriente esencial para mantener la salud en general.<\/p>\n<p>&nbsp;<\/p>\n<ul>\n<li>Ayuda a apoyar la salud de los huesos, los dientes, los m\u00fasculos y el sistema inmunitario.<\/li>\n<li>Ayuda a mejorar la absorci\u00f3n de calcio intestinal en el cuerpo.<\/li>\n<\/ul>\n<p>La vitamina D es una vitamina liposoluble que es \u00fanica porque es el \u00fanico nutriente que la piel puede sintetizar a partir de los rayos ultravioleta.\u00a0En el suministro de alimentos, hay escasez de alimentos que contengan vitamina D de forma natural. En cambio, la mayor parte de la vitamina D de la dieta se consume a trav\u00e9s de alimentos enriquecidos, aunque todav\u00eda en cantidades relativamente peque\u00f1as.\u00a0Los suplementos de vitamina D son una opci\u00f3n prudente para llenar los vac\u00edos de nutrientes que a menudo existen para este micronutriente crucial.\u00a0<sup>\u2020<\/sup>\u00a0La vitamina D2, o ergocalciferol, es de origen vegetal, mientras que la vitamina D3, colecalciferol, es de origen animal y es la forma preferida del cuerpo seg\u00fan investigaciones que demuestran su capacidad superior para elevar y mantener los niveles de vitamina D en la sangre.1\u00a0<sup>\u2020<\/sup><\/p>\n<p>A medida que madura el cuerpo cient\u00edfico de la literatura, se aclara la diversidad de la influencia de la vitamina D en el cuerpo.\u00a0Se han descubierto receptores para la vitamina D en c\u00e9lulas de todo el cuerpo.\u00a0Actualmente, la ciencia m\u00e1s s\u00f3lida respalda el papel de la vitamina D en la salud de los huesos, los dientes, los m\u00fasculos y el sistema inmunitario.\u00a0Al mejorar la absorci\u00f3n de calcio de los alimentos y los suplementos y desempe\u00f1ar un papel importante en la homeostasis del calcio y el f\u00f3sforo y en los procesos de remodelaci\u00f3n \u00f3sea, la vitamina D favorece la fortaleza de los huesos y los dientes.<\/p>\n<p>De hecho, la deficiencia de vitamina D provoca el ablandamiento y la deformaci\u00f3n de los huesos, lo que se conoce como raquitismo en los ni\u00f1os y osteomalacia en los adultos.\u00a0En combinaci\u00f3n con el calcio, la vitamina D apoya los procesos de mineralizaci\u00f3n \u00f3sea y la ingesta inadecuada de estos nutrientes aumenta el riesgo de osteoporosis, ca\u00eddas y fracturas.\u00a0<sup>2 ,3<\/sup>\u00a0Adem\u00e1s, el funcionamiento normal de los m\u00fasculos y el sistema inmunitario requiere vitamina.<\/p>\n<h3 class=\"syndigo-featureset-feature-caption\">Consumo recomendado<\/h3>\n<div class=\"syndigo-featureset-feature-description\">Un rango com\u00fan de vitamina D recomendado por los profesionales de la salud es de 1000 a 5000 UI por d\u00eda para la salud general.\u00a0<sup>4<\/sup> Su proveedor de atenci\u00f3n m\u00e9dica primaria puede evaluar su estado de vitamina D a trav\u00e9s de un simple an\u00e1lisis de sangre que mide el nivel del biomarcador s\u00e9rico 25-hidroxivitamina D y puede recomendar un r\u00e9gimen personalizado de suplementos de vitamina D para alcanzar niveles saludables de vitamina D.<\/div>\n<div>\n<p>Naturalmente, pocos alimentos contienen vitamina D. Los pescados grasos (p. ej., salm\u00f3n, caballa, sardinas) y el aceite de h\u00edgado de pescado se encuentran entre las mejores fuentes naturales de vitamina D\u00a0<sub>3<\/sub>\u00a0, mientras que las yemas de huevo y el queso tambi\u00e9n proporcionan peque\u00f1as cantidades.\u00a0Los hongos son una fuente variable de vitamina D\u00a0<sub>2<\/sub>\u00a0, y los hongos irradiados ofrecen niveles mejorados de vitamina D\u00a0<sub>2<\/sub>\u00a0despu\u00e9s de la exposici\u00f3n a la luz ultravioleta en condiciones controladas.\u00a0Los alimentos fortificados, como la leche de vaca, los sustitutos de la leche de vaca, la f\u00f3rmula infantil, los jugos de naranja, los panes y los cereales, tambi\u00e9n brindan una fuente diet\u00e9tica de vitamina D.<\/p>\n<p>Las investigaciones representativas a nivel nacional demuestran que la gran mayor\u00eda (93 %) de los estadounidenses no consumen la cantidad adecuada de vitamina D.\u00a0vitamina D solo a trav\u00e9s de la dieta.\u00a0<sup>5<\/sup>Como resultado, aproximadamente 1\/3 de los estadounidenses tienen un nivel de vitamina D en la sangre que es insuficiente o deficiente.\u00a0Un suplemento de vitamina D puede ayudar a abordar esta brecha de nutrientes clave.<\/p>\n<\/div>\n<div><\/div>\n<p><strong>Uso sugerido:<\/strong>\u00a0tome una c\u00e1psula blanda al d\u00eda con un vaso lleno de agua, preferiblemente con una comida.<\/p>\n<p>&nbsp;<\/p>\n<p><strong>Ingredientes:<\/strong>\u00a0aceite de soja, gelatina, glicerina, agua, aceite de ma\u00edz, carmelo (colorante artificial), vitamina D3 (colecalciferol).<\/p>\n<p>&nbsp;<\/p>\n<p><strong>Sin<\/strong>\u00a0sabores artificiales,\u00a0<strong>sin<\/strong>\u00a0conservantes\u00a0<strong>, sin<\/strong>\u00a0levadura\u00a0<strong>, sin<\/strong>\u00a0almid\u00f3n,\u00a0<strong>sin<\/strong>\u00a0gluten.<\/p>\n<p>&nbsp;<\/p>\n<p><strong>Mantener fuera del alcance de los ni\u00f1os.<\/strong><\/p>\n<p>&nbsp;<\/p>\n<p><strong>Conservar a temperatura ambiente, bien cerrado.<\/strong><\/p>\n<p>&nbsp;<\/p>\n<p><strong>Evite el calor excesivo.<\/strong><\/p>\n<p>&nbsp;<\/p>\n<p><strong>PRECAUCI\u00d3N:<\/strong>\u00a0Si est\u00e1 embarazada, amamantando o tomando alg\u00fan medicamento, consulte a su m\u00e9dico antes de usar.\u00a0Suspenda su uso y consulte a su m\u00e9dico si se produce alguna reacci\u00f3n adversa.<\/p>\n<div class=\"syndigo-featureset-feature\">\n<div class=\"syndigo-featureset-feature-description-text\">\n<div class=\"syndigo-featureset-feature-nooverlay-inner\">\n<h3 class=\"syndigo-featureset-feature-caption\">USP verificado<\/h3>\n<div class=\"syndigo-featureset-feature-description\">Este art\u00edculo est\u00e1 verificado por la Farmacopea de los Estados Unidos (USP), que es una organizaci\u00f3n independiente, cient\u00edfica y sin fines de lucro que establece estrictos est\u00e1ndares de calidad y pureza para los suplementos diet\u00e9ticos fabricados y distribuidos en todo el mundo.\u00a0Los est\u00e1ndares de medicamentos de la USP son aplicables en los Estados Unidos por la Administraci\u00f3n de Alimentos y Medicamentos.<\/div>\n<\/div>\n<\/div>\n<\/div>\n<div class=\"syndigo-featureset-feature\"><\/div>\n","protected":false},"excerpt":{"rendered":"<p>Caracter\u00edsticas: La vitamina del sol Apoya la salud \u00f3sea e inmunol\u00f3gica USP verificado Descripci\u00f3n del producto Importante para huesos, dientes y m\u00fasculos saludables, Kirkland Signature Vitamin<span class=\"excerpt-hellip\"> [\u2026]<\/span><\/p>\n","protected":false},"featured_media":4255,"comment_status":"open","ping_status":"closed","template":"","meta":{"_joinchat":[]},"product_brand":[],"product_cat":[77,85,26,27,101,81,70],"product_tag":[],"class_list":{"0":"post-4254","1":"product","2":"type-product","3":"status-publish","4":"has-post-thumbnail","6":"product_cat-calcio","7":"product_cat-calcio-vitaminas-para-ellos","8":"product_cat-para-ellas","9":"product_cat-para-ellos","10":"product_cat-todos-los-productos","11":"product_cat-vitaminas-para-ellos","12":"product_cat-vitaminas","14":"first","15":"instock","16":"shipping-taxable","17":"purchasable","18":"product-type-simple"},"_links":{"self":[{"href":"https:\/\/ofertasimportadas.cl\/index.php\/wp-json\/wp\/v2\/product\/4254","targetHints":{"allow":["GET"]}}],"collection":[{"href":"https:\/\/ofertasimportadas.cl\/index.php\/wp-json\/wp\/v2\/product"}],"about":[{"href":"https:\/\/ofertasimportadas.cl\/index.php\/wp-json\/wp\/v2\/types\/product"}],"replies":[{"embeddable":true,"href":"https:\/\/ofertasimportadas.cl\/index.php\/wp-json\/wp\/v2\/comments?post=4254"}],"wp:featuredmedia":[{"embeddable":true,"href":"https:\/\/ofertasimportadas.cl\/index.php\/wp-json\/wp\/v2\/media\/4255"}],"wp:attachment":[{"href":"https:\/\/ofertasimportadas.cl\/index.php\/wp-json\/wp\/v2\/media?parent=4254"}],"wp:term":[{"taxonomy":"product_brand","embeddable":true,"href":"https:\/\/ofertasimportadas.cl\/index.php\/wp-json\/wp\/v2\/product_brand?post=4254"},{"taxonomy":"product_cat","embeddable":true,"href":"https:\/\/ofertasimportadas.cl\/index.php\/wp-json\/wp\/v2\/product_cat?post=4254"},{"taxonomy":"product_tag","embeddable":true,"href":"https:\/\/ofertasimportadas.cl\/index.php\/wp-json\/wp\/v2\/product_tag?post=4254"}],"curies":[{"name":"wp","href":"https:\/\/api.w.org\/{rel}","templated":true}]}}