{"id":4325,"date":"2022-11-10T23:20:51","date_gmt":"2022-11-11T02:20:51","guid":{"rendered":"https:\/\/ofertasimportadas.cl\/?post_type=product&#038;p=4325"},"modified":"2026-03-23T18:52:36","modified_gmt":"2026-03-23T21:52:36","slug":"centrum-multigummies-100-gomitas","status":"publish","type":"product","link":"https:\/\/ofertasimportadas.cl\/index.php\/producto\/centrum-multigummies-100-gomitas\/","title":{"rendered":"Centrum Multigummies Women 100 Gomitas"},"content":{"rendered":"<p><b>Multivitaminico Centrum Multigummies Women son un suplemento multivitam\u00ednico y multimineral diario especialmente formulado para promover el bienestar de todo el cuerpo, con el 100% del valor diario recomendado de vitaminas B12, D y biotina en una gomita de excelente sabor y f\u00e1cil de tomar. Este multivitam\u00ednico en gomitas para mujeres contiene suplementos energ\u00e9ticos como las vitaminas B para satisfacer sus necesidades diarias y ayudar a su cuerpo a metabolizar grasas, carbohidratos y prote\u00ednas. Cada dosis de gomitas\u00a0 tambi\u00e9n proporcionan biotina, vitamina A y antioxidantes como zinc y vitamina C para el apoyo inmunol\u00f3gico y para ayudar a mantener una apariencia saludable. Con 100 gomitas de cereza, bayas y naranja en cada botella, estas multivitaminas\u00a0 ofrecen una opci\u00f3n deliciosa para obtener todos los nutrientes que necesita sin sabores ni edulcorantes artificiales. Apoye su cuerpo de la cabeza a los pies tomando dos gomitas todos los d\u00edas con o sin comida o agua. Alimente sus c\u00e9lulas, alimente su vida con Centrum, la marca # 1 recomendada por m\u00e9dicos y farmac\u00e9uticos.<\/b><\/p>\n<ul>\n<li aria-level=\"1\"><b>Una botella de 100 unidades de gomitas multivitam\u00ednicas para mujeres Centrum MultiGummies con sabor a frutas variadas, suplemento multivitam\u00ednico\u00a0 y multimineral<\/b><\/li>\n<\/ul>\n<ul>\n<li aria-level=\"1\"><b>Deliciosas gomitas multivitam\u00ednicas para mujeres especialmente formuladas como ayuda para la inmunidad que tambi\u00e9n apoya la energ\u00eda y el metabolismo.<\/b><\/li>\n<\/ul>\n<ul>\n<li aria-level=\"1\"><b>Multivitam\u00ednico para mujeres con nutrientes y antioxidantes para ayudar a mantener una apariencia saludable.<\/b><\/li>\n<\/ul>\n<ul>\n<li aria-level=\"1\"><b>Contiene biotina, zinc y vitaminas A, B y C<\/b><\/li>\n<\/ul>\n<ul>\n<li aria-level=\"1\"><b>Gomitas multivitam\u00ednicas para mujeres que son f\u00e1ciles de tomar con o sin agua.<\/b><\/li>\n<\/ul>\n<ul>\n<li aria-level=\"1\"><b>Presenta deliciosos sabores naturales de cereza, bayas y naranja sin edulcorantes a\u00f1adidos.<\/b><\/li>\n<\/ul>\n<ul>\n<li aria-level=\"1\"><b>Apoye su cuerpo de la cabeza a los pies tomando dos gomitas todos los d\u00edas<\/b><\/li>\n<\/ul>\n<h3><b>Dosis<\/b><\/h3>\n<p><b>2 gomitas<\/b><\/p>\n<h3><b>Instrucciones<\/b><\/h3>\n<p><b>Adultos: tomar dos (2) gomitas al d\u00eda. No exceda el uso sugerido. No formulado para su uso en ni\u00f1os.<\/b><\/p>\n","protected":false},"excerpt":{"rendered":"<p>Multivitaminico Centrum Multigummies Women son un suplemento multivitam\u00ednico y multimineral diario especialmente formulado para promover el bienestar de todo el cuerpo, con el 100% del valor<span class=\"excerpt-hellip\"> [\u2026]<\/span><\/p>\n","protected":false},"featured_media":4326,"comment_status":"open","ping_status":"closed","template":"","meta":{"_joinchat":[]},"product_brand":[],"product_cat":[15],"product_tag":[],"class_list":{"0":"post-4325","1":"product","2":"type-product","3":"status-publish","4":"has-post-thumbnail","6":"product_cat-sin-categoria","8":"first","9":"outofstock","10":"shipping-taxable","11":"purchasable","12":"product-type-simple"},"_links":{"self":[{"href":"https:\/\/ofertasimportadas.cl\/index.php\/wp-json\/wp\/v2\/product\/4325","targetHints":{"allow":["GET"]}}],"collection":[{"href":"https:\/\/ofertasimportadas.cl\/index.php\/wp-json\/wp\/v2\/product"}],"about":[{"href":"https:\/\/ofertasimportadas.cl\/index.php\/wp-json\/wp\/v2\/types\/product"}],"replies":[{"embeddable":true,"href":"https:\/\/ofertasimportadas.cl\/index.php\/wp-json\/wp\/v2\/comments?post=4325"}],"wp:featuredmedia":[{"embeddable":true,"href":"https:\/\/ofertasimportadas.cl\/index.php\/wp-json\/wp\/v2\/media\/4326"}],"wp:attachment":[{"href":"https:\/\/ofertasimportadas.cl\/index.php\/wp-json\/wp\/v2\/media?parent=4325"}],"wp:term":[{"taxonomy":"product_brand","embeddable":true,"href":"https:\/\/ofertasimportadas.cl\/index.php\/wp-json\/wp\/v2\/product_brand?post=4325"},{"taxonomy":"product_cat","embeddable":true,"href":"https:\/\/ofertasimportadas.cl\/index.php\/wp-json\/wp\/v2\/product_cat?post=4325"},{"taxonomy":"product_tag","embeddable":true,"href":"https:\/\/ofertasimportadas.cl\/index.php\/wp-json\/wp\/v2\/product_tag?post=4325"}],"curies":[{"name":"wp","href":"https:\/\/api.w.org\/{rel}","templated":true}]}}