{"id":4452,"date":"2023-01-02T23:07:38","date_gmt":"2023-01-03T02:07:38","guid":{"rendered":"https:\/\/ofertasimportadas.cl\/?post_type=product&#038;p=4452"},"modified":"2026-04-28T01:09:42","modified_gmt":"2026-04-28T04:09:42","slug":"citracal-de-bayer-280-tabletas","status":"publish","type":"product","link":"https:\/\/ofertasimportadas.cl\/index.php\/producto\/citracal-de-bayer-280-tabletas\/","title":{"rendered":"Citracal de BAYER 280 tabletas"},"content":{"rendered":"","protected":false},"excerpt":{"rendered":"<p>Aunque puede usar muchos productos en su r\u00e9gimen de salud, tal vez ninguno sea m\u00e1s importante que<br \/>\nel calcio.\u00a0Eso es porque puede ayudar a mantener la salud \u00f3sea\u00a0<sup>*<\/sup>\u00a0y su estilo de vida activo desde<br \/>\nadentro hacia afuera.\u00a0Agregue las c\u00e1psulas de Citracal Maximum Plus como parte de su dieta bien<br \/>\nbalanceada y su rutina de ejercicios.\u00a0Una cantidad adecuada de calcio y vitamina D durante toda<br \/>\nla vida, como parte de una dieta bien balanceada, puede reducir el riesgo de osteoporosis.<\/p>\n<ul>\n<li>Micronutrientes esenciales para apoyar la salud \u00f3sea\u00a0<sup>*<\/sup><\/li>\n<li>Contiene zinc, cobre y manganeso.<\/li>\n<li>Se absorbe f\u00e1cilmente<\/li>\n<li>Suave con tu sistema digestivo<\/li>\n<li>Puede tomarse con o sin comida<\/li>\n<li>Para hombres, mujeres y ni\u00f1os (as) mayores de 12 a\u00f1os<\/li>\n<\/ul>\n<h2><\/h2>\n<h2 id=\"a11y-features\">Caracter\u00edsticas:<\/h2>\n<ul>\n<li><strong>Tome 1 porci\u00f3n (2 c\u00e1psulas) dos veces al d\u00eda con o sin alimentos<\/strong><\/li>\n<li>Calcio: 630 mg por porci\u00f3n, 63 % del valor diario<\/li>\n<li>Citrato de calcio 650 mg.\u00a0y vitamina D 25 mcg<\/li>\n<\/ul>\n<ul class=\"pdp-features\">\n<li>Promueve la buena salud \u00f3sea<\/li>\n<li>Contiene zinc, cobre y manganeso.<\/li>\n<\/ul>\n<p>&nbsp;<\/p>\n<p>&nbsp;<\/p>\n","protected":false},"featured_media":4453,"comment_status":"open","ping_status":"closed","template":"","meta":{"_joinchat":[]},"product_brand":[],"product_cat":[85,77,26,27,101],"product_tag":[],"class_list":{"0":"post-4452","1":"product","2":"type-product","3":"status-publish","4":"has-post-thumbnail","6":"product_cat-calcio-vitaminas-para-ellos","7":"product_cat-calcio","8":"product_cat-para-ellas","9":"product_cat-para-ellos","10":"product_cat-todos-los-productos","12":"first","13":"instock","14":"shipping-taxable","15":"purchasable","16":"product-type-simple"},"_links":{"self":[{"href":"https:\/\/ofertasimportadas.cl\/index.php\/wp-json\/wp\/v2\/product\/4452","targetHints":{"allow":["GET"]}}],"collection":[{"href":"https:\/\/ofertasimportadas.cl\/index.php\/wp-json\/wp\/v2\/product"}],"about":[{"href":"https:\/\/ofertasimportadas.cl\/index.php\/wp-json\/wp\/v2\/types\/product"}],"replies":[{"embeddable":true,"href":"https:\/\/ofertasimportadas.cl\/index.php\/wp-json\/wp\/v2\/comments?post=4452"}],"wp:featuredmedia":[{"embeddable":true,"href":"https:\/\/ofertasimportadas.cl\/index.php\/wp-json\/wp\/v2\/media\/4453"}],"wp:attachment":[{"href":"https:\/\/ofertasimportadas.cl\/index.php\/wp-json\/wp\/v2\/media?parent=4452"}],"wp:term":[{"taxonomy":"product_brand","embeddable":true,"href":"https:\/\/ofertasimportadas.cl\/index.php\/wp-json\/wp\/v2\/product_brand?post=4452"},{"taxonomy":"product_cat","embeddable":true,"href":"https:\/\/ofertasimportadas.cl\/index.php\/wp-json\/wp\/v2\/product_cat?post=4452"},{"taxonomy":"product_tag","embeddable":true,"href":"https:\/\/ofertasimportadas.cl\/index.php\/wp-json\/wp\/v2\/product_tag?post=4452"}],"curies":[{"name":"wp","href":"https:\/\/api.w.org\/{rel}","templated":true}]}}