{"id":4458,"date":"2023-01-02T23:28:10","date_gmt":"2023-01-03T02:28:10","guid":{"rendered":"https:\/\/ofertasimportadas.cl\/?post_type=product&#038;p=4458"},"modified":"2026-05-10T00:30:45","modified_gmt":"2026-05-10T03:30:45","slug":"biotina-spring-valley-10000mcg-90-gummies","status":"publish","type":"product","link":"https:\/\/ofertasimportadas.cl\/index.php\/producto\/biotina-spring-valley-10000mcg-90-gummies\/","title":{"rendered":"Biotina SPRING VALLEY 10000mcg 90 Gummies"},"content":{"rendered":"<section>\n<section data-testid=\"product-description\">\n<section class=\"expand-collapse-section\" aria-describedby=\"delivery-instructions\">\n<div class=\"expand-collapse-header flex justify-between items-center w-100\">\n<h2 class=\"w-100 ma0 pa3 f5 lh-copy normal undefined\">Detalles de producto<\/h2>\n<\/div>\n<div class=\"w_rNem expand-collapse-content\">\n<div class=\"ph3 pb4 pt1\">\n<div class=\"nb3\">\n<div class=\"mb3\">\n<div class=\"dangerous-html mb3\">\n<p>Las gomitas vegetarianas de biotina\u00a0 Spring Valley son la forma m\u00e1s sencilla y de mejor sabor de apoyar el metabolismo energ\u00e9tico. Nuestras gomitas deliciosas y f\u00e1ciles de masticar hacen que tomar su suplemento diario de biotina sea un placer.<\/p>\n<p>Spring Valley entiende que vivir un estilo de vida saludable y equilibrado es la clave para ser lo mejor posible.\u00a0Con el compromiso de usar solo ingredientes de la m\u00e1s alta calidad, las gomitas Spring Valley son una adici\u00f3n simple y deliciosa a su rutina diaria con la que puede sentirse bien.\u00a0Nuestra gama asequible de productos de alta calidad apoya la salud y el bienestar hol\u00edstico de usted y su familia.<\/p>\n<p>Org\u00e1nicas y sin OMG, las gomitas vegetarianas Spring Valley Biotin han sido formuladas espec\u00edficamente para apoyar el metabolismo energ\u00e9tico.<\/p>\n<\/div>\n<\/div>\n<div class=\"mb3\">\n<div class=\"dangerous-html mb3\">\n<p><strong>Estas gomitas est\u00e1n llenas de cosas buenas.<\/strong><\/p>\n<ul>\n<li>10,000 mcg de biotina por porci\u00f3n<\/li>\n<li>La biotina juega un papel en la salud del cabello, la piel y las u\u00f1as.<\/li>\n<li>Ayuda a apoyar el metabolismo energ\u00e9tico.<\/li>\n<li>F\u00e1cil de tomar<\/li>\n<li>Deliciosos sabores naturales<\/li>\n<\/ul>\n<\/div>\n<\/div>\n<\/div>\n<\/div>\n<\/div>\n<\/section>\n<\/section>\n<\/section>\n<section class=\"expand-collapse-section nl3 nr3 ph3\" aria-describedby=\"delivery-instructions\">\n<div class=\"w_rNem expand-collapse-content\">\n<div class=\"ph3 pb4 pt1\">\n<div class=\"nt1\">\n<div class=\"pb2\">\n<p class=\"mv0 lh-copy f6 mid-gray\">\n<\/div>\n<div class=\"pb2\">\n<h3 class=\"flex items-center mv0 lh-copy f5 pb1 dark-gray\">Ingrediente principal<\/h3>\n<p class=\"mv0 lh-copy f6 mid-gray\">Biotina, vitamina B7<\/p>\n<\/div>\n<div class=\"pb2\"><\/div>\n<div class=\"pb2\">\n<h3 class=\"flex items-center mv0 lh-copy f5 pb1 dark-gray\">Dosis<\/h3>\n<p>Consumir 2 gomitas diarias<\/p>\n<\/div>\n<\/div>\n<\/div>\n<\/div>\n<\/section>\n","protected":false},"excerpt":{"rendered":"<p>Detalles de producto Las gomitas vegetarianas de biotina\u00a0 Spring Valley son la forma m\u00e1s sencilla y de mejor sabor de apoyar el metabolismo energ\u00e9tico. Nuestras gomitas<span class=\"excerpt-hellip\"> [\u2026]<\/span><\/p>\n","protected":false},"featured_media":9826,"comment_status":"open","ping_status":"closed","template":"","meta":{"_joinchat":[]},"product_brand":[],"product_cat":[88,80,26,27,101],"product_tag":[],"class_list":{"0":"post-4458","1":"product","2":"type-product","3":"status-publish","4":"has-post-thumbnail","6":"product_cat-biotina-vitaminas-para-ellos","7":"product_cat-biotina","8":"product_cat-para-ellas","9":"product_cat-para-ellos","10":"product_cat-todos-los-productos","12":"first","13":"instock","14":"shipping-taxable","15":"purchasable","16":"product-type-simple"},"_links":{"self":[{"href":"https:\/\/ofertasimportadas.cl\/index.php\/wp-json\/wp\/v2\/product\/4458","targetHints":{"allow":["GET"]}}],"collection":[{"href":"https:\/\/ofertasimportadas.cl\/index.php\/wp-json\/wp\/v2\/product"}],"about":[{"href":"https:\/\/ofertasimportadas.cl\/index.php\/wp-json\/wp\/v2\/types\/product"}],"replies":[{"embeddable":true,"href":"https:\/\/ofertasimportadas.cl\/index.php\/wp-json\/wp\/v2\/comments?post=4458"}],"wp:featuredmedia":[{"embeddable":true,"href":"https:\/\/ofertasimportadas.cl\/index.php\/wp-json\/wp\/v2\/media\/9826"}],"wp:attachment":[{"href":"https:\/\/ofertasimportadas.cl\/index.php\/wp-json\/wp\/v2\/media?parent=4458"}],"wp:term":[{"taxonomy":"product_brand","embeddable":true,"href":"https:\/\/ofertasimportadas.cl\/index.php\/wp-json\/wp\/v2\/product_brand?post=4458"},{"taxonomy":"product_cat","embeddable":true,"href":"https:\/\/ofertasimportadas.cl\/index.php\/wp-json\/wp\/v2\/product_cat?post=4458"},{"taxonomy":"product_tag","embeddable":true,"href":"https:\/\/ofertasimportadas.cl\/index.php\/wp-json\/wp\/v2\/product_tag?post=4458"}],"curies":[{"name":"wp","href":"https:\/\/api.w.org\/{rel}","templated":true}]}}