{"id":4678,"date":"2023-03-01T15:12:07","date_gmt":"2023-03-01T18:12:07","guid":{"rendered":"https:\/\/ofertasimportadas.cl\/?post_type=product&#038;p=4678"},"modified":"2026-04-12T14:57:45","modified_gmt":"2026-04-12T17:57:45","slug":"b-12-natures-bounty-300-dosis","status":"publish","type":"product","link":"https:\/\/ofertasimportadas.cl\/index.php\/producto\/b-12-natures-bounty-300-dosis\/","title":{"rendered":"B-12 Nature\u00b4s Bounty 300 dosis"},"content":{"rendered":"<div class=\"expand-collapse-header flex justify-between items-center w-100\">\n<h3 class=\"w-100 ma0 pa3 f5 lh-copy normal\">Detalles de producto<\/h3>\n<div class=\"pr2\"><\/div>\n<\/div>\n<div class=\"w_rNem expand-collapse-content\">\n<div class=\"ph3 pb4 pt1\">\n<div class=\"nb3\">\n<div class=\"mb3\">\n<div class=\"dangerous-html mb3\">Apoye su metabolismo energ\u00e9tico con la vitamina B-12 de Nature&#8217;s Bounty.* Estas deliciosas tabletas naturales con sabor a cereza funcionan convirtiendo los alimentos en energ\u00eda celular, lo que ayuda a alimentar su cuerpo.* La vitamina B-12 tambi\u00e9n respalda la salud de su sistema cardiovascular y circulatorio, y sistemas nerviosos.* Cada tableta\u00a0 de disoluci\u00f3n r\u00e1pida proporciona 2500 mcg de vitamina B-12 para apoyar el metabolismo energ\u00e9tico.* Simplemente coloque la tableta debajo de la lengua durante 30 segundos antes de tragarla. Las tabletas Nature&#8217;s Bounty Vitamin B-12 no contienen sabores artificiales y no contienen gluten, az\u00facar y <strong>son aptas para vegetarianos<\/strong>.\u00a0Puede sentirse seguro sabiendo que estos suplementos de energ\u00eda celular son un producto de 50 a\u00f1os de dedicaci\u00f3n a la calidad, la consistencia y la investigaci\u00f3n cient\u00edfica.\u00a0Apoye su metabolismo energ\u00e9tico, la salud del coraz\u00f3n,<\/div>\n<\/div>\n<div class=\"mb3\">\n<div class=\"dangerous-html mb3\">\n<ul>\n<li>Tabletas de disoluci\u00f3n r\u00e1pida de vitamina B12 de Nature&#8217;s Bounty, 2500 mcg<\/li>\n<li>La vitamina B-12 de Nature&#8217;s Bounty ayuda al cuerpo a convertir los alimentos en energ\u00eda celular, apoyando el metabolismo energ\u00e9tico*<\/li>\n<li>Tomar un suplemento de vitamina B 12 es una excelente manera de apoyar la salud de sus sistemas cardiovascular y circulatorio*<\/li>\n<li>La vitamina B-12 apoya la salud del sistema nervioso al ayudar a mantener las c\u00e9lulas nerviosas sanas*<\/li>\n<li>Nature&#8217;s Bounty se compromete a brindar opciones que ayuden a satisfacer las necesidades diet\u00e9ticas.\u00a0Nuestras tabletas de vitamina B-12 de disoluci\u00f3n r\u00e1pida no contienen gluten, az\u00facar, no contienen sabores artificiales y son aptas para vegetarianos.<\/li>\n<li>Nature&#8217;s Bounty Vitamin B-12 es un producto de 50 a\u00f1os de dedicaci\u00f3n a la calidad, la consistencia y la investigaci\u00f3n cient\u00edfica para hacer vitaminas y suplementos nutricionales de excelencia inigualable.<\/li>\n<\/ul>\n<h3 class=\"flex items-center mv0 lh-copy f5 pb1 dark-gray\">Instrucciones<\/h3>\n<div class=\"mv0 lh-copy f6 mid-gray\">Para adultos, tome una (1) tableta de disoluci\u00f3n r\u00e1pida al d\u00eda, preferiblemente con una comida.\u00a0Coloque la tableta debajo de la lengua durante 30 segundos antes de tragarla.<\/div>\n<\/div>\n<\/div>\n<\/div>\n<\/div>\n<\/div>\n","protected":false},"excerpt":{"rendered":"<p>Detalles de producto Apoye su metabolismo energ\u00e9tico con la vitamina B-12 de Nature&#8217;s Bounty.* Estas deliciosas tabletas naturales con sabor a cereza funcionan convirtiendo los alimentos<span class=\"excerpt-hellip\"> [\u2026]<\/span><\/p>\n","protected":false},"featured_media":4679,"comment_status":"open","ping_status":"closed","template":"","meta":{"_joinchat":[]},"product_brand":[],"product_cat":[116,26,27,101,81,70],"product_tag":[117],"class_list":{"0":"post-4678","1":"product","2":"type-product","3":"status-publish","4":"has-post-thumbnail","6":"product_cat-b-12","7":"product_cat-para-ellas","8":"product_cat-para-ellos","9":"product_cat-todos-los-productos","10":"product_cat-vitaminas-para-ellos","11":"product_cat-vitaminas","12":"product_tag-b12","14":"first","15":"instock","16":"shipping-taxable","17":"purchasable","18":"product-type-simple"},"_links":{"self":[{"href":"https:\/\/ofertasimportadas.cl\/index.php\/wp-json\/wp\/v2\/product\/4678","targetHints":{"allow":["GET"]}}],"collection":[{"href":"https:\/\/ofertasimportadas.cl\/index.php\/wp-json\/wp\/v2\/product"}],"about":[{"href":"https:\/\/ofertasimportadas.cl\/index.php\/wp-json\/wp\/v2\/types\/product"}],"replies":[{"embeddable":true,"href":"https:\/\/ofertasimportadas.cl\/index.php\/wp-json\/wp\/v2\/comments?post=4678"}],"wp:featuredmedia":[{"embeddable":true,"href":"https:\/\/ofertasimportadas.cl\/index.php\/wp-json\/wp\/v2\/media\/4679"}],"wp:attachment":[{"href":"https:\/\/ofertasimportadas.cl\/index.php\/wp-json\/wp\/v2\/media?parent=4678"}],"wp:term":[{"taxonomy":"product_brand","embeddable":true,"href":"https:\/\/ofertasimportadas.cl\/index.php\/wp-json\/wp\/v2\/product_brand?post=4678"},{"taxonomy":"product_cat","embeddable":true,"href":"https:\/\/ofertasimportadas.cl\/index.php\/wp-json\/wp\/v2\/product_cat?post=4678"},{"taxonomy":"product_tag","embeddable":true,"href":"https:\/\/ofertasimportadas.cl\/index.php\/wp-json\/wp\/v2\/product_tag?post=4678"}],"curies":[{"name":"wp","href":"https:\/\/api.w.org\/{rel}","templated":true}]}}