{"id":4938,"date":"2023-05-10T00:40:36","date_gmt":"2023-05-10T03:40:36","guid":{"rendered":"https:\/\/ofertasimportadas.cl\/?post_type=product&#038;p=4938"},"modified":"2024-07-13T17:47:24","modified_gmt":"2024-07-13T20:47:24","slug":"centrum-multigummies-men-100-gomitas","status":"publish","type":"product","link":"https:\/\/ofertasimportadas.cl\/index.php\/producto\/centrum-multigummies-men-100-gomitas\/","title":{"rendered":"Centrum Multigummies Men 100 Gomitas"},"content":{"rendered":"<p><b>Multivitaminico y multimineral de gran sabor especialmente formulado para proporcionar nutrientes esenciales diarios que apoyan la salud general de los hombres, contienen m\u00e1s vitamina D que cualquier otra gomita. Con el 100% del valor recomendado de vitamina D, B12, B6 y selenio, estas multivitaminas gomosas para hombres alimentan sus c\u00e9lulas con suplementos energ\u00e9ticos para satisfacer sus necesidades diarias, as\u00ed como suplementos musculares para ayudar a mantener la funci\u00f3n muscular. Cada gomita multivitam\u00ednica diaria tambi\u00e9n contiene vitaminas antioxidantes C, E y zinc para el apoyo inmunol\u00f3gico, y vitaminas para el metabolismo para ayudar a su cuerpo a procesar las grasas, los carbohidratos y las prote\u00ednas de manera efectiva. Hechas con sabores naturales de cereza, bayas y manzana, estas gomitas de vitaminas para hombres no contienen edulcorantes artificiales y brindan un delicioso sabor, son f\u00e1ciles de tomar y apoyan su cuerpo de la cabeza a los pies. Tome dos de estas gomitas de suplementos vitam\u00ednicos para hombres todos los d\u00edas. Alimente sus c\u00e9lulas, alimente su vida con Centrum, la marca # 1 recomendada por m\u00e9dicos y farmac\u00e9uticos.<\/b><\/p>\n<ul>\n<li aria-level=\"1\"><b>Botella de 100 unidades de gomitas multivitam\u00ednicas para hombres Centrum MultiGummies con sabor a fruta, suplemento multivitam\u00ednico \/ multimineral con selenio<\/b><\/li>\n<\/ul>\n<ul>\n<li aria-level=\"1\"><b>Gomitas multivitam\u00ednicas para hombres especialmente formuladas para ayudar a mantener su energ\u00eda, inmunidad, metabolismo y funci\u00f3n muscular.<\/b><\/li>\n<\/ul>\n<ul>\n<li aria-level=\"1\"><b>Suplemento multivitam\u00ednico de gomitas para hombres con m\u00e1s vitamina D que cualquier otra gomita<\/b><\/li>\n<\/ul>\n<ul>\n<li aria-level=\"1\"><b>Formulado especialmente con selenio, zinc, vitaminas B y D y vitaminas antioxidantes C y E<\/b><\/li>\n<\/ul>\n<ul>\n<li aria-level=\"1\"><b>Gomitas vitam\u00ednicas f\u00e1ciles de tomar para hombres elaboradas sin sabores ni edulcorantes artificiales<\/b><\/li>\n<\/ul>\n<ul>\n<li aria-level=\"1\"><b>Disponible en tres deliciosos sabores naturales: cereza, baya y manzana.<\/b><\/li>\n<\/ul>\n<ul>\n<li aria-level=\"1\"><b>Toma dos gomitas todos los d\u00edas.<\/b><\/li>\n<\/ul>\n<h3><b>Dosis<\/b><\/h3>\n<p><b>2 gomitas<\/b><\/p>\n<h3><b>Instrucc<\/b><b>iones<\/b><\/h3>\n<p><b>Adultos: tomar dos (2) gomitas al d\u00eda. No exceda el uso sugerido. No est\u00e1 formulado para su uso en ni\u00f1os.<\/b><\/p>\n","protected":false},"excerpt":{"rendered":"<p>Multivitaminico y multimineral de gran sabor especialmente formulado para proporcionar nutrientes esenciales diarios que apoyan la salud general de los hombres, contienen m\u00e1s vitamina D que<span class=\"excerpt-hellip\"> [\u2026]<\/span><\/p>\n","protected":false},"featured_media":4944,"comment_status":"open","ping_status":"closed","template":"","meta":{"_joinchat":[]},"product_brand":[],"product_cat":[15],"product_tag":[],"class_list":{"0":"post-4938","1":"product","2":"type-product","3":"status-publish","4":"has-post-thumbnail","6":"product_cat-sin-categoria","8":"first","9":"outofstock","10":"shipping-taxable","11":"purchasable","12":"product-type-simple"},"_links":{"self":[{"href":"https:\/\/ofertasimportadas.cl\/index.php\/wp-json\/wp\/v2\/product\/4938","targetHints":{"allow":["GET"]}}],"collection":[{"href":"https:\/\/ofertasimportadas.cl\/index.php\/wp-json\/wp\/v2\/product"}],"about":[{"href":"https:\/\/ofertasimportadas.cl\/index.php\/wp-json\/wp\/v2\/types\/product"}],"replies":[{"embeddable":true,"href":"https:\/\/ofertasimportadas.cl\/index.php\/wp-json\/wp\/v2\/comments?post=4938"}],"wp:featuredmedia":[{"embeddable":true,"href":"https:\/\/ofertasimportadas.cl\/index.php\/wp-json\/wp\/v2\/media\/4944"}],"wp:attachment":[{"href":"https:\/\/ofertasimportadas.cl\/index.php\/wp-json\/wp\/v2\/media?parent=4938"}],"wp:term":[{"taxonomy":"product_brand","embeddable":true,"href":"https:\/\/ofertasimportadas.cl\/index.php\/wp-json\/wp\/v2\/product_brand?post=4938"},{"taxonomy":"product_cat","embeddable":true,"href":"https:\/\/ofertasimportadas.cl\/index.php\/wp-json\/wp\/v2\/product_cat?post=4938"},{"taxonomy":"product_tag","embeddable":true,"href":"https:\/\/ofertasimportadas.cl\/index.php\/wp-json\/wp\/v2\/product_tag?post=4938"}],"curies":[{"name":"wp","href":"https:\/\/api.w.org\/{rel}","templated":true}]}}