{"id":4989,"date":"2023-05-22T23:20:59","date_gmt":"2023-05-23T02:20:59","guid":{"rendered":"https:\/\/ofertasimportadas.cl\/?post_type=product&#038;p=4989"},"modified":"2026-04-28T01:08:36","modified_gmt":"2026-04-28T04:08:36","slug":"melatonina-sleepcalm-1mg-60-gomitas","status":"publish","type":"product","link":"https:\/\/ofertasimportadas.cl\/index.php\/producto\/melatonina-sleepcalm-1mg-60-gomitas\/","title":{"rendered":"Melatonina Sleep+Calm 1mg 60 Gomitas"},"content":{"rendered":"<div class=\"expand-collapse-header flex justify-between items-center w-100\">\n<h3 class=\"w-100 ma0 pa3 f5 lh-copy normal\">Detalles de producto<\/h3>\n<div class=\"pr2\"><\/div>\n<\/div>\n<div class=\"w_rNem expand-collapse-content\">\n<div class=\"ph3 pb4 pt1\">\n<div class=\"nb3\">\n<div class=\"mb3\">\n<div class=\"dangerous-html mb3\">Los ni\u00f1os con mentes y cuerpos activos a veces tienen dificultad para calmarse cuando es hora de irse a la cama. Melatonina Kids Sleep+ Calm es una ayuda para dormir con una mezcla \u00fanica que comienza con manzanilla, lavanda y b\u00e1lsamo de lim\u00f3n para ayudar a calmar a su hijo y melatonina pura al 99 % para ayudarlo a conciliar el sue\u00f1o. Estas deliciosas gomitas con sabor a fresa ayudan a los ni\u00f1os de 4 a\u00f1os en adelante con insomnio ocasional.<\/div>\n<\/div>\n<div class=\"mb3\">\n<div class=\"dangerous-html mb3\">\n<ul>\n<li>Kids Sleep+ Calm combina 99 % de melatonina pura para ayudar a los ni\u00f1os a dormir mejor con L-teanina para ayudar a calmar sus mentes activas<\/li>\n<li>La manzanilla, la lavanda y el b\u00e1lsamo de lim\u00f3n ayudan a calmar a los ni\u00f1os y facilitarles el sue\u00f1o<\/li>\n<li>Las gomitas de fresa de gran sabor son vegetarianas, sin OMG, sin gelatina.<\/li>\n<li>Sin sabores artificiales, edulcorantes, conservantes o colorantes sint\u00e9ticos.<\/li>\n<\/ul>\n<section class=\"expand-collapse-section nl3 nr3 ph3\" aria-describedby=\"delivery-instructions\">\n<div class=\"w_rNem expand-collapse-content\">\n<div class=\"ph3 pb4 pt1\">\n<div class=\"nt1\">\n<div class=\"pb2\"><\/div>\n<div class=\"pb2\">\n<h3 class=\"flex items-center mv0 lh-copy f5 pb1 dark-gray\">Caracter\u00edsticas<\/h3>\n<div class=\"mv0 lh-copy f6 mid-gray\">60 unidades<\/div>\n<div><\/div>\n<div class=\"mv0 lh-copy f6 mid-gray\"><span style=\"font-size: 25px;\">Indicaciones de uso<\/span><\/div>\n<\/div>\n<\/div>\n<\/div>\n<\/div>\n<\/section>\n<section class=\"expand-collapse-section nl3 nr3 ph3\" aria-describedby=\"delivery-instructions\">\n<div class=\"w_rNem expand-collapse-content\">\n<div class=\"ph3 pb4 pt1\">\n<div class=\"nt1\">\n<div class=\"pb2\">\n<div class=\"mv0 lh-copy f6 mid-gray\">Este producto no est\u00e1 destinado a tratar el insomnio.\u00a0Si su hijo est\u00e1 tomando alg\u00fan medicamento o tiene alguna condici\u00f3n m\u00e9dica, consulte a un m\u00e9dico antes de usar este producto.\u00a0S\u00f3lo para uso ocasional.\u00a0No apto para ni\u00f1os menores de 4 a\u00f1os.<\/div>\n<\/div>\n<div class=\"\">\n<h3 class=\"flex items-center mv0 lh-copy f5 pb1 dark-gray\">Preocupaci\u00f3n por la salud<\/h3>\n<div class=\"mv0 lh-copy f6 mid-gray\">Sue\u00f1o Apoyo Estado de \u00e1nimo y Estr\u00e9s<\/div>\n<\/div>\n<\/div>\n<\/div>\n<\/div>\n<\/section>\n<hr class=\"w_8Gn9\" aria-hidden=\"true\" \/>\n<section class=\"expand-collapse-section nl3 nr3 ph3\" aria-describedby=\"delivery-instructions\">\n<hr class=\"w_8Gn9\" aria-hidden=\"true\" \/>\n<div class=\"expand-collapse-header flex justify-between items-center w-100\">\n<h2 class=\"w-100 ma0 pa3 f5 lh-copy normal undefined\">Direcciones<\/h2>\n<div class=\"pr2\"><span style=\"font-size: 25px;\">Dosis<\/span><\/div>\n<\/div>\n<div class=\"w_rNem expand-collapse-content\">\n<div class=\"ph3 pb4 pt1\">\n<div class=\"nt1\">\n<div class=\"pb2\">\n<div class=\"mv0 lh-copy f6 mid-gray\">1 o 2 gomitas<\/div>\n<\/div>\n<div class=\"\">\n<h3 class=\"flex items-center mv0 lh-copy f5 pb1 dark-gray\">Instrucciones<\/h3>\n<div class=\"mv0 lh-copy f6 mid-gray\">Para ni\u00f1os de 4 a\u00f1os en adelante, tome 1 o 2 gomitas 30 minutos antes de acostarse.<\/div>\n<\/div>\n<\/div>\n<\/div>\n<\/div>\n<\/section>\n<hr class=\"w_8Gn9\" aria-hidden=\"true\" \/>\n<section class=\"expand-collapse-section nl3 nr3 ph3\" aria-describedby=\"delivery-instructions\">\n<hr class=\"w_8Gn9\" aria-hidden=\"true\" \/>\n<div class=\"expand-collapse-header flex justify-between items-center w-100\">\n<h2 class=\"w-100 ma0 pa3 f5 lh-copy normal undefined\">Ingredientes<\/h2>\n<div class=\"pr2\"><\/div>\n<\/div>\n<div class=\"w_rNem expand-collapse-content\">\n<div class=\"ph3 pb4 pt1\">\n<div class=\"nt1\">\n<div class=\"pb2\">\n<h3 class=\"mv0 lh-copy f5 pb1 dark-gray\">ingredientes inactivos<\/h3>\n<p class=\"mv0 lh-copy f6 mid-gray\">OTROS INGREDIENTES: Jarabe de tapioca org\u00e1nica, az\u00facar de ca\u00f1a org\u00e1nica, agua, pectina, sabores naturales, \u00e1cido c\u00edtrico, citrato de sodio, jugo de frutas y vegetales (color), aceite de coco, cera de carnauba.<\/p>\n<\/div>\n<div class=\"pb2\">\n<h3 class=\"mv0 lh-copy f5 pb1 dark-gray\">Ingredientes<\/h3>\n<p class=\"mv0 lh-copy f6 mid-gray\">Ingredientes diet\u00e9ticos: L-teanina, mezcla bot\u00e1nica patentada, extracto de manzanilla (Matricaria recutita) (flor), extracto de b\u00e1lsamo de lim\u00f3n (Melissa officinalis) (partes a\u00e9reas), extracto de lavanda (Lavandula angustifolia) (partes a\u00e9reas), melatonina.\u00a0Otros ingredientes: jarabe de tapioca org\u00e1nico, az\u00facar de ca\u00f1a org\u00e1nica, agua, pectina, sabores naturales, \u00e1cido c\u00edtrico, citrato de sodio, jugo de frutas y vegetales (color), aceite de coco, cera de carnauba.<\/p>\n<\/div>\n<\/div>\n<\/div>\n<\/div>\n<\/section>\n<\/div>\n<\/div>\n<\/div>\n<\/div>\n<\/div>\n","protected":false},"excerpt":{"rendered":"<p>Detalles de producto Los ni\u00f1os con mentes y cuerpos activos a veces tienen dificultad para calmarse cuando es hora de irse a la cama. Melatonina Kids<span class=\"excerpt-hellip\"> [\u2026]<\/span><\/p>\n","protected":false},"featured_media":9628,"comment_status":"open","ping_status":"closed","template":"","meta":{"_joinchat":[]},"product_brand":[],"product_cat":[98,90,101,91],"product_tag":[121,119,120,122],"class_list":{"0":"post-4989","1":"product","2":"type-product","3":"status-publish","4":"has-post-thumbnail","6":"product_cat-melatonina-vitaminas-ninos","7":"product_cat-ninos","8":"product_cat-todos-los-productos","9":"product_cat-vitaminas-ninos","10":"product_tag-kisd","11":"product_tag-melatonina","12":"product_tag-natrol","13":"product_tag-ninos","15":"first","16":"instock","17":"shipping-taxable","18":"purchasable","19":"product-type-simple"},"_links":{"self":[{"href":"https:\/\/ofertasimportadas.cl\/index.php\/wp-json\/wp\/v2\/product\/4989","targetHints":{"allow":["GET"]}}],"collection":[{"href":"https:\/\/ofertasimportadas.cl\/index.php\/wp-json\/wp\/v2\/product"}],"about":[{"href":"https:\/\/ofertasimportadas.cl\/index.php\/wp-json\/wp\/v2\/types\/product"}],"replies":[{"embeddable":true,"href":"https:\/\/ofertasimportadas.cl\/index.php\/wp-json\/wp\/v2\/comments?post=4989"}],"wp:featuredmedia":[{"embeddable":true,"href":"https:\/\/ofertasimportadas.cl\/index.php\/wp-json\/wp\/v2\/media\/9628"}],"wp:attachment":[{"href":"https:\/\/ofertasimportadas.cl\/index.php\/wp-json\/wp\/v2\/media?parent=4989"}],"wp:term":[{"taxonomy":"product_brand","embeddable":true,"href":"https:\/\/ofertasimportadas.cl\/index.php\/wp-json\/wp\/v2\/product_brand?post=4989"},{"taxonomy":"product_cat","embeddable":true,"href":"https:\/\/ofertasimportadas.cl\/index.php\/wp-json\/wp\/v2\/product_cat?post=4989"},{"taxonomy":"product_tag","embeddable":true,"href":"https:\/\/ofertasimportadas.cl\/index.php\/wp-json\/wp\/v2\/product_tag?post=4989"}],"curies":[{"name":"wp","href":"https:\/\/api.w.org\/{rel}","templated":true}]}}