{"id":4998,"date":"2023-05-22T23:42:32","date_gmt":"2023-05-23T02:42:32","guid":{"rendered":"https:\/\/ofertasimportadas.cl\/?post_type=product&#038;p=4998"},"modified":"2026-03-06T12:01:56","modified_gmt":"2026-03-06T15:01:56","slug":"vitafusion-womens-multi-164-gomitas","status":"publish","type":"product","link":"https:\/\/ofertasimportadas.cl\/index.php\/producto\/vitafusion-womens-multi-164-gomitas\/","title":{"rendered":"VitaFusion Women\u00b4s Multi 120 Gomitas"},"content":{"rendered":"<section>\n<section data-testid=\"product-description\">\n<section class=\"expand-collapse-section\" aria-describedby=\"delivery-instructions\">\n<div class=\"w_rNem expand-collapse-content\">\n<div class=\"ph3 pb4 pt1\">\n<div class=\"nb3\">\n<div class=\"mb3\">\n<div class=\"dangerous-html mb3\">Vitafusion Womens Multivitamin Gummies son vitaminas diarias formuladas para abordar las necesidades de salud de las mujeres .<\/div>\n<div class=\"dangerous-html mb3\">Cada deliciosa porci\u00f3n de dos gomitas combina vitaminas y minerales esenciales con sabores de frutas naturales para proporcionar una alternativa conveniente y de gran sabor a las p\u00edldoras de vitaminas tradicionales y dif\u00edciles de tragar.<\/div>\n<div class=\"dangerous-html mb3\">Vitafusion cree que el sabor y la nutrici\u00f3n se pueden fusionar, asegurando que tomar su multivitam\u00ednico diario sea una parte f\u00e1cil y deliciosa de su d\u00eda. Cada porci\u00f3n brinda apoyo para su sistema inmunol\u00f3gico, metabolismo energ\u00e9tico y salud \u00f3sea\u00a0 con vitamina A, vitamina C y vitamina D. Este multivitam\u00ednico para mujeres tambi\u00e9n contiene vitaminas E, B-6 y B-12, junto con biotina, zinc, Calcio y Folato.<\/div>\n<div class=\"dangerous-html mb3\">Estas multivitaminas diarias para mujeres No contienen jarabe de ma\u00edz con alto contenido de fructosa, edulcorantes artificiales, gluten, l\u00e1cteos ni FD&amp; sint\u00e9ticos. tintes C.<\/div>\n<div class=\"dangerous-html mb3\">\u00a0Vitafusion es la \u00fanica marca de vitam\u00ednas en gomitas cuyos productos han sido galardonados con el premio ChefsBest Excellence por su sabor; vitafusion Adult Gummy Multivitamins for Women recibi\u00f3 el premio ChefsBest Excellence Award 2021 . D\u00e9 un paso fruct\u00edfero hacia un mundo m\u00e1s saludable y feliz con la marca de vitaminas gomosas n.\u00ba 1 de Estados Unidos.<\/div>\n<div class=\"dangerous-html mb3\">Este producto no est\u00e1 destinado a diagnosticar, tratar, curar o prevenir ninguna enfermedad.<\/div>\n<div class=\"dangerous-html mb3\">El premio ChefsBest Excellence Award se otorga a las marcas que superan los est\u00e1ndares de calidad establecidos por chefs profesionales independientes. Evaluaci\u00f3n financiada por Church &amp; Dwight Co., Inc.<\/div>\n<\/div>\n<div class=\"mb3\">\n<div class=\"dangerous-html mb3\">\n<p>&nbsp;<\/p>\n<ul>\n<li>Cada porci\u00f3n de dos gomitas de este suplemento diet\u00e9tico brinda apoyo para el metabolismo energ\u00e9tico, los huesos y la salud inmunol\u00f3gica (1)<\/li>\n<li>Especialmente formulado para apoyar las necesidades de salud de las mujeres (1) con vitaminas A, C, D, E, B-6 y B-12, biotina, zinc, calcio y \u00e1cido f\u00f3lico<\/li>\n<li>Los convenientes suplementos diet\u00e9ticos de vitaminas en gomitas con una textura masticable son una excelente alternativa a las p\u00edldoras de vitaminas tradicionales y dif\u00edciles de tragar<\/li>\n<li>Las gomitas de vitamina con sabor a bayas ofrecen deliciosos sabores de frutas naturales en cada bocado.<\/li>\n<li>Multivitaminas diarias para mujeres hechas sin jarabe de ma\u00edz con alto contenido de fructosa, sin edulcorantes artificiales, sin gluten, sin l\u00e1cteos y sin colorantes sint\u00e9ticos FD&amp;C<\/li>\n<li>Vitafusion Adult Gummy Vitamins for Women recibi\u00f3 el premio ChefsBest Excellence Award 2021 (2)<\/li>\n<\/ul>\n<\/div>\n<\/div>\n<div class=\"w_LDl2 w_dQAr bn bg-transparent dark-gray pa0 sans-serif mb3 lh-copy\"><\/div>\n<\/div>\n<\/div>\n<\/div>\n<\/section>\n<\/section>\n<\/section>\n<section class=\"expand-collapse-section nl3 nr3 ph3\" aria-describedby=\"delivery-instructions\">\n<div class=\"expand-collapse-header flex justify-between items-center w-100\">\n<h4 class=\"w-100 ma0 pa3 f5 lh-copy normal undefined\">Especificaciones<\/h4>\n<\/div>\n<div class=\"w_rNem expand-collapse-content\">\n<div class=\"ph3 pb4 pt1\">\n<div class=\"nt1\">\n<div class=\"pb2\">\n<h4 class=\"flex items-center mv0 lh-copy f5 pb1 dark-gray\">Marca<\/h4>\n<div class=\"mv0 lh-copy f6 mid-gray\">Vitafusi\u00f3n<\/div>\n<div><\/div>\n<div class=\"mv0 lh-copy f6 mid-gray\"><span style=\"font-size: 21px;\">Tipo de vitamina y suplemento<\/span><\/div>\n<\/div>\n<div class=\"pb2\">\n<div class=\"mv0 lh-copy f6 mid-gray\">Suplementos multivitam\u00ednicos, multivitam\u00ednicos<\/div>\n<\/div>\n<div><\/div>\n<div class=\"pb2\"><span style=\"font-size: 21px;\">G\u00e9nero<\/span><\/div>\n<div class=\"pb2\">\n<div class=\"mv0 lh-copy f6 mid-gray\">Femenino<\/div>\n<div><\/div>\n<div class=\"mv0 lh-copy f6 mid-gray\"><span style=\"font-size: 21px;\">Grupo de edad<\/span><\/div>\n<\/div>\n<div class=\"pb2\">\n<div class=\"mv0 lh-copy f6 mid-gray\">Adulto<\/div>\n<div><\/div>\n<div class=\"mv0 lh-copy f6 mid-gray\"><span style=\"font-size: 21px;\">Forma<\/span><\/div>\n<\/div>\n<div class=\"pb2\">\n<div class=\"mv0 lh-copy f6 mid-gray\">gomitas<\/div>\n<\/div>\n<div class=\"\">\n<div class=\"mv0 lh-copy f6 mid-gray\"><\/div>\n<\/div>\n<\/div>\n<\/div>\n<\/div>\n<\/section>\n<section class=\"expand-collapse-section nl3 nr3 ph3\" aria-describedby=\"delivery-instructions\">\n<div class=\"expand-collapse-header flex justify-between items-center w-100\"><span style=\"font-size: 21px;\">Preocupaci\u00f3n por la salud<\/span><\/div>\n<div class=\"w_rNem expand-collapse-content\">\n<div class=\"ph3 pb4 pt1\">\n<div class=\"nt1\">\n<div class=\"\">\n<div class=\"mv0 lh-copy f6 mid-gray\">Energ\u00eda Salud \u00f3sea Apoyo inmunitario Bienestar general Salud de la mujer Apoyo al sistema inmunitario<\/div>\n<div><\/div>\n<\/div>\n<\/div>\n<\/div>\n<\/div>\n<\/section>\n<section class=\"expand-collapse-section nl3 nr3 ph3\" aria-describedby=\"delivery-instructions\">\n<div><span style=\"font-size: 21px;\">Direcciones<\/span><\/div>\n<div class=\"w_rNem expand-collapse-content\">\n<div class=\"ph3 pb4 pt1\">\n<div class=\"nt1\">\n<div class=\"pb2\">\n<h4 class=\"flex items-center mv0 lh-copy f5 pb1 dark-gray\">Dosis<\/h4>\n<p class=\"mv0 lh-copy f6 mid-gray\">Uso sugerido: Como complemento alimenticio, tomar dos (2) gomitas vitam\u00ednicas al d\u00eda. Mastique bien antes de tragar.<\/p>\n<\/div>\n<\/div>\n<\/div>\n<\/div>\n<\/section>\n<section class=\"expand-collapse-section nl3 nr3 ph3\" aria-describedby=\"delivery-instructions\">\n<div class=\"expand-collapse-header flex justify-between items-center w-100\">\n<h4 class=\"w-100 ma0 pa3 f5 lh-copy normal undefined\">Ingredientes<\/h4>\n<h4 class=\"pr2\">ingredientes inactivos<\/h4>\n<\/div>\n<div class=\"w_rNem expand-collapse-content\">\n<div class=\"ph3 pb4 pt1\">\n<div class=\"nt1\">\n<div class=\"pb2\">\n<p class=\"mv0 lh-copy f6 mid-gray\">Otros ingredientes: jarabe de glucosa, az\u00facar, agua, gelatina;\u00a0menos del 2% de: mezcla de aceites (coco y\/o palma) con cera de abejas y\/o cera de carnauba, \u00e1cido c\u00edtrico, colorantes (concentrados de ar\u00e1ndanos y zanahorias, licopeno), \u00e1cido l\u00e1ctico, sabores naturales.\u00a0Contiene: nueces de \u00e1rbol (coco).<\/p>\n<\/div>\n<div class=\"pb2\">\n<h4 class=\"mv0 lh-copy f5 pb1 dark-gray\">Ingredientes<\/h4>\n<p class=\"mv0 lh-copy f6 mid-gray\">Otros ingredientes: jarabe de glucosa, az\u00facar, agua, gelatina;\u00a0menos del 2% de: mezcla de aceites (coco y\/o palma) con cera de abejas y\/o cera de carnauba, \u00e1cido c\u00edtrico, colorantes (concentrados de ar\u00e1ndanos y zanahorias, licopeno), \u00e1cido l\u00e1ctico, sabores naturales.\u00a0Contiene: nueces de \u00e1rbol (coco).<\/p>\n<\/div>\n<div class=\"pb2\">\n<h4 class=\"mv0 lh-copy f5 pb1 dark-gray\">Ingredientes activos<\/h4>\n<p class=\"mv0 lh-copy f6 mid-gray\">N \/ A<\/p>\n<\/div>\n<\/div>\n<\/div>\n<\/div>\n<\/section>\n<hr class=\"w_8Gn9\" aria-hidden=\"true\" \/>\n<p>&nbsp;<\/p>\n","protected":false},"excerpt":{"rendered":"<p>Vitafusion Womens Multivitamin Gummies son vitaminas diarias formuladas para abordar las necesidades de salud de las mujeres . Cada deliciosa porci\u00f3n de dos gomitas combina vitaminas<span class=\"excerpt-hellip\"> [\u2026]<\/span><\/p>\n","protected":false},"featured_media":9091,"comment_status":"open","ping_status":"closed","template":"","meta":{"_joinchat":[]},"product_brand":[],"product_cat":[73,26,101,70],"product_tag":[],"class_list":{"0":"post-4998","1":"product","2":"type-product","3":"status-publish","4":"has-post-thumbnail","6":"product_cat-multivitaminicos","7":"product_cat-para-ellas","8":"product_cat-todos-los-productos","9":"product_cat-vitaminas","11":"first","12":"instock","13":"shipping-taxable","14":"purchasable","15":"product-type-simple"},"_links":{"self":[{"href":"https:\/\/ofertasimportadas.cl\/index.php\/wp-json\/wp\/v2\/product\/4998","targetHints":{"allow":["GET"]}}],"collection":[{"href":"https:\/\/ofertasimportadas.cl\/index.php\/wp-json\/wp\/v2\/product"}],"about":[{"href":"https:\/\/ofertasimportadas.cl\/index.php\/wp-json\/wp\/v2\/types\/product"}],"replies":[{"embeddable":true,"href":"https:\/\/ofertasimportadas.cl\/index.php\/wp-json\/wp\/v2\/comments?post=4998"}],"wp:featuredmedia":[{"embeddable":true,"href":"https:\/\/ofertasimportadas.cl\/index.php\/wp-json\/wp\/v2\/media\/9091"}],"wp:attachment":[{"href":"https:\/\/ofertasimportadas.cl\/index.php\/wp-json\/wp\/v2\/media?parent=4998"}],"wp:term":[{"taxonomy":"product_brand","embeddable":true,"href":"https:\/\/ofertasimportadas.cl\/index.php\/wp-json\/wp\/v2\/product_brand?post=4998"},{"taxonomy":"product_cat","embeddable":true,"href":"https:\/\/ofertasimportadas.cl\/index.php\/wp-json\/wp\/v2\/product_cat?post=4998"},{"taxonomy":"product_tag","embeddable":true,"href":"https:\/\/ofertasimportadas.cl\/index.php\/wp-json\/wp\/v2\/product_tag?post=4998"}],"curies":[{"name":"wp","href":"https:\/\/api.w.org\/{rel}","templated":true}]}}