{"id":5326,"date":"2023-08-07T23:36:21","date_gmt":"2023-08-08T02:36:21","guid":{"rendered":"https:\/\/ofertasimportadas.cl\/?post_type=product&#038;p=5326"},"modified":"2026-05-10T00:30:05","modified_gmt":"2026-05-10T03:30:05","slug":"melatonina-5mg-90-gomitas","status":"publish","type":"product","link":"https:\/\/ofertasimportadas.cl\/index.php\/producto\/melatonina-5mg-90-gomitas\/","title":{"rendered":"Melatonina 5mg 90 Gomitas"},"content":{"rendered":"<p><b>Dulces sue\u00f1os comienzan con las gomitas de melatonina . \u00a1Tiene sabor a fresa y saben muy bien! Tambi\u00e9n est\u00e1n hechas con pectina de frutas, por lo que las gomitas son vegetarianas, menos melosas y menos pegajosas que las gomitas de gelatina. Las gomitas de melatonina no contienen OMG, son vegetarianas y no contienen sabores artificiales, edulcorantes ni conservantes.<\/b><span id=\"more-2893\"><\/span><\/p>\n<p>&nbsp;<\/p>\n<p><b>NO Contiene: Leche, huevo, pescado, mariscos crust\u00e1ceos, nueces de \u00e1rbol, man\u00ed, trigo, soja, levadura, sabores artificiales, conservantes o tintes sint\u00e9ticos.<\/b><\/p>\n<ul>\n<li aria-level=\"1\"><b>Duerma m\u00e1s r\u00e1pido, qu\u00e9dese dormido m\u00e1s tiempo.\u00a0<\/b><\/li>\n<\/ul>\n<ul>\n<li aria-level=\"1\"><b>100% libre de drogas y no genera h\u00e1bito<\/b><\/li>\n<\/ul>\n<ul>\n<li aria-level=\"1\"><b>100% vegetariano<\/b><\/li>\n<\/ul>\n<ul>\n<li aria-level=\"1\"><b>Sin OGM y sin saborizantes, edulcorantes ni conservantes artificiales.<\/b><\/li>\n<\/ul>\n<ul>\n<li aria-level=\"1\"><b>Gran sabor a fresa<\/b><\/li>\n<\/ul>\n<ul>\n<li aria-level=\"1\"><b>La melatonina es una soluci\u00f3n para el insomnio ocasional.\u00a0 \u00a0 \u00a0 \u00a0 \u00a0 \u00a0 \u00a0 \u00a0 \u00a0 \u00a0 \u00a0 \u00a0 \u00a0 \u00a0 \u00a0 \u00a0 \u00a0 \u00a0 \u00a0 \u00a0 \u00a0 \u00a0 \u00a0 \u00a0 \u00a0 \u00a0 \u00a0 \u00a0 \u00a0 \u00a0 \u00a0 \u00a0 \u00a0 \u00a0 \u00a0 \u00a0 \u00a0 \u00a0 \u00a0 \u00a0 \u00a0 \u00a0 \u00a0 \u00a0 \u00a0 \u00a0 \u00a0 \u00a0 \u00a0 \u00a0 \u00a0 \u00a0 \u00a0 \u00a0 \u00a0 \u00a0 \u00a0 \u00a0 \u00a0 \u00a0 \u00a0 \u00a0 \u00a0 \u00a0 \u00a0 \u00a0 \u00a0 \u00a0 \u00a0 \u00a0 \u00a0 \u00a0 \u00a0 \u00a0 \u00a0 \u00a0 \u00a0 \u00a0 \u00a0 \u00a0 \u00a0 \u00a0 \u00a0 \u00a0 \u00a0 \u00a0 \u00a0 \u00a0 \u00a0 \u00a0 \u00a0 \u00a0 \u00a0 \u00a0 \u00a0 \u00a0\u00a0<\/b><\/li>\n<\/ul>\n<p><b>Dosis<\/b><\/p>\n<p><b>Instrucciones: Tome 1 gomitas 20 minutos antes de acostarse.<\/b><\/p>\n","protected":false},"excerpt":{"rendered":"<p>Dulces sue\u00f1os comienzan con las gomitas de melatonina . \u00a1Tiene sabor a fresa y saben muy bien! Tambi\u00e9n est\u00e1n hechas con pectina de frutas, por lo<span class=\"excerpt-hellip\"> [\u2026]<\/span><\/p>\n","protected":false},"featured_media":9623,"comment_status":"open","ping_status":"closed","template":"","meta":{"_joinchat":[]},"product_brand":[],"product_cat":[84,75,26,27,101],"product_tag":[],"class_list":{"0":"post-5326","1":"product","2":"type-product","3":"status-publish","4":"has-post-thumbnail","6":"product_cat-melatonina-vitaminas-para-ellos","7":"product_cat-melatonina","8":"product_cat-para-ellas","9":"product_cat-para-ellos","10":"product_cat-todos-los-productos","12":"first","13":"instock","14":"shipping-taxable","15":"purchasable","16":"product-type-simple"},"_links":{"self":[{"href":"https:\/\/ofertasimportadas.cl\/index.php\/wp-json\/wp\/v2\/product\/5326","targetHints":{"allow":["GET"]}}],"collection":[{"href":"https:\/\/ofertasimportadas.cl\/index.php\/wp-json\/wp\/v2\/product"}],"about":[{"href":"https:\/\/ofertasimportadas.cl\/index.php\/wp-json\/wp\/v2\/types\/product"}],"replies":[{"embeddable":true,"href":"https:\/\/ofertasimportadas.cl\/index.php\/wp-json\/wp\/v2\/comments?post=5326"}],"wp:featuredmedia":[{"embeddable":true,"href":"https:\/\/ofertasimportadas.cl\/index.php\/wp-json\/wp\/v2\/media\/9623"}],"wp:attachment":[{"href":"https:\/\/ofertasimportadas.cl\/index.php\/wp-json\/wp\/v2\/media?parent=5326"}],"wp:term":[{"taxonomy":"product_brand","embeddable":true,"href":"https:\/\/ofertasimportadas.cl\/index.php\/wp-json\/wp\/v2\/product_brand?post=5326"},{"taxonomy":"product_cat","embeddable":true,"href":"https:\/\/ofertasimportadas.cl\/index.php\/wp-json\/wp\/v2\/product_cat?post=5326"},{"taxonomy":"product_tag","embeddable":true,"href":"https:\/\/ofertasimportadas.cl\/index.php\/wp-json\/wp\/v2\/product_tag?post=5326"}],"curies":[{"name":"wp","href":"https:\/\/api.w.org\/{rel}","templated":true}]}}