{"id":5486,"date":"2023-09-20T15:56:00","date_gmt":"2023-09-20T18:56:00","guid":{"rendered":"https:\/\/ofertasimportadas.cl\/?post_type=product&#038;p=5486"},"modified":"2026-03-30T14:43:12","modified_gmt":"2026-03-30T17:43:12","slug":"melatoninmax-10mg","status":"publish","type":"product","link":"https:\/\/ofertasimportadas.cl\/index.php\/producto\/melatoninmax-10mg\/","title":{"rendered":"MelatoninMax 10mg"},"content":{"rendered":"<div class=\"expand-collapse-header flex justify-between items-center w-100\">\n<h3 class=\"w-100 ma0 pa3 f5 lh-copy normal\">Detalles de producto<\/h3>\n<div class=\"pr3\"><\/div>\n<\/div>\n<div class=\"w_rNem expand-collapse-content\">\n<div class=\"ph3 pb4 pt1\">\n<div class=\"nb3\" data-testid=\"product-description-content\">\n<div class=\"mb3\">\n<div class=\"dangerous-html mb3\">Cuando es absolutamente necesario dormir bien por la noche, no puede arriesgarse con algo que podr\u00eda no funcionar; necesita un suplemento para ayudar a dormir en el que pueda confiar.\u00a0Natrol MelatoninMax, el suplemento para ayudar a dormir que proporciona la cantidad m\u00e1xima recomendada de 10 mg de melatonina en<strong> una sola gomita<\/strong>.* Conf\u00eda en \u00e9l para ayudarte a conseguir el sue\u00f1o rejuvenecedor que necesitas esta noche para que puedas despertarte descansado y listo para afrontar el d\u00eda siguiente.* Natrol se dedica a crear productos innovadores y de calidad para ayudarle a mantener una buena salud y prosperar en su estilo de vida moderno y ajetreado.**Calificaciones basadas en los resultados de la Encuesta de usuarios de suplementos de ConsumerLab de 2022.<\/div>\n<\/div>\n<div class=\"mb3\">\n<div class=\"dangerous-html mb3\">\n<ul>\n<li>MelatoninMax es el suplemento gomoso m\u00e1s potente para ayudar a dormir de Natrol con 10 mg de melatonina 99 % pura en cada gominola.*<\/li>\n<li>Ingredientes limpios: Las gomitas Natrol Melatonin Max son 100% libres de drogas, sin OGM, sin gluten, vegetarianas y no contienen jarabe de ma\u00edz.\u00a0Libre de saborizantes artificiales, edulcorantes, conservantes y colorantes sint\u00e9ticos.<\/li>\n<li>Menos pegajosas: las gomitas Natrol est\u00e1n basadas en pectina y <strong>no contienen gelatina<\/strong>, por lo que son menos pegajosas que las gomitas de gelatina.<\/li>\n<li>Sabe delicioso: duerma m\u00e1s r\u00e1pido con el delicioso suplemento diet\u00e9tico de goma para dormir con sabor a ar\u00e1ndano de Natrol.*<\/li>\n<li>Natrol es la marca n\u00famero uno de ayudas para dormir sin medicamentos^ y ha ocupado el puesto n\u00famero uno en satisfacci\u00f3n del consumidor durante 3 a\u00f1os consecutivos.**<\/li>\n<\/ul>\n<p>Dosis:<\/p>\n<p>1 Gomita 20-30 MINUTOS ANTES DE IR A DORMIR<\/p>\n<\/div>\n<\/div>\n<\/div>\n<\/div>\n<\/div>\n","protected":false},"excerpt":{"rendered":"<p>Detalles de producto Cuando es absolutamente necesario dormir bien por la noche, no puede arriesgarse con algo que podr\u00eda no funcionar; necesita un suplemento para ayudar<span class=\"excerpt-hellip\"> [\u2026]<\/span><\/p>\n","protected":false},"featured_media":5490,"comment_status":"open","ping_status":"closed","template":"","meta":{"_joinchat":[]},"product_brand":[],"product_cat":[84,75,26,27,101,81,70],"product_tag":[],"class_list":{"0":"post-5486","1":"product","2":"type-product","3":"status-publish","4":"has-post-thumbnail","6":"product_cat-melatonina-vitaminas-para-ellos","7":"product_cat-melatonina","8":"product_cat-para-ellas","9":"product_cat-para-ellos","10":"product_cat-todos-los-productos","11":"product_cat-vitaminas-para-ellos","12":"product_cat-vitaminas","14":"first","15":"outofstock","16":"shipping-taxable","17":"purchasable","18":"product-type-simple"},"_links":{"self":[{"href":"https:\/\/ofertasimportadas.cl\/index.php\/wp-json\/wp\/v2\/product\/5486","targetHints":{"allow":["GET"]}}],"collection":[{"href":"https:\/\/ofertasimportadas.cl\/index.php\/wp-json\/wp\/v2\/product"}],"about":[{"href":"https:\/\/ofertasimportadas.cl\/index.php\/wp-json\/wp\/v2\/types\/product"}],"replies":[{"embeddable":true,"href":"https:\/\/ofertasimportadas.cl\/index.php\/wp-json\/wp\/v2\/comments?post=5486"}],"wp:featuredmedia":[{"embeddable":true,"href":"https:\/\/ofertasimportadas.cl\/index.php\/wp-json\/wp\/v2\/media\/5490"}],"wp:attachment":[{"href":"https:\/\/ofertasimportadas.cl\/index.php\/wp-json\/wp\/v2\/media?parent=5486"}],"wp:term":[{"taxonomy":"product_brand","embeddable":true,"href":"https:\/\/ofertasimportadas.cl\/index.php\/wp-json\/wp\/v2\/product_brand?post=5486"},{"taxonomy":"product_cat","embeddable":true,"href":"https:\/\/ofertasimportadas.cl\/index.php\/wp-json\/wp\/v2\/product_cat?post=5486"},{"taxonomy":"product_tag","embeddable":true,"href":"https:\/\/ofertasimportadas.cl\/index.php\/wp-json\/wp\/v2\/product_tag?post=5486"}],"curies":[{"name":"wp","href":"https:\/\/api.w.org\/{rel}","templated":true}]}}