{"id":5492,"date":"2023-09-20T16:05:31","date_gmt":"2023-09-20T19:05:31","guid":{"rendered":"https:\/\/ofertasimportadas.cl\/?post_type=product&#038;p=5492"},"modified":"2026-05-01T23:43:24","modified_gmt":"2026-05-02T02:43:24","slug":"citrato-de-magnesio-100-dosis","status":"publish","type":"product","link":"https:\/\/ofertasimportadas.cl\/index.php\/producto\/citrato-de-magnesio-100-dosis\/","title":{"rendered":"Citrato de Magnesio 100 dosis"},"content":{"rendered":"<div class=\"expand-collapse-header flex justify-between items-center w-100\">\n<h3 class=\"w-100 ma0 pa3 f5 lh-copy normal\">Detalles de producto<\/h3>\n<div class=\"pr3\"><\/div>\n<\/div>\n<div class=\"w_rNem expand-collapse-content\">\n<div class=\"ph3 pb4 pt1\">\n<div class=\"nb3\" data-testid=\"product-description-content\">\n<div class=\"mb3\">\n<div class=\"dangerous-html mb3\">\n<p>Nuestras c\u00e1psulas de suplemento diet\u00e9tico para la salud \u00f3sea de citrato de magnesio de liberaci\u00f3n r\u00e1pida de Spring Valley son un suplemento diet\u00e9tico que puede respaldar la salud \u00f3sea.* El magnesio es esencial para la formaci\u00f3n de huesos y tambi\u00e9n respalda la salud de los nervios y los m\u00fasculos.* El citrato de magnesio ofrece una mayor absorci\u00f3n en comparaci\u00f3n con el \u00f3xido de magnesio .* Este suplemento no contiene gluten, levadura, leche o derivados de la leche, lactosa, az\u00facar, conservantes, soja, colorantes ni saborizantes artificiales, y menos de cinco miligramos de sodio por porci\u00f3n.\u00a0Puede estar seguro de que nuestras c\u00e1psulas de suplemento diet\u00e9tico para la salud \u00f3sea con citrato de magnesio de liberaci\u00f3n r\u00e1pida de Spring Valley se producen siguiendo estrictas pautas de calidad y est\u00e1n respaldadas por nuestra garant\u00eda de calidad.<\/p>\n<p>Spring Valley entiende que vivir un estilo de vida saludable y equilibrado es la clave para ser lo mejor de uno mismo.\u00a0Con una gama asequible de productos inspirados en la naturaleza, Spring Valley respalda su salud y su bienestar integral y el de su familia.<\/p>\n<\/div>\n<\/div>\n<div class=\"mb3\">\n<div class=\"dangerous-html mb3\">\n<ul>\n<li>Spring Valley C\u00e1psulas de suplemento diet\u00e9tico para la salud \u00f3sea de citrato de magnesio de liberaci\u00f3n r\u00e1pida, 100 mg, 100 unidades<\/li>\n<li>Suplemento diet\u00e9tico para la salud \u00f3sea*<\/li>\n<li>Liberaci\u00f3n r\u00e1pida<\/li>\n<li>Mayor tasa de absorci\u00f3n en comparaci\u00f3n con el \u00f3xido de magnesio*<\/li>\n<li>Sin gluten, levadura, leche o derivados de la leche, lactosa, az\u00facar, conservantes, soja, colorantes ni saborizantes artificiales.<\/li>\n<li>Menos de 5 mg de sodio por porci\u00f3n.<\/li>\n<li>100 c\u00e1psulas<\/li>\n<li>Imagen de moneda de Estados Unidos de la Casa de la Moneda de Estados Unidos<\/li>\n<\/ul>\n<p>&nbsp;<\/p>\n<\/div>\n<\/div>\n<\/div>\n<\/div>\n<\/div>\n","protected":false},"excerpt":{"rendered":"<p>Detalles de producto Nuestras c\u00e1psulas de suplemento diet\u00e9tico para la salud \u00f3sea de citrato de magnesio de liberaci\u00f3n r\u00e1pida de Spring Valley son un suplemento diet\u00e9tico<span class=\"excerpt-hellip\"> [\u2026]<\/span><\/p>\n","protected":false},"featured_media":5493,"comment_status":"open","ping_status":"closed","template":"","meta":{"_joinchat":[]},"product_brand":[],"product_cat":[77,85,67,26,27,101,70,81],"product_tag":[],"class_list":{"0":"post-5492","1":"product","2":"type-product","3":"status-publish","4":"has-post-thumbnail","6":"product_cat-calcio","7":"product_cat-calcio-vitaminas-para-ellos","8":"product_cat-destacados","9":"product_cat-para-ellas","10":"product_cat-para-ellos","11":"product_cat-todos-los-productos","12":"product_cat-vitaminas","13":"product_cat-vitaminas-para-ellos","15":"first","16":"outofstock","17":"shipping-taxable","18":"purchasable","19":"product-type-simple"},"_links":{"self":[{"href":"https:\/\/ofertasimportadas.cl\/index.php\/wp-json\/wp\/v2\/product\/5492","targetHints":{"allow":["GET"]}}],"collection":[{"href":"https:\/\/ofertasimportadas.cl\/index.php\/wp-json\/wp\/v2\/product"}],"about":[{"href":"https:\/\/ofertasimportadas.cl\/index.php\/wp-json\/wp\/v2\/types\/product"}],"replies":[{"embeddable":true,"href":"https:\/\/ofertasimportadas.cl\/index.php\/wp-json\/wp\/v2\/comments?post=5492"}],"wp:featuredmedia":[{"embeddable":true,"href":"https:\/\/ofertasimportadas.cl\/index.php\/wp-json\/wp\/v2\/media\/5493"}],"wp:attachment":[{"href":"https:\/\/ofertasimportadas.cl\/index.php\/wp-json\/wp\/v2\/media?parent=5492"}],"wp:term":[{"taxonomy":"product_brand","embeddable":true,"href":"https:\/\/ofertasimportadas.cl\/index.php\/wp-json\/wp\/v2\/product_brand?post=5492"},{"taxonomy":"product_cat","embeddable":true,"href":"https:\/\/ofertasimportadas.cl\/index.php\/wp-json\/wp\/v2\/product_cat?post=5492"},{"taxonomy":"product_tag","embeddable":true,"href":"https:\/\/ofertasimportadas.cl\/index.php\/wp-json\/wp\/v2\/product_tag?post=5492"}],"curies":[{"name":"wp","href":"https:\/\/api.w.org\/{rel}","templated":true}]}}