{"id":5936,"date":"2024-01-21T23:09:57","date_gmt":"2024-01-22T02:09:57","guid":{"rendered":"https:\/\/ofertasimportadas.cl\/?post_type=product&#038;p=5936"},"modified":"2026-05-11T03:12:52","modified_gmt":"2026-05-11T06:12:52","slug":"melatonina-10mg-140-gomitas","status":"publish","type":"product","link":"https:\/\/ofertasimportadas.cl\/index.php\/producto\/melatonina-10mg-140-gomitas\/","title":{"rendered":"Melatonina 10mg 140 Gomitas"},"content":{"rendered":"<div class=\"expand-collapse-header flex justify-between items-center w-100\">\n<h3 class=\"w-100 ma0 pa3 f5 lh-copy normal\" aria-hidden=\"false\">Detalles de producto<\/h3>\n<div class=\"pr3\"><\/div>\n<\/div>\n<div class=\"w_rNem expand-collapse-content\" data-testid=\"ui-collapse-panel\">\n<div class=\"ph3 pb4 pt1\">\n<div class=\"nb3\" data-testid=\"product-description-content\">\n<div class=\"mb3\">\n<div class=\"dangerous-html mb3\">La melatonina es la clave para ayudarle a conciliar el sue\u00f1o m\u00e1s r\u00e1pido, permanecer dormido por m\u00e1s tiempo y despertarse descansado.* Las gomitas de melatonina\u00a0 son el suplemento para\u00a0 dormir que puede ayudarle a obtener la melatonina que necesita. Estas gomitas a base de pectina est\u00e1n hechas con 99 % de melatonina pura, edulcorantes org\u00e1nicos y son 100 % libres de medicamentos.<\/div>\n<\/div>\n<div class=\"mb3\">\n<div class=\"dangerous-html mb3\">\n<ul>\n<li>Las gomitas de melatonina est\u00e1n hechas con 99% de melatonina pura.<\/li>\n<li>Le ayuda a conciliar el sue\u00f1o m\u00e1s r\u00e1pido, permanecer dormido por m\u00e1s tiempo y despertarse descansado*<\/li>\n<li>Las gomitas a base de pectina son menos pegajosas que las gomitas de gelatina.<\/li>\n<li>Delicioso sabor a fresa, no contiene jarabe de ma\u00edz.<\/li>\n<li>Sin OGM y sin edulcorantes, sabores, conservantes ni colorantes sint\u00e9ticos artificiales.<\/li>\n<li>Suplemento para ayudar a dormir 100 % libre de medicamentos que puede ayudarle a conciliar el sue\u00f1o m\u00e1s r\u00e1pido*<\/li>\n<\/ul>\n<\/div>\n<\/div>\n<\/div>\n<\/div>\n<\/div>\n","protected":false},"excerpt":{"rendered":"<p>Detalles de producto La melatonina es la clave para ayudarle a conciliar el sue\u00f1o m\u00e1s r\u00e1pido, permanecer dormido por m\u00e1s tiempo y despertarse descansado.* Las gomitas<span class=\"excerpt-hellip\"> [\u2026]<\/span><\/p>\n","protected":false},"featured_media":9643,"comment_status":"open","ping_status":"closed","template":"","meta":{"_joinchat":[]},"product_brand":[],"product_cat":[67,84,75,26,27,101,70],"product_tag":[],"class_list":{"0":"post-5936","1":"product","2":"type-product","3":"status-publish","4":"has-post-thumbnail","6":"product_cat-destacados","7":"product_cat-melatonina-vitaminas-para-ellos","8":"product_cat-melatonina","9":"product_cat-para-ellas","10":"product_cat-para-ellos","11":"product_cat-todos-los-productos","12":"product_cat-vitaminas","14":"first","15":"instock","16":"shipping-taxable","17":"purchasable","18":"product-type-simple"},"_links":{"self":[{"href":"https:\/\/ofertasimportadas.cl\/index.php\/wp-json\/wp\/v2\/product\/5936","targetHints":{"allow":["GET"]}}],"collection":[{"href":"https:\/\/ofertasimportadas.cl\/index.php\/wp-json\/wp\/v2\/product"}],"about":[{"href":"https:\/\/ofertasimportadas.cl\/index.php\/wp-json\/wp\/v2\/types\/product"}],"replies":[{"embeddable":true,"href":"https:\/\/ofertasimportadas.cl\/index.php\/wp-json\/wp\/v2\/comments?post=5936"}],"wp:featuredmedia":[{"embeddable":true,"href":"https:\/\/ofertasimportadas.cl\/index.php\/wp-json\/wp\/v2\/media\/9643"}],"wp:attachment":[{"href":"https:\/\/ofertasimportadas.cl\/index.php\/wp-json\/wp\/v2\/media?parent=5936"}],"wp:term":[{"taxonomy":"product_brand","embeddable":true,"href":"https:\/\/ofertasimportadas.cl\/index.php\/wp-json\/wp\/v2\/product_brand?post=5936"},{"taxonomy":"product_cat","embeddable":true,"href":"https:\/\/ofertasimportadas.cl\/index.php\/wp-json\/wp\/v2\/product_cat?post=5936"},{"taxonomy":"product_tag","embeddable":true,"href":"https:\/\/ofertasimportadas.cl\/index.php\/wp-json\/wp\/v2\/product_tag?post=5936"}],"curies":[{"name":"wp","href":"https:\/\/api.w.org\/{rel}","templated":true}]}}