{"id":5976,"date":"2024-01-29T00:27:16","date_gmt":"2024-01-29T03:27:16","guid":{"rendered":"https:\/\/ofertasimportadas.cl\/?post_type=product&#038;p=5976"},"modified":"2025-09-04T00:40:28","modified_gmt":"2025-09-04T03:40:28","slug":"omega-3-con-epa-y-dha-1000mg-120-sofgels-spring-valley","status":"publish","type":"product","link":"https:\/\/ofertasimportadas.cl\/index.php\/producto\/omega-3-con-epa-y-dha-1000mg-120-sofgels-spring-valley\/","title":{"rendered":"Omega-3 con EPA y DHA. 1000MG, 120  Sofgels. Spring Valley"},"content":{"rendered":"<div class=\"w_F3\">\n<h2 id=\"react-aria-8\" class=\"w_F4\">Detalles de producto<\/h2>\n<\/div>\n<div class=\"w_F5\">\n<div class=\"w_F6\">\n<div class=\"f5 lh-copy mid-gray dangerous-html mb3\">\n<p>Proactive Support Omega-3 de aceite de pescado Suplemento diet\u00e9tico con sabor a lim\u00f3n natural, 1000 mg<\/p>\n<p>&nbsp;<\/p>\n<p>Salud del coraz\u00f3n, general y del cerebro*<br \/>\nSabor a lim\u00f3n para controlar el retrogusto a pescado<br \/>\nContiene aceite de pescado altamente purificado Investigaciones de apoyo pero no concluyentes muestran que el consumo de \u00e1cidos grasos omega-3 EPA y DHA puede reducir el riesgo de enfermedad coronaria.\u2021 EPA y DHA tambi\u00e9n apoya el cerebro y la salud general.*<br \/>\n\u00c1cidos grasos omega-3, \u00e1cido eicosapentaenoico (EPA) y \u00e1cido docosahexaenoico (DHA)<\/p>\n<p>Nuestro suplemento diet\u00e9tico Spring Valley Proactive Support Omega-3 de aceite de pescado, 1000 mg es un suplemento de mantenimiento diario que puede mejorar la salud general, del cerebro y del coraz\u00f3n.<\/p>\n<p>Este suplemento no contiene gluten, levadura, trigo, leche o derivados de la leche, lactosa, az\u00facar, colorantes o sabores artificiales.<\/p>\n<p>La dosis recomendada es de 1 c\u00e1psula blanda al d\u00eda, preferiblemente con una comida.<\/p>\n<p>Puede estar seguro de que nuestro suplemento diet\u00e9tico Spring Valley Proactive Support Omega-3 Mini de aceite de pescado, 1000 mg, se produce con estrictas pautas de calidad y est\u00e1 respaldado por nuestra garant\u00eda de calidad.<\/p>\n<p>Spring Valley entiende que vivir un estilo de vida saludable y equilibrado es la clave para ser lo mejor posible.\u00a0Con una gama asequible de productos inspirados en la naturaleza, Spring Valley apoya la salud y el bienestar hol\u00edstico de usted y su familia.<\/p>\n<\/div>\n<div class=\"f6 lh-copy mid-gray dangerous-html mb3\">\n<ul>\n<li>Suplemento de soporte proactivo<\/li>\n<li>Para la salud general, del cerebro y del coraz\u00f3n.<\/li>\n<li>Sin gluten, levadura, trigo, leche o derivados l\u00e1cteos, lactosa, az\u00facar, color artificial o sabor artificial<\/li>\n<li>El sabor a lim\u00f3n natural ayuda a controlar el regusto a pescado.<\/li>\n<li>Contiene aceite de pescado altamente purificado.<\/li>\n<li>1,000 mg de omega-3 por porci\u00f3n<\/li>\n<li>Una c\u00e1psula blanda por d\u00eda<\/li>\n<li>(120) c\u00e1psulas blandas por botella<\/li>\n<\/ul>\n<\/div>\n<\/div>\n<\/div>\n","protected":false},"excerpt":{"rendered":"<p>Detalles de producto Proactive Support Omega-3 de aceite de pescado Suplemento diet\u00e9tico con sabor a lim\u00f3n natural, 1000 mg &nbsp; Salud del coraz\u00f3n, general y del<span class=\"excerpt-hellip\"> [\u2026]<\/span><\/p>\n","protected":false},"featured_media":5982,"comment_status":"open","ping_status":"closed","template":"","meta":{"_joinchat":[]},"product_brand":[],"product_cat":[15],"product_tag":[],"class_list":{"0":"post-5976","1":"product","2":"type-product","3":"status-publish","4":"has-post-thumbnail","6":"product_cat-sin-categoria","8":"first","9":"outofstock","10":"shipping-taxable","11":"purchasable","12":"product-type-simple"},"_links":{"self":[{"href":"https:\/\/ofertasimportadas.cl\/index.php\/wp-json\/wp\/v2\/product\/5976","targetHints":{"allow":["GET"]}}],"collection":[{"href":"https:\/\/ofertasimportadas.cl\/index.php\/wp-json\/wp\/v2\/product"}],"about":[{"href":"https:\/\/ofertasimportadas.cl\/index.php\/wp-json\/wp\/v2\/types\/product"}],"replies":[{"embeddable":true,"href":"https:\/\/ofertasimportadas.cl\/index.php\/wp-json\/wp\/v2\/comments?post=5976"}],"wp:featuredmedia":[{"embeddable":true,"href":"https:\/\/ofertasimportadas.cl\/index.php\/wp-json\/wp\/v2\/media\/5982"}],"wp:attachment":[{"href":"https:\/\/ofertasimportadas.cl\/index.php\/wp-json\/wp\/v2\/media?parent=5976"}],"wp:term":[{"taxonomy":"product_brand","embeddable":true,"href":"https:\/\/ofertasimportadas.cl\/index.php\/wp-json\/wp\/v2\/product_brand?post=5976"},{"taxonomy":"product_cat","embeddable":true,"href":"https:\/\/ofertasimportadas.cl\/index.php\/wp-json\/wp\/v2\/product_cat?post=5976"},{"taxonomy":"product_tag","embeddable":true,"href":"https:\/\/ofertasimportadas.cl\/index.php\/wp-json\/wp\/v2\/product_tag?post=5976"}],"curies":[{"name":"wp","href":"https:\/\/api.w.org\/{rel}","templated":true}]}}