{"id":5983,"date":"2024-01-29T00:34:25","date_gmt":"2024-01-29T03:34:25","guid":{"rendered":"https:\/\/ofertasimportadas.cl\/?post_type=product&#038;p=5983"},"modified":"2024-07-13T17:47:05","modified_gmt":"2024-07-13T20:47:05","slug":"centrum-women-100-tabletas","status":"publish","type":"product","link":"https:\/\/ofertasimportadas.cl\/index.php\/producto\/centrum-women-100-tabletas\/","title":{"rendered":"CENTRUM Women 100 Tabletas"},"content":{"rendered":"<div class=\"mb3\">\n<div class=\"dangerous-html mb3\">\n<div>\n<p>Centrum Multivitamins for Women es un suplemento multivitam\u00ednico\/multimineral especialmente formulado para mujeres.\u00a0Estos suplementos vitam\u00ednicos para mujeres contienen vitamina D3 y otros micronutrientes importantes para la salud \u00f3sea que ayudan a mantener su cuerpo de pies a cabeza.<\/p>\n<p>Cada tableta tambi\u00e9n proporciona biotina y vitaminas A, C y E para ayudar a mantener una apariencia saludable, y vitaminas B para ayudar en el metabolismo de las grasas, los carbohidratos y las prote\u00ednas (1).<\/p>\n<p>Los multivitam\u00ednicos para mujeres con hierro y vitaminas B tambi\u00e9n satisfacen las necesidades energ\u00e9ticas diarias (1). Con 100 tabletas por frasco, es f\u00e1cil mantener su salud general tomando una tableta multivitam\u00ednica diaria. Alimente sus c\u00e9lulas y alimente su vida con Centrum, la marca multivitam\u00ednica n\u00famero uno recomendada por m\u00e9dicos y farmac\u00e9uticos.<\/p>\n<p>Lea m\u00e1s sobre nuestro est\u00e1ndar sin OGM en Centrum.com<\/p>\n<\/div>\n<\/div>\n<\/div>\n<div class=\"mb3\">\n<div class=\"dangerous-html mb3\">\n<ul>\n<li>Suministro de 100 unidades de Centrum Multivitamin para mujeres, suplemento multivitam\u00ednico\/multimineral con hierro, vitaminas D3, vitaminas B y antioxidantes, vitaminas C y E y zinc.<\/li>\n<li>El multivitam\u00ednico para mujeres con vitaminas B y hierro respalda las necesidades energ\u00e9ticas diarias, vitamina C y E para ayudar a respaldar la inmunidad y vitaminas B para ayudar en el metabolismo (1)<\/li>\n<li>Contiene vitamina D3 para apoyar la salud \u00f3sea (1)<\/li>\n<li>Multivitam\u00ednico diario con hierro formulado con micronutrientes, biotina, antioxidantes vitaminas C y E y zinc y vitamina A, vitaminas del grupo B y vitamina D3.<\/li>\n<li>Cada frasco de estas multivitaminas para mujeres contiene 100 tabletas para ayudarla a mantener su salud general (1)<\/li>\n<\/ul>\n<\/div>\n<\/div>\n","protected":false},"excerpt":{"rendered":"<p>Centrum Multivitamins for Women es un suplemento multivitam\u00ednico\/multimineral especialmente formulado para mujeres.\u00a0Estos suplementos vitam\u00ednicos para mujeres contienen vitamina D3 y otros micronutrientes importantes para la salud<span class=\"excerpt-hellip\"> [\u2026]<\/span><\/p>\n","protected":false},"featured_media":5985,"comment_status":"open","ping_status":"closed","template":"","meta":{"_joinchat":[]},"product_brand":[],"product_cat":[15],"product_tag":[],"class_list":{"0":"post-5983","1":"product","2":"type-product","3":"status-publish","4":"has-post-thumbnail","6":"product_cat-sin-categoria","8":"first","9":"outofstock","10":"shipping-taxable","11":"purchasable","12":"product-type-simple"},"_links":{"self":[{"href":"https:\/\/ofertasimportadas.cl\/index.php\/wp-json\/wp\/v2\/product\/5983","targetHints":{"allow":["GET"]}}],"collection":[{"href":"https:\/\/ofertasimportadas.cl\/index.php\/wp-json\/wp\/v2\/product"}],"about":[{"href":"https:\/\/ofertasimportadas.cl\/index.php\/wp-json\/wp\/v2\/types\/product"}],"replies":[{"embeddable":true,"href":"https:\/\/ofertasimportadas.cl\/index.php\/wp-json\/wp\/v2\/comments?post=5983"}],"wp:featuredmedia":[{"embeddable":true,"href":"https:\/\/ofertasimportadas.cl\/index.php\/wp-json\/wp\/v2\/media\/5985"}],"wp:attachment":[{"href":"https:\/\/ofertasimportadas.cl\/index.php\/wp-json\/wp\/v2\/media?parent=5983"}],"wp:term":[{"taxonomy":"product_brand","embeddable":true,"href":"https:\/\/ofertasimportadas.cl\/index.php\/wp-json\/wp\/v2\/product_brand?post=5983"},{"taxonomy":"product_cat","embeddable":true,"href":"https:\/\/ofertasimportadas.cl\/index.php\/wp-json\/wp\/v2\/product_cat?post=5983"},{"taxonomy":"product_tag","embeddable":true,"href":"https:\/\/ofertasimportadas.cl\/index.php\/wp-json\/wp\/v2\/product_tag?post=5983"}],"curies":[{"name":"wp","href":"https:\/\/api.w.org\/{rel}","templated":true}]}}