{"id":6368,"date":"2024-04-14T14:58:40","date_gmt":"2024-04-14T17:58:40","guid":{"rendered":"https:\/\/ofertasimportadas.cl\/?post_type=product&#038;p=6368"},"modified":"2026-04-04T13:22:25","modified_gmt":"2026-04-04T16:22:25","slug":"melatonina-spring-valley-10mg-con-balsamo-de-limon-120-dosis","status":"publish","type":"product","link":"https:\/\/ofertasimportadas.cl\/index.php\/producto\/melatonina-spring-valley-10mg-con-balsamo-de-limon-120-dosis\/","title":{"rendered":"Melatonina SPRING VALLEY 10mg con b\u00e1lsamo de lim\u00f3n 120 dosis"},"content":{"rendered":"<div class=\"mb3\">\n<div class=\"dangerous-html mb3\">\n<p>Nuestro suplemento diet\u00e9tico en tabletas de melatonina extra potente de Spring Valley, 10 mg, puede ayudarle a superar esas noches inquietas y lograr la cantidad de sue\u00f1o que necesita para funcionar correctamente durante el d\u00eda.* Esta f\u00f3rmula extra potente proporciona 10 mg de melatonina y 1000 mcg de b\u00e1lsamo de lim\u00f3n por tableta. La melatonina es un compuesto natural producido por el cuerpo. Se ha asociado con ritmos corporales normales y patrones de sue\u00f1o\/vigilia.* El cuerpo libera melatonina de forma natural en respuesta a los cambios de luz, y como los niveles de melatonina aumentan durante la noche, este suplemento respalda esa funci\u00f3n natural.* El b\u00e1lsamo de lim\u00f3n es una hierba perenne de la familia de la menta que se ha utilizado durante miles de a\u00f1os con fines culinarios, cosm\u00e9ticos y medicinales. Con sus propiedades calmantes, la melatonina con b\u00e1lsamo de lim\u00f3n puede favorecer una respuesta saludable al estr\u00e9s y promover un sue\u00f1o reparador y de calidad.* Estas tabletas no contienen gluten, l\u00e1cteos, conservantes, colorantes, saborizantes ni edulcorantes artificiales, y son aptas para una dieta vegetariana. \u00a1Obtenga el descanso reparador que necesita con el suplemento diet\u00e9tico en tabletas de melatonina extra fuerte de Spring Valley, 10 mg!*<\/p>\n<p>Spring Valley entiende que vivir un estilo de vida saludable y equilibrado es la clave para ser lo mejor de uno mismo. Con una gama asequible de productos inspirados en la naturaleza, Spring Valley respalda su salud y su bienestar integral y el de su familia.<\/p>\n<\/div>\n<\/div>\n<div class=\"mb3\">\n<div class=\"dangerous-html mb3\">\n<ul>\n<li><strong>Suplemento diet\u00e9tico en tabletas de melatonina extrafuerte Spring Valley, 10 mg, 120 unidades:<\/strong><\/li>\n<li>Suplemento diet\u00e9tico de apoyo al sue\u00f1o*<\/li>\n<li>Formulaci\u00f3n extrafuerte<\/li>\n<li>10 mg de melatonina y 1.000 mcg de melisa por comprimido<\/li>\n<li>Sin gluten, l\u00e1cteos ni man\u00ed.<\/li>\n<li>Sin colorantes, sabores, edulcorantes ni conservantes artificiales.<\/li>\n<li>120 comprimidos vegetarianos por botella<\/li>\n<\/ul>\n<\/div>\n<\/div>\n","protected":false},"excerpt":{"rendered":"<p>Nuestro suplemento diet\u00e9tico en tabletas de melatonina extra potente de Spring Valley, 10 mg, puede ayudarle a superar esas noches inquietas y lograr la cantidad de<span class=\"excerpt-hellip\"> [\u2026]<\/span><\/p>\n","protected":false},"featured_media":6374,"comment_status":"open","ping_status":"closed","template":"","meta":{"_joinchat":[]},"product_brand":[],"product_cat":[84,75,26,27,81,70],"product_tag":[],"class_list":{"0":"post-6368","1":"product","2":"type-product","3":"status-publish","4":"has-post-thumbnail","6":"product_cat-melatonina-vitaminas-para-ellos","7":"product_cat-melatonina","8":"product_cat-para-ellas","9":"product_cat-para-ellos","10":"product_cat-vitaminas-para-ellos","11":"product_cat-vitaminas","13":"first","14":"outofstock","15":"shipping-taxable","16":"purchasable","17":"product-type-simple"},"_links":{"self":[{"href":"https:\/\/ofertasimportadas.cl\/index.php\/wp-json\/wp\/v2\/product\/6368","targetHints":{"allow":["GET"]}}],"collection":[{"href":"https:\/\/ofertasimportadas.cl\/index.php\/wp-json\/wp\/v2\/product"}],"about":[{"href":"https:\/\/ofertasimportadas.cl\/index.php\/wp-json\/wp\/v2\/types\/product"}],"replies":[{"embeddable":true,"href":"https:\/\/ofertasimportadas.cl\/index.php\/wp-json\/wp\/v2\/comments?post=6368"}],"wp:featuredmedia":[{"embeddable":true,"href":"https:\/\/ofertasimportadas.cl\/index.php\/wp-json\/wp\/v2\/media\/6374"}],"wp:attachment":[{"href":"https:\/\/ofertasimportadas.cl\/index.php\/wp-json\/wp\/v2\/media?parent=6368"}],"wp:term":[{"taxonomy":"product_brand","embeddable":true,"href":"https:\/\/ofertasimportadas.cl\/index.php\/wp-json\/wp\/v2\/product_brand?post=6368"},{"taxonomy":"product_cat","embeddable":true,"href":"https:\/\/ofertasimportadas.cl\/index.php\/wp-json\/wp\/v2\/product_cat?post=6368"},{"taxonomy":"product_tag","embeddable":true,"href":"https:\/\/ofertasimportadas.cl\/index.php\/wp-json\/wp\/v2\/product_tag?post=6368"}],"curies":[{"name":"wp","href":"https:\/\/api.w.org\/{rel}","templated":true}]}}