{"id":6386,"date":"2024-04-15T23:19:11","date_gmt":"2024-04-16T02:19:11","guid":{"rendered":"https:\/\/ofertasimportadas.cl\/?post_type=product&#038;p=6386"},"modified":"2026-05-12T10:39:56","modified_gmt":"2026-05-12T13:39:56","slug":"melatonina-spring-valley-12mg-60-pastillas-sabor-fresa","status":"publish","type":"product","link":"https:\/\/ofertasimportadas.cl\/index.php\/producto\/melatonina-spring-valley-12mg-60-pastillas-sabor-fresa\/","title":{"rendered":"Melatonina SPRING VALLEY 12mg 60 pastillas sabor fresa"},"content":{"rendered":"<div class=\"expand-collapse-header flex justify-between items-center w-100\">\n<h3 class=\"w-100 ma0 pa3 f5 lh-copy normal\" aria-hidden=\"false\">Detalles de producto<\/h3>\n<div class=\"pr3\"><\/div>\n<\/div>\n<div class=\"w_rNem expand-collapse-content\" data-testid=\"ui-collapse-panel\">\n<div class=\"ph3 pb4 pt1\">\n<div class=\"nb3\" data-testid=\"product-description-content\">\n<div class=\"mb3\">\n<div class=\"dangerous-html mb3\">\n<p>Nuestro suplemento diet\u00e9tico Spring Valley de melatonina ultrafuerte para mejorar el sue\u00f1o, tabletas de disoluci\u00f3n r\u00e1pida, est\u00e1n formulados para promover un sue\u00f1o reparador.* Cada tableta proporciona 12 miligramos de melatonina, un compuesto natural producido por el cuerpo que se ha asociado con los ritmos corporales normales y los patrones del sue\u00f1o\/vigilia..* Estas tabletas de alta potencia y r\u00e1pida disoluci\u00f3n tienen un delicioso sabor a fresa. Adem\u00e1s, no contienen gluten, lactosa, colorantes ni conservantes artificiales y son aptos para una dieta vegetariana. Los adultos deben tomar una tableta antes de acostarse o antes de acostarse para ayudar a regular los ciclos de sue\u00f1o y vigilia.* Puede estar seguro de que las tabletas de disoluci\u00f3n r\u00e1pida del suplemento diet\u00e9tico de apoyo al sue\u00f1o de melatonina ultrafuerte de Spring Valley se producen con estrictas pautas de calidad y est\u00e1n respaldadas por nuestra garant\u00eda de calidad. .<\/p>\n<p>Spring Valley entiende que vivir un estilo de vida saludable y equilibrado es la clave para ser lo mejor de uno mismo. Con una gama asequible de productos inspirados en la naturaleza, Spring Valley respalda su salud y su bienestar integral y el de su familia.<\/p>\n<\/div>\n<\/div>\n<div class=\"mb3\">\n<div class=\"dangerous-html mb3\">\n<ul>\n<li>Spring Valley Ultra Strength Melatonina Sleep Support Suplemento diet\u00e9tico Tabletas de disoluci\u00f3n r\u00e1pida, 12 mg, 60 unidades<\/li>\n<li>Suplemento diet\u00e9tico de apoyo al sue\u00f1o*<\/li>\n<li>Sin gluten, lactosa, colorantes artificiales, conservantes, jarabe de ma\u00edz con alto contenido de fructosa, man\u00ed ni soja.<\/li>\n<li>60 comprimidos por frasco para 2 meses de suministro<\/li>\n<li>F\u00f3rmula vegetariana<\/li>\n<li>Tabletas de r\u00e1pida disoluci\u00f3n con sabor a fresa (artificiales)<\/li>\n<li>12 mg de melatonina por comprimido<\/li>\n<li>Imagen de moneda de Estados Unidos de la Casa de la Moneda de Estados Unidos<\/li>\n<\/ul>\n<\/div>\n<\/div>\n<\/div>\n<\/div>\n<\/div>\n","protected":false},"excerpt":{"rendered":"<p>Detalles de producto Nuestro suplemento diet\u00e9tico Spring Valley de melatonina ultrafuerte para mejorar el sue\u00f1o, tabletas de disoluci\u00f3n r\u00e1pida, est\u00e1n formulados para promover un sue\u00f1o reparador.*<span class=\"excerpt-hellip\"> [\u2026]<\/span><\/p>\n","protected":false},"featured_media":6388,"comment_status":"open","ping_status":"closed","template":"","meta":{"_joinchat":[]},"product_brand":[],"product_cat":[84,75,26,27,101,81,70],"product_tag":[],"class_list":{"0":"post-6386","1":"product","2":"type-product","3":"status-publish","4":"has-post-thumbnail","6":"product_cat-melatonina-vitaminas-para-ellos","7":"product_cat-melatonina","8":"product_cat-para-ellas","9":"product_cat-para-ellos","10":"product_cat-todos-los-productos","11":"product_cat-vitaminas-para-ellos","12":"product_cat-vitaminas","14":"first","15":"instock","16":"shipping-taxable","17":"purchasable","18":"product-type-simple"},"_links":{"self":[{"href":"https:\/\/ofertasimportadas.cl\/index.php\/wp-json\/wp\/v2\/product\/6386","targetHints":{"allow":["GET"]}}],"collection":[{"href":"https:\/\/ofertasimportadas.cl\/index.php\/wp-json\/wp\/v2\/product"}],"about":[{"href":"https:\/\/ofertasimportadas.cl\/index.php\/wp-json\/wp\/v2\/types\/product"}],"replies":[{"embeddable":true,"href":"https:\/\/ofertasimportadas.cl\/index.php\/wp-json\/wp\/v2\/comments?post=6386"}],"wp:featuredmedia":[{"embeddable":true,"href":"https:\/\/ofertasimportadas.cl\/index.php\/wp-json\/wp\/v2\/media\/6388"}],"wp:attachment":[{"href":"https:\/\/ofertasimportadas.cl\/index.php\/wp-json\/wp\/v2\/media?parent=6386"}],"wp:term":[{"taxonomy":"product_brand","embeddable":true,"href":"https:\/\/ofertasimportadas.cl\/index.php\/wp-json\/wp\/v2\/product_brand?post=6386"},{"taxonomy":"product_cat","embeddable":true,"href":"https:\/\/ofertasimportadas.cl\/index.php\/wp-json\/wp\/v2\/product_cat?post=6386"},{"taxonomy":"product_tag","embeddable":true,"href":"https:\/\/ofertasimportadas.cl\/index.php\/wp-json\/wp\/v2\/product_tag?post=6386"}],"curies":[{"name":"wp","href":"https:\/\/api.w.org\/{rel}","templated":true}]}}