{"id":6637,"date":"2024-05-24T18:19:27","date_gmt":"2024-05-24T21:19:27","guid":{"rendered":"https:\/\/ofertasimportadas.cl\/?post_type=product&#038;p=6637"},"modified":"2026-04-28T01:01:10","modified_gmt":"2026-04-28T04:01:10","slug":"centrum-silver-unisex-50-anos-325-tabletas","status":"publish","type":"product","link":"https:\/\/ofertasimportadas.cl\/index.php\/producto\/centrum-silver-unisex-50-anos-325-tabletas\/","title":{"rendered":"Centrum Silver Unisex +50 a\u00f1os 325 tabletas"},"content":{"rendered":"<div id=\"nav-pdp-tab-header-3\" class=\"row active in\" tabindex=\"-1\">\n<div class=\"panel-body col-xs-12\">\n<div class=\"product-info-description\">\n<div id=\"SP_ProductImage\">Apoye la salud de todo el cuerpo con los suplementos multivitam\u00ednicos Centrum Silver. Este multivitam\u00ednico para adultos es el mismo Centrum que conoce y en el que conf\u00eda, ahora con niveles m\u00e1s altos de ingredientes de apoyo inmunol\u00f3gico en comparaci\u00f3n con Centrum Silver Adultos\u00a0<sup>1<\/sup>\u00a0. Solo un multivitam\u00ednico diario contiene 150 por ciento del valor diario de vitamina C y 200 por ciento del valor diario de zinc para el apoyo inmunol\u00f3gico, junto con vitaminas B y otros nutrientes para satisfacer las necesidades de su cuerpo\u00a0<sup>1<\/sup>\u00a0.<\/div>\n<ul>\n<li>Envase de 325 unidades de multivitam\u00ednico Centrum Silver para adultos +50 a\u00f1os.<\/li>\n<li>Centrum Silver es la marca multivitam\u00ednica n\u00famero uno recomendada por los m\u00e9dicos y ahora se ha demostrado que respalda la memoria y la cognici\u00f3n en adultos mayores\u00a0<sup>1<\/sup><\/li>\n<li>Adem\u00e1s, respalda la memoria y la cognici\u00f3n a medida que envejece (1) y contiene vitaminas B para promover la funci\u00f3n cerebral y la salud del coraz\u00f3n, y vitaminas A, C y E para respaldar la salud de los ojos\u00a0<sup>1<\/sup><\/li>\n<li>Libre de gluten, con 150% del valor diario de vitamina C y 200 por ciento del valor diario de zinc para apoyo inmunol\u00f3gico <sup>1<\/sup><\/li>\n<li>Multivitam\u00ednico senior en forma de tableta c\u00f3moda y port\u00e1til<\/li>\n<\/ul>\n<div>\n<p><strong>Uso sugerido:<\/strong>\u00a0Adultos: Tomar una (1) tableta al d\u00eda con las comidas. No formulado para su uso en ni\u00f1os. No exceda el uso sugerido. Como ocurre con cualquier suplemento, si est\u00e1 embarazada, amamantando o tomando medicamentos, consulte a su m\u00e9dico antes de usarlo.<\/p>\n<p><strong>Ingredientes:<\/strong>\u00a0Carbonato de calcio, cloruro de potasio, \u00e1cido asc\u00f3rbico (vitamina C), fosfato de calcio dib\u00e1sico, \u00f3xido de magnesio, celulosa microcristalina, acetato de DL-alfa tocoferilo (vitamina E), maltodextrina, \u00f3xido de zinc. Contiene &lt;2%: betacaroteno, biotina, laca Blue 2, pantotenato de calcio (vitamina B5), colecalciferol (vitamina D3), picolinato de cromo, sulfato de cobre, crospovidona, cianocobalamina (vitamina B12), \u00e1cido f\u00f3lico, hipromelosa, estearato de magnesio. Sulfato de manganeso, triglic\u00e9ridos de cadena media, niacinamida, fitonadiona (vitamina K), polidextrosa, yoduro de potasio, clorhidrato de piridoxina (vitamina B6), laca roja 40, riboflavina (vitamina B2), di\u00f3xido de silicio, molibdato de sodio, selenato de sodio, talco, tiamina. Mononitrato (Vitamina B1), Di\u00f3xido de titanio, Acetato de vitamina A, Laca amarilla 6.<\/p>\n<p><strong>Advertencias:<\/strong>\u00a0Si toma otros suplementos, lea la etiqueta, ya que los suplementos pueden contener el mismo ingrediente. No lo use con otros productos que contengan zinc. Mantener fuera del alcance de los ni\u00f1os.<\/p>\n<\/div>\n<\/div>\n<\/div>\n<\/div>\n","protected":false},"excerpt":{"rendered":"<p>Apoye la salud de todo el cuerpo con los suplementos multivitam\u00ednicos Centrum Silver. Este multivitam\u00ednico para adultos es el mismo Centrum que conoce y en el<span class=\"excerpt-hellip\"> [\u2026]<\/span><\/p>\n","protected":false},"featured_media":6641,"comment_status":"open","ping_status":"closed","template":"","meta":{"_joinchat":[]},"product_brand":[],"product_cat":[82,73,26,27,101,81,70],"product_tag":[],"class_list":{"0":"post-6637","1":"product","2":"type-product","3":"status-publish","4":"has-post-thumbnail","6":"product_cat-multivitaminicos-vitaminas-para-ellos","7":"product_cat-multivitaminicos","8":"product_cat-para-ellas","9":"product_cat-para-ellos","10":"product_cat-todos-los-productos","11":"product_cat-vitaminas-para-ellos","12":"product_cat-vitaminas","14":"first","15":"instock","16":"shipping-taxable","17":"purchasable","18":"product-type-simple"},"_links":{"self":[{"href":"https:\/\/ofertasimportadas.cl\/index.php\/wp-json\/wp\/v2\/product\/6637","targetHints":{"allow":["GET"]}}],"collection":[{"href":"https:\/\/ofertasimportadas.cl\/index.php\/wp-json\/wp\/v2\/product"}],"about":[{"href":"https:\/\/ofertasimportadas.cl\/index.php\/wp-json\/wp\/v2\/types\/product"}],"replies":[{"embeddable":true,"href":"https:\/\/ofertasimportadas.cl\/index.php\/wp-json\/wp\/v2\/comments?post=6637"}],"wp:featuredmedia":[{"embeddable":true,"href":"https:\/\/ofertasimportadas.cl\/index.php\/wp-json\/wp\/v2\/media\/6641"}],"wp:attachment":[{"href":"https:\/\/ofertasimportadas.cl\/index.php\/wp-json\/wp\/v2\/media?parent=6637"}],"wp:term":[{"taxonomy":"product_brand","embeddable":true,"href":"https:\/\/ofertasimportadas.cl\/index.php\/wp-json\/wp\/v2\/product_brand?post=6637"},{"taxonomy":"product_cat","embeddable":true,"href":"https:\/\/ofertasimportadas.cl\/index.php\/wp-json\/wp\/v2\/product_cat?post=6637"},{"taxonomy":"product_tag","embeddable":true,"href":"https:\/\/ofertasimportadas.cl\/index.php\/wp-json\/wp\/v2\/product_tag?post=6637"}],"curies":[{"name":"wp","href":"https:\/\/api.w.org\/{rel}","templated":true}]}}