{"id":6896,"date":"2024-06-30T23:27:25","date_gmt":"2024-07-01T02:27:25","guid":{"rendered":"https:\/\/ofertasimportadas.cl\/?post_type=product&#038;p=6896"},"modified":"2025-08-04T12:14:07","modified_gmt":"2025-08-04T15:14:07","slug":"biotina-spring-valley-10000mcg-con-queratina-60-tabletas","status":"publish","type":"product","link":"https:\/\/ofertasimportadas.cl\/index.php\/producto\/biotina-spring-valley-10000mcg-con-queratina-60-tabletas\/","title":{"rendered":"Biotina SPRING VALLEY 10000mcg con Queratina 60 tabletas"},"content":{"rendered":"<div class=\"mb3\">\n<div class=\"dangerous-html mb3\">\n<p><span>Nuestras tabletas de biotina m\u00e1s queratina de fuerza extra de Spring Valley, 10 000 mcg, son un suplemento diet\u00e9tico formulado para apoyar la salud del cabello, la piel y las u\u00f1as.* La biotina es una vitamina B que puede ayudar a mantener un metabolismo energ\u00e9tico saludable, y la combinaci\u00f3n de biotina y queratina puede ayudar a mantener un cabello, una piel y unas u\u00f1as saludables.* Estas tabletas no contienen gluten, lactosa, colorantes sint\u00e9ticos ni sabores artificiales. La dosis sugerida para adultos es una tableta por d\u00eda con la comida. Puede estar seguro de que el suplemento diet\u00e9tico de tabletas de biotina m\u00e1s queratina de fuerza extra de Spring Valley, 10 000 mcg, 60 unidades, se produce con estrictas pautas de calidad y est\u00e1 respaldado por nuestra garant\u00eda de calidad.<\/span><\/p>\n<p><span>Spring Valley entiende que llevar un estilo de vida saludable y equilibrado es la clave para ser la mejor versi\u00f3n de uno mismo. Con una gama asequible de productos inspirados en la naturaleza, Spring Valley apoya la salud y el bienestar hol\u00edstico de usted y su familia.<\/span><\/p>\n<\/div>\n<\/div>\n<div class=\"mb3\">\n<div class=\"dangerous-html mb3\">\n<ul>\n<li><span>Suplemento diet\u00e9tico de tabletas de biotina m\u00e1s queratina extra fuerte de Spring Valley, 10,000 mcg, 60 unidades<\/span><\/li>\n<li><span>Suplemento diet\u00e9tico para apoyar la salud del cabello, la piel y las u\u00f1as*<\/span><\/li>\n<li><span>F\u00f3rmula extrafuerte: 10.000 mcg de biotina y 100 mg de queratina por comprimido<\/span><\/li>\n<li><span>Sin gluten, lactosa, colorantes sint\u00e9ticos ni sabores artificiales.<\/span><\/li>\n<li><span>1 tableta por d\u00eda<\/span><\/li>\n<li><span>60 comprimidos por frasco para 2 meses de suministro<\/span><\/li>\n<li><span>Imagen de moneda de Estados Unidos de la Casa de la Moneda de Estados Unidos<\/span><\/li>\n<\/ul>\n<\/div>\n<\/div>\n","protected":false},"excerpt":{"rendered":"<p>Nuestras tabletas de biotina m\u00e1s queratina de fuerza extra de Spring Valley, 10 000 mcg, son un suplemento diet\u00e9tico formulado para apoyar la salud del cabello,<span class=\"excerpt-hellip\"> [\u2026]<\/span><\/p>\n","protected":false},"featured_media":6903,"comment_status":"open","ping_status":"closed","template":"","meta":{"_joinchat":[]},"product_brand":[],"product_cat":[15],"product_tag":[],"class_list":{"0":"post-6896","1":"product","2":"type-product","3":"status-publish","4":"has-post-thumbnail","6":"product_cat-sin-categoria","8":"first","9":"outofstock","10":"shipping-taxable","11":"purchasable","12":"product-type-simple"},"_links":{"self":[{"href":"https:\/\/ofertasimportadas.cl\/index.php\/wp-json\/wp\/v2\/product\/6896","targetHints":{"allow":["GET"]}}],"collection":[{"href":"https:\/\/ofertasimportadas.cl\/index.php\/wp-json\/wp\/v2\/product"}],"about":[{"href":"https:\/\/ofertasimportadas.cl\/index.php\/wp-json\/wp\/v2\/types\/product"}],"replies":[{"embeddable":true,"href":"https:\/\/ofertasimportadas.cl\/index.php\/wp-json\/wp\/v2\/comments?post=6896"}],"wp:featuredmedia":[{"embeddable":true,"href":"https:\/\/ofertasimportadas.cl\/index.php\/wp-json\/wp\/v2\/media\/6903"}],"wp:attachment":[{"href":"https:\/\/ofertasimportadas.cl\/index.php\/wp-json\/wp\/v2\/media?parent=6896"}],"wp:term":[{"taxonomy":"product_brand","embeddable":true,"href":"https:\/\/ofertasimportadas.cl\/index.php\/wp-json\/wp\/v2\/product_brand?post=6896"},{"taxonomy":"product_cat","embeddable":true,"href":"https:\/\/ofertasimportadas.cl\/index.php\/wp-json\/wp\/v2\/product_cat?post=6896"},{"taxonomy":"product_tag","embeddable":true,"href":"https:\/\/ofertasimportadas.cl\/index.php\/wp-json\/wp\/v2\/product_tag?post=6896"}],"curies":[{"name":"wp","href":"https:\/\/api.w.org\/{rel}","templated":true}]}}